{"id":1870,"date":"2024-04-05T09:24:26","date_gmt":"2024-04-05T09:24:26","guid":{"rendered":"https:\/\/apfiacare.com\/produse\/"},"modified":"2026-01-15T07:31:44","modified_gmt":"2026-01-15T07:31:44","slug":"produse","status":"publish","type":"page","link":"http:\/\/apfiacare.com\/ro\/produse\/","title":{"rendered":"Produse"},"content":{"rendered":"\t\t<div data-elementor-type=\"wp-page\" data-elementor-id=\"1870\" class=\"elementor elementor-1870 elementor-18\" data-elementor-post-type=\"page\">\n\t\t\t\t<div class=\"elementor-element elementor-element-9ebb14c e-flex e-con-boxed e-con e-parent\" data-id=\"9ebb14c\" data-element_type=\"container\" data-settings=\"{&quot;background_background&quot;:&quot;classic&quot;}\">\n\t\t\t\t\t<div class=\"e-con-inner\">\n\t\t\t\t<div class=\"elementor-element elementor-element-bc9fd35 elementor-widget elementor-widget-text-editor\" data-id=\"bc9fd35\" data-element_type=\"widget\" data-widget_type=\"text-editor.default\">\n\t\t\t\t<div class=\"elementor-widget-container\">\n\t\t\t<style>\/*! elementor - v3.21.0 - 25-04-2024 *\/\n.elementor-widget-text-editor.elementor-drop-cap-view-stacked .elementor-drop-cap{background-color:#69727d;color:#fff}.elementor-widget-text-editor.elementor-drop-cap-view-framed .elementor-drop-cap{color:#69727d;border:3px solid;background-color:transparent}.elementor-widget-text-editor:not(.elementor-drop-cap-view-default) .elementor-drop-cap{margin-top:8px}.elementor-widget-text-editor:not(.elementor-drop-cap-view-default) .elementor-drop-cap-letter{width:1em;height:1em}.elementor-widget-text-editor .elementor-drop-cap{float:left;text-align:center;line-height:1;font-size:50px}.elementor-widget-text-editor .elementor-drop-cap-letter{display:inline-block}<\/style>\t\t\t\t<p><a href=\"https:\/\/apfiacare.com\/ro\/\">Acas\u0103<\/a> \/ Produse<\/p>\t\t\t\t\t\t<\/div>\n\t\t\t\t<\/div>\n\t\t\t\t\t<\/div>\n\t\t\t\t<\/div>\n\t\t<div class=\"elementor-element elementor-element-ca95fe5 e-flex e-con-boxed e-con e-parent\" data-id=\"ca95fe5\" data-element_type=\"container\" data-settings=\"{&quot;background_background&quot;:&quot;classic&quot;}\">\n\t\t\t\t\t<div class=\"e-con-inner\">\n\t\t<div class=\"elementor-element elementor-element-81af132 e-con-full e-flex e-con e-child\" data-id=\"81af132\" data-element_type=\"container\" data-settings=\"{&quot;background_background&quot;:&quot;classic&quot;}\">\n\t\t\t\t<div class=\"elementor-element elementor-element-c701e2f elementor-widget elementor-widget-heading\" data-id=\"c701e2f\" data-element_type=\"widget\" data-widget_type=\"heading.default\">\n\t\t\t\t<div class=\"elementor-widget-container\">\n\t\t\t<style>\/*! elementor - v3.21.0 - 25-04-2024 *\/\n.elementor-heading-title{padding:0;margin:0;line-height:1}.elementor-widget-heading .elementor-heading-title[class*=elementor-size-]>a{color:inherit;font-size:inherit;line-height:inherit}.elementor-widget-heading .elementor-heading-title.elementor-size-small{font-size:15px}.elementor-widget-heading .elementor-heading-title.elementor-size-medium{font-size:19px}.elementor-widget-heading .elementor-heading-title.elementor-size-large{font-size:29px}.elementor-widget-heading .elementor-heading-title.elementor-size-xl{font-size:39px}.elementor-widget-heading .elementor-heading-title.elementor-size-xxl{font-size:59px}<\/style><h3 class=\"elementor-heading-title elementor-size-default\">\u00cengrijire personal\u0103<br><\/h3>\t\t<\/div>\n\t\t\t\t<\/div>\n\t\t\t\t<div class=\"elementor-element elementor-element-da1edc0 elementor-view-default elementor-widget elementor-widget-icon\" data-id=\"da1edc0\" data-element_type=\"widget\" data-widget_type=\"icon.default\">\n\t\t\t\t<div class=\"elementor-widget-container\">\n\t\t\t\t\t<div class=\"elementor-icon-wrapper\">\n\t\t\t<div class=\"elementor-icon\">\n\t\t\t<svg xmlns=\"http:\/\/www.w3.org\/2000\/svg\" id=\"Layer_1\" data-name=\"Layer 1\" viewBox=\"0 0 1080 1080\"><defs><style>      .cls-1 {        fill: #07abbc;      }      .cls-2 {        fill: #28316d;      }      .cls-3 {        fill: #262f6e;      }    <\/style><\/defs><g><path class=\"cls-1\" d=\"M555.81,730.58c-8.33,7.09-20.43,7.09-28.74-.02-126.58-108.24-271.81,29.47-146.85,154.43l113.76,113.76c25.41,25.41,66.62,25.41,92.03,0l113.76-113.76c124.05-124.05-18.05-261.71-143.97-154.41Z\"><\/path><path class=\"cls-2\" d=\"M530.42,427.52c-163.26,0-288.47,68.65-352.72,193.5-65.43,127.15-52.25,280.15-2.53,349,12.16,16.84,31.17,25.78,50.45,25.78,12.61,0,25.34-3.83,36.34-11.78,27.84-20.1,34.11-58.95,14-86.79-17.56-24.32-34.56-128.26,12.3-219.31,43.05-83.66,124.46-126.06,242-126.06h2.58c125.27.66,215.26,46.31,260.28,132.03,42.91,81.71,32.21,177.39,8.4,212.3-19.33,28.36-12.02,67.04,16.34,86.38,10.73,7.31,22.91,10.81,34.97,10.81,19.86,0,39.38-9.49,51.41-27.15,48.64-71.33,64.79-214.76-1.05-340.13-38.67-73.63-138.12-197.35-369.7-198.56-1.04-.01-2.05-.01-3.08-.01M530.42,454.99h2.93c217.23,1.15,309.73,115.69,345.53,183.87,58.64,111.67,47.41,246.27,2.68,311.88-6.47,9.49-17.21,15.15-28.73,15.15-6.96,0-13.7-2.08-19.5-6.02-7.65-5.22-12.82-13.11-14.54-22.23-1.73-9.1.2-18.33,5.42-25.98,28.31-41.52,41.71-148.22-6.79-240.55-50.03-95.28-148.4-146.02-284.41-146.73h-2.77c-128.65,0-218.3,47.42-266.43,140.96-51.69,100.44-34.07,214.81-10.13,247.97,5.42,7.51,7.6,16.68,6.12,25.83-1.48,9.15-6.42,17.18-13.94,22.6-5.96,4.31-12.96,6.57-20.26,6.57-11.14,0-21.68-5.37-28.17-14.39-45.18-62.53-54.07-206.19,4.68-320.35,59.27-115.18,175.86-178.6,328.29-178.6\"><\/path><\/g><path class=\"cls-3\" d=\"M539.92,102.18c35.71,0,69.28,13.91,94.53,39.15,25.25,25.25,39.15,58.82,39.15,94.53s-13.91,69.28-39.15,94.53c-25.25,25.25-58.82,39.15-94.53,39.15s-69.28-13.91-94.53-39.15c-25.25-25.25-39.15-58.82-39.15-94.53s13.91-69.28,39.15-94.53c25.25-25.25,58.82-39.15,94.53-39.15M539.92,74.18c-89.29,0-161.68,72.39-161.68,161.68s72.39,161.68,161.68,161.68,161.68-72.39,161.68-161.68-72.39-161.68-161.68-161.68h0Z\"><\/path><\/svg>\t\t\t<\/div>\n\t\t<\/div>\n\t\t\t\t<\/div>\n\t\t\t\t<\/div>\n\t\t\t\t<div class=\"elementor-element elementor-element-e8e47b7 elementor-widget elementor-widget-text-editor\" data-id=\"e8e47b7\" data-element_type=\"widget\" data-widget_type=\"text-editor.default\">\n\t\t\t\t<div class=\"elementor-widget-container\">\n\t\t\t\t\t\t\tDescoper\u0103 gama\nde produse pentru <br>\u00eengrijire personal\u0103, alese\nspecial pentru <br> momentele diverse \u00een care via\u021ba poate fi mai u\u0219oar\u0103.\t\t\t\t\t\t<\/div>\n\t\t\t\t<\/div>\n\t\t\t\t<div class=\"elementor-element elementor-element-e54175a elementor-align-center elementor-invisible elementor-widget elementor-widget-button\" data-id=\"e54175a\" data-element_type=\"widget\" data-settings=\"{&quot;_animation&quot;:&quot;fadeInUp&quot;}\" data-widget_type=\"button.default\">\n\t\t\t\t<div class=\"elementor-widget-container\">\n\t\t\t\t\t<div class=\"elementor-button-wrapper\">\n\t\t\t<a class=\"elementor-button elementor-button-link elementor-size-sm\" href=\"https:\/\/apfiacare.com\/ro\/ingrijire-personala\/\">\n\t\t\t\t\t\t<span class=\"elementor-button-content-wrapper\">\n\t\t\t\t\t\t\t\t\t<span class=\"elementor-button-text\">Vezi produse<\/span>\n\t\t\t\t\t<\/span>\n\t\t\t\t\t<\/a>\n\t\t<\/div>\n\t\t\t\t<\/div>\n\t\t\t\t<\/div>\n\t\t\t\t<\/div>\n\t\t<div class=\"elementor-element elementor-element-3a5b254 e-con-full elementor-hidden-tablet elementor-hidden-mobile e-flex e-con e-child\" data-id=\"3a5b254\" data-element_type=\"container\" data-settings=\"{&quot;background_background&quot;:&quot;classic&quot;}\">\n\t\t\t\t<div class=\"elementor-element elementor-element-3d554b9 elementor-widget__width-initial elementor-widget elementor-widget-spacer\" data-id=\"3d554b9\" data-element_type=\"widget\" data-widget_type=\"spacer.default\">\n\t\t\t\t<div class=\"elementor-widget-container\">\n\t\t\t<style>\/*! elementor - v3.21.0 - 25-04-2024 *\/\n.elementor-column .elementor-spacer-inner{height:var(--spacer-size)}.e-con{--container-widget-width:100%}.e-con-inner>.elementor-widget-spacer,.e-con>.elementor-widget-spacer{width:var(--container-widget-width,var(--spacer-size));--align-self:var(--container-widget-align-self,initial);--flex-shrink:0}.e-con-inner>.elementor-widget-spacer>.elementor-widget-container,.e-con>.elementor-widget-spacer>.elementor-widget-container{height:100%;width:100%}.e-con-inner>.elementor-widget-spacer>.elementor-widget-container>.elementor-spacer,.e-con>.elementor-widget-spacer>.elementor-widget-container>.elementor-spacer{height:100%}.e-con-inner>.elementor-widget-spacer>.elementor-widget-container>.elementor-spacer>.elementor-spacer-inner,.e-con>.elementor-widget-spacer>.elementor-widget-container>.elementor-spacer>.elementor-spacer-inner{height:var(--container-widget-height,var(--spacer-size))}.e-con-inner>.elementor-widget-spacer.elementor-widget-empty,.e-con>.elementor-widget-spacer.elementor-widget-empty{position:relative;min-height:22px;min-width:22px}.e-con-inner>.elementor-widget-spacer.elementor-widget-empty .elementor-widget-empty-icon,.e-con>.elementor-widget-spacer.elementor-widget-empty .elementor-widget-empty-icon{position:absolute;top:0;bottom:0;left:0;right:0;margin:auto;padding:0;width:22px;height:22px}<\/style>\t\t<div class=\"elementor-spacer\">\n\t\t\t<div class=\"elementor-spacer-inner\"><\/div>\n\t\t<\/div>\n\t\t\t\t<\/div>\n\t\t\t\t<\/div>\n\t\t\t\t<\/div>\n\t\t<div class=\"elementor-element elementor-element-7024647 e-con-full e-flex e-con e-child\" data-id=\"7024647\" data-element_type=\"container\" data-settings=\"{&quot;background_background&quot;:&quot;classic&quot;}\">\n\t\t\t\t<div class=\"elementor-element elementor-element-c699708 elementor-widget elementor-widget-heading\" data-id=\"c699708\" data-element_type=\"widget\" data-widget_type=\"heading.default\">\n\t\t\t\t<div class=\"elementor-widget-container\">\n\t\t\t<h3 class=\"elementor-heading-title elementor-size-default\">\u00cengrijire bebe<br><\/h3>\t\t<\/div>\n\t\t\t\t<\/div>\n\t\t\t\t<div class=\"elementor-element elementor-element-793ecb5 elementor-view-default elementor-widget elementor-widget-icon\" data-id=\"793ecb5\" data-element_type=\"widget\" data-widget_type=\"icon.default\">\n\t\t\t\t<div class=\"elementor-widget-container\">\n\t\t\t\t\t<div class=\"elementor-icon-wrapper\">\n\t\t\t<div class=\"elementor-icon\">\n\t\t\t<svg xmlns=\"http:\/\/www.w3.org\/2000\/svg\" id=\"Layer_1\" data-name=\"Layer 1\" viewBox=\"0 0 1080 1080\"><defs><style>      .cls-1 {        fill: #07abbc;      }      .cls-2 {        fill: #28316d;      }    <\/style><\/defs><path class=\"cls-2\" d=\"M383.66,62.19c-37.05,0-67.09,30.4-67.09,67.89s30.04,67.88,67.09,67.88c.97,0,1.94-.03,2.9-.07-1.87,9.7-2.87,19.7-2.87,29.94,0,86.08,68.95,155.84,154.01,155.84s154-69.76,154-155.84-68.95-155.83-154-155.83c-34.69,0-66.69,11.61-92.44,31.19-10.3-24.11-33.99-41-61.6-41M383.66,88.53c16.4,0,31.2,9.85,37.72,25.09l13.1,30.7,26.42-20.09c22.28-16.94,48.83-25.91,76.8-25.91,70.57,0,127.98,58.1,127.98,129.5s-57.41,129.51-127.98,129.51-127.99-58.1-127.99-129.51c0-8.28.8-16.66,2.39-24.91l6.31-32.77-32.96,1.43c-.59.03-1.19.06-1.79.06-22.64,0-41.07-18.65-41.07-41.55s18.43-41.55,41.07-41.55\"><\/path><path class=\"cls-2\" d=\"M537.14,414.69c-154.67,0-273.28,65.82-334.15,185.5-61.99,121.88-49.5,268.56-2.39,334.57,11.51,16.13,29.51,24.71,47.79,24.71,11.94,0,24.01-3.66,34.43-11.28,26.37-19.27,32.3-56.52,13.26-83.2-16.63-23.32-32.74-122.96,11.65-210.25,40.78-80.19,117.91-120.84,229.25-120.84h2.44c118.67.64,203.93,44.4,246.58,126.57,40.65,78.33,30.51,170.06,7.95,203.52-18.32,27.18-11.38,64.27,15.49,82.81,10.17,7.01,21.71,10.37,33.13,10.37,18.82,0,37.31-9.11,48.72-26.04,46.07-68.36,61.37-205.88-1-326.06-36.63-70.59-130.85-189.19-350.24-190.35-.99-.01-1.94-.01-2.92-.01M537.14,441.03h2.79c205.79,1.1,293.41,110.9,327.32,176.26,55.57,107.06,44.93,236.09,2.55,298.99-6.13,9.09-16.3,14.53-27.21,14.53-6.59,0-12.98-2-18.46-5.78-14.99-10.34-18.86-31.07-8.65-46.23,26.82-39.79,39.52-142.07-6.42-230.58-47.4-91.34-140.59-139.97-269.43-140.66h-2.63c-121.88-.01-206.79,45.46-252.4,135.12-48.96,96.27-32.27,205.92-9.59,237.71,5.13,7.21,7.21,16,5.81,24.77-1.4,8.78-6.09,16.47-13.21,21.68-5.63,4.12-12.27,6.29-19.19,6.29-10.55,0-20.53-5.15-26.7-13.78-42.8-59.96-51.22-197.65,4.43-307.1,56.15-110.42,166.61-171.22,311.02-171.22\"><\/path><g><path class=\"cls-1\" d=\"M787.73,775.33c0-15.24-5.87-29.59-16.52-40.35-10.65-10.78-24.81-16.72-39.88-16.72s-29.24,5.94-39.88,16.72c-19.32,19.53-41.72,34.73-66.57,45.15-24.88,10.43-51.35,15.72-78.65,15.72s-53.79-5.29-78.66-15.72c-24.86-10.42-47.27-25.61-66.59-45.15-10.63-10.78-24.81-16.72-39.88-16.72s-29.22,5.94-39.88,16.72c-10.65,10.78-16.51,25.11-16.51,40.35s5.86,29.57,16.51,40.35c28.24,28.57,60.87,51.15,97.12,67.18v96.86c0,4.16,1.96,8.06,5.25,10.54,1.5,1.11,37.81,27.55,122.63,27.55s121.12-26.44,122.62-27.55c3.31-2.48,5.25-6.38,5.25-10.54v-96.86c36.25-16.03,68.88-38.61,97.12-67.16,10.65-10.79,16.52-25.13,16.52-40.37Z\"><\/path><path class=\"cls-1\" d=\"M543.16,774.67c55.73,0,100.92-45.72,100.92-102.12s-45.19-102.12-100.92-102.12-100.92,45.71-100.92,102.12,45.18,102.12,100.92,102.12Z\"><\/path><\/g><\/svg>\t\t\t<\/div>\n\t\t<\/div>\n\t\t\t\t<\/div>\n\t\t\t\t<\/div>\n\t\t\t\t<div class=\"elementor-element elementor-element-bfd9d43 elementor-widget elementor-widget-text-editor\" data-id=\"bfd9d43\" data-element_type=\"widget\" data-widget_type=\"text-editor.default\">\n\t\t\t\t<div class=\"elementor-widget-container\">\n\t\t\t\t\t\t\tPentru atenta \u00eengrijire\na celor mici <br>am preg\u0103tit\no gam\u0103 de produse care <br>r\u0103spund provoc\u0103rilor de zi cu zi.\t\t\t\t\t\t<\/div>\n\t\t\t\t<\/div>\n\t\t\t\t<div class=\"elementor-element elementor-element-7d85408 elementor-align-center elementor-invisible elementor-widget elementor-widget-button\" data-id=\"7d85408\" data-element_type=\"widget\" data-settings=\"{&quot;_animation&quot;:&quot;fadeInUp&quot;}\" data-widget_type=\"button.default\">\n\t\t\t\t<div class=\"elementor-widget-container\">\n\t\t\t\t\t<div class=\"elementor-button-wrapper\">\n\t\t\t<a class=\"elementor-button elementor-button-link elementor-size-sm\" href=\"https:\/\/apfiacare.com\/ro\/ingrijire-bebe\/\">\n\t\t\t\t\t\t<span class=\"elementor-button-content-wrapper\">\n\t\t\t\t\t\t\t\t\t<span class=\"elementor-button-text\">Vezi produse<\/span>\n\t\t\t\t\t<\/span>\n\t\t\t\t\t<\/a>\n\t\t<\/div>\n\t\t\t\t<\/div>\n\t\t\t\t<\/div>\n\t\t\t\t<\/div>\n\t\t<div class=\"elementor-element elementor-element-85db0ec e-con-full elementor-hidden-tablet elementor-hidden-mobile e-flex e-con e-child\" data-id=\"85db0ec\" data-element_type=\"container\" data-settings=\"{&quot;background_background&quot;:&quot;classic&quot;}\">\n\t\t\t\t<div class=\"elementor-element elementor-element-f24872e elementor-widget__width-initial elementor-widget elementor-widget-spacer\" data-id=\"f24872e\" data-element_type=\"widget\" data-widget_type=\"spacer.default\">\n\t\t\t\t<div class=\"elementor-widget-container\">\n\t\t\t\t\t<div class=\"elementor-spacer\">\n\t\t\t<div class=\"elementor-spacer-inner\"><\/div>\n\t\t<\/div>\n\t\t\t\t<\/div>\n\t\t\t\t<\/div>\n\t\t\t\t<\/div>\n\t\t<div class=\"elementor-element elementor-element-b51a64e e-con-full e-flex e-con e-child\" data-id=\"b51a64e\" data-element_type=\"container\" data-settings=\"{&quot;background_background&quot;:&quot;classic&quot;}\">\n\t\t\t\t<div class=\"elementor-element elementor-element-9d3adec elementor-widget elementor-widget-heading\" data-id=\"9d3adec\" data-element_type=\"widget\" data-widget_type=\"heading.default\">\n\t\t\t\t<div class=\"elementor-widget-container\">\n\t\t\t<h3 class=\"elementor-heading-title elementor-size-default\">Detergen\u021bi ECO <br>pentru bebelu\u0219i<\/h3>\t\t<\/div>\n\t\t\t\t<\/div>\n\t\t\t\t<div class=\"elementor-element elementor-element-3c8ece2 elementor-view-default elementor-widget elementor-widget-icon\" data-id=\"3c8ece2\" data-element_type=\"widget\" data-widget_type=\"icon.default\">\n\t\t\t\t<div class=\"elementor-widget-container\">\n\t\t\t\t\t<div class=\"elementor-icon-wrapper\">\n\t\t\t<div class=\"elementor-icon\">\n\t\t\t<svg xmlns=\"http:\/\/www.w3.org\/2000\/svg\" id=\"Layer_1\" data-name=\"Layer 1\" viewBox=\"0 0 1080 1080\"><defs><style>      .cls-1 {        fill: #07abbc;      }      .cls-2 {        fill: #28316d;      }    <\/style><\/defs><g><path class=\"cls-2\" d=\"M377.09,62.19c-39.11,0-70.81,31.71-70.81,70.81s31.71,70.82,70.81,70.82c1.03,0,2.04-.04,3.07-.09-1.98,10.12-3.03,20.55-3.03,31.24,0,89.78,72.78,162.56,162.56,162.56s162.56-72.78,162.56-162.56-72.78-162.56-162.56-162.56c-36.61,0-70.4,12.11-97.57,32.53-10.87-25.16-35.89-42.76-65.03-42.76M377.09,89.66c17.32,0,32.93,10.28,39.81,26.18l13.84,32.02,27.89-20.95c23.53-17.68,51.55-27.02,81.07-27.02,74.49,0,135.09,60.59,135.09,135.09s-60.59,135.1-135.09,135.1-135.1-60.61-135.1-135.1c0-8.64.85-17.38,2.53-25.98l6.65-34.18-34.79,1.49c-.63.03-1.25.05-1.89.05-23.9,0-43.34-19.45-43.34-43.35s19.43-43.34,43.34-43.34\"><\/path><path class=\"cls-2\" d=\"M530.42,427.52c-163.26,0-288.47,68.65-352.72,193.5-65.43,127.15-52.25,280.15-2.53,349,12.16,16.84,31.17,25.78,50.45,25.78,12.61,0,25.34-3.83,36.34-11.78,27.84-20.1,34.11-58.95,14-86.79-17.56-24.32-34.56-128.26,12.3-219.31,43.05-83.66,124.46-126.06,242-126.06h2.58c125.27.66,215.26,46.31,260.28,132.03,42.91,81.71,32.21,177.39,8.4,212.3-19.33,28.36-12.02,67.04,16.34,86.38,10.73,7.31,22.91,10.81,34.97,10.81,19.86,0,39.38-9.49,51.41-27.15,48.64-71.33,64.79-214.76-1.05-340.13-38.67-73.63-138.12-197.35-369.7-198.56-1.04-.01-2.05-.01-3.08-.01M530.42,454.99h2.93c217.23,1.15,309.73,115.69,345.53,183.87,58.64,111.67,47.41,246.27,2.68,311.88-6.47,9.49-17.21,15.15-28.73,15.15-6.96,0-13.7-2.08-19.5-6.02-7.65-5.22-12.82-13.11-14.54-22.23-1.73-9.1.2-18.33,5.42-25.98,28.31-41.52,41.71-148.22-6.79-240.55-50.03-95.28-148.4-146.02-284.41-146.73h-2.77c-128.65,0-218.3,47.42-266.43,140.96-51.69,100.44-34.07,214.81-10.13,247.97,5.42,7.51,7.6,16.68,6.12,25.83-1.48,9.15-6.42,17.18-13.94,22.6-5.96,4.31-12.96,6.57-20.26,6.57-11.14,0-21.68-5.37-28.17-14.39-45.18-62.53-54.07-206.19,4.68-320.35,59.27-115.18,175.86-178.6,328.29-178.6\"><\/path><\/g><g><path class=\"cls-1\" d=\"M416.3,762.68c-4.09-2.03-8.19-4.06-12.92-6.42,4.67-5.25,8.9-10.3,13.41-15.01,12.23-12.7,25.72-23.63,40.66-32.33,15.45-9.02,31.72-15.53,49.28-18.05,23.91-3.43,46.91-.17,69.05,10.19.22.1.5.01.95-.51-6.41-3.16-12.76-6.5-19.24-9.49-11.83-5.44-24.03-9.54-36.8-11.28-15.36-2.1-30.43-1.37-44.24,7.38-3.25,2.04-6.14,4.7-9.82,7.55,2.44-3.48,4.44-6.43,6.54-9.31,6.77-9.26,13.91-18.13,22.87-25.14,10.59-8.29,22.31-12.48,35.35-11.58,11.58.79,22.21,5.13,32.22,11.39,16.71,10.43,30.94,24.09,43.87,39.4,7.44,8.82,14.66,17.91,22.48,27.51-3.44,0-6.02.02-8.59-.01-15.62-.23-30.17,4.21-43.85,12.13-8.59,4.98-16.07,11.54-22.77,19.2-5.83,6.64-12.54,11.87-20.73,14.53-10.13,3.27-19.78,1.37-29.14-3.32-11.41-5.71-20.57-14.49-28.73-24.64-5.22-6.48-9.8-13.41-13.09-21.25-.99-2.37-1.57-4.98-1.93-7.57-.38-2.73-1.12-3.59-3.59-2.49-2.33,1.03-4.61,2.29-6.72,3.78-11.32,7.99-21.65,17.28-30.48,28.4-1.98,2.5-3.53,5.42-5.22,8.16-1.5,2.39-1.48,4.56.85,6.41.43.34.62,1.01.93,1.53-.2.28-.38.55-.57.83\"><\/path><path class=\"cls-1\" d=\"M601.13,999.91c4.3-8.8,6.85-17.72,8.37-27.01,3.23-19.83,1.23-39.01-6.25-57.44-3.49-8.63-6.25-17.27-5.69-26.87.52-8.99,3.72-16.72,8.86-23.58,8.81-11.74,20.5-18.87,33.33-24.14,8.9-3.65,18.02-6.27,27.57-6.7,2.29-.11,4.7.51,6.93,1.21,1.54.5,2.36.15,2.42-1.38.1-2.82.31-5.72-.21-8.42-2.88-15.58-7.15-30.67-14.36-44.63-1.13-2.21-2.62-4.27-4.1-6.26-1.5-2.04-3.37-2.95-5.69-1.29-.4.29-.92.38-1.46.61.39-2.56,4.83-7.58,9.85-11.17,1.93,4.41,3.94,8.7,5.71,13.09,5.33,13.24,9.25,26.96,12.03,41.1,3.19,16.19,4.45,32.55,3.36,49-1.84,27.52-10.32,52.52-25.8,74.56-4.06,5.83-8.75,11.15-13.59,17.26,2.14-1.94,3.83-3.42,5.45-4.98,13.48-12.98,25.53-27.29,34.61-44.25,5.27-9.82,9.21-20.27,10.38-31.59.94-9.18.45-18.38-2.59-27.36.71,1.26,1.44,2.49,2.16,3.75.79,1.37,1.6,2.73,2.33,4.11,6.13,11.54,11.73,23.31,14.27,36.52,3.64,18.89-.78,35.52-11.86,50.25-11.63,15.46-26.98,25.59-43.25,34.25-16.55,8.82-33.88,15.49-51.53,21.16-.23.08-.49.08-1.24.18\"><\/path><path class=\"cls-1\" d=\"M385.87,812.1c4.45,6.36,8.52,13.06,13.4,18.98,13.19,16.03,29.75,26.09,49.19,30.41,8.22,1.83,16.18,4.15,23.04,9.7,8.54,6.96,13.4,16.36,14.96,27.53,3.29,23.55-1.61,45.43-12.68,65.79-1.24,2.29-3.25,4.19-5.11,6-1.13,1.11-1.33,2.04-.24,3.01,1.55,1.37,3.15,2.77,4.93,3.71,11.15,5.93,22.97,9.81,35.13,12.46,4.2.92,8.49,1.29,12.78,1.71,1.43.13,3.26.06,4.32-.78,1.5-1.21,2.48-3.22,3.64-4.84,1.17,1.26,2.64,9.73,2.03,14.68-8.24-1.89-16.55-3.34-24.63-5.74-20.34-6.02-39.5-15-56.83-28.2-26.9-20.5-44.72-47.81-52.73-82.43-.87-3.75-1.59-7.54-2.7-11.26.56,5.22,1.04,10.43,1.73,15.63,1.94,14.56,5.31,28.75,10.54,42.36,5.5,14.35,12.92,27.21,24.87,36.4,2.7,2.06,5.65,3.81,8.65,5.34,2.89,1.5,5.97,2.54,8.98,4.03-2.06-.16-4.15-.33-6.22-.51-12.7-1.13-25.31-2.65-37.26-7.97-17.55-7.77-28.13-21.97-32.95-41.53-3.26-13.2-3.7-26.68-2.56-40.17,2.12-25.41,8.1-49.91,15.56-74.03.09-.27.28-.49.16-.28\"><\/path><\/g><\/svg>\t\t\t<\/div>\n\t\t<\/div>\n\t\t\t\t<\/div>\n\t\t\t\t<\/div>\n\t\t\t\t<div class=\"elementor-element elementor-element-a407d00 elementor-widget elementor-widget-text-editor\" data-id=\"a407d00\" data-element_type=\"widget\" data-widget_type=\"text-editor.default\">\n\t\t\t\t<div class=\"elementor-widget-container\">\n\t\t\t\t\t\t\tDescoper\u0103 detergen\u021bii no\u0219tri eco-certifica\u021bi, ideali pentru rufele delicate \u0219i pentru igienizarea sigur\u0103 a biberoanelor.\t\t\t\t\t\t<\/div>\n\t\t\t\t<\/div>\n\t\t\t\t<div class=\"elementor-element elementor-element-4cc7cba elementor-align-center elementor-invisible elementor-widget elementor-widget-button\" data-id=\"4cc7cba\" data-element_type=\"widget\" data-settings=\"{&quot;_animation&quot;:&quot;fadeInUp&quot;}\" data-widget_type=\"button.default\">\n\t\t\t\t<div class=\"elementor-widget-container\">\n\t\t\t\t\t<div class=\"elementor-button-wrapper\">\n\t\t\t<a class=\"elementor-button elementor-button-link elementor-size-sm\" href=\"https:\/\/apfiacare.com\/ro\/detergenti-eco\/\">\n\t\t\t\t\t\t<span class=\"elementor-button-content-wrapper\">\n\t\t\t\t\t\t\t\t\t<span class=\"elementor-button-text\">Vezi produse<\/span>\n\t\t\t\t\t<\/span>\n\t\t\t\t\t<\/a>\n\t\t<\/div>\n\t\t\t\t<\/div>\n\t\t\t\t<\/div>\n\t\t\t\t<\/div>\n\t\t\t\t\t<\/div>\n\t\t\t\t<\/div>\n\t\t\t\t<\/div>\n\t\t","protected":false},"excerpt":{"rendered":"<p>Acas\u0103 \/ Produse \u00cengrijire personal\u0103 Descoper\u0103 gama de produse pentru \u00eengrijire personal\u0103, alese special pentru momentele diverse \u00een care via\u021ba poate fi mai u\u0219oar\u0103. Vezi produse \u00cengrijire bebe Pentru atenta \u00eengrijire a celor mici am preg\u0103tit o gam\u0103 de produse care r\u0103spund provoc\u0103rilor de zi cu zi. Vezi produse Detergen\u021bi ECO pentru bebelu\u0219i Descoper\u0103 detergen\u021bii [&hellip;]<\/p>\n","protected":false},"author":2,"featured_media":0,"parent":0,"menu_order":0,"comment_status":"closed","ping_status":"closed","template":"","meta":{"footnotes":""},"class_list":["post-1870","page","type-page","status-publish","hentry"],"_links":{"self":[{"href":"http:\/\/apfiacare.com\/ro\/wp-json\/wp\/v2\/pages\/1870","targetHints":{"allow":["GET"]}}],"collection":[{"href":"http:\/\/apfiacare.com\/ro\/wp-json\/wp\/v2\/pages"}],"about":[{"href":"http:\/\/apfiacare.com\/ro\/wp-json\/wp\/v2\/types\/page"}],"author":[{"embeddable":true,"href":"http:\/\/apfiacare.com\/ro\/wp-json\/wp\/v2\/users\/2"}],"replies":[{"embeddable":true,"href":"http:\/\/apfiacare.com\/ro\/wp-json\/wp\/v2\/comments?post=1870"}],"version-history":[{"count":33,"href":"http:\/\/apfiacare.com\/ro\/wp-json\/wp\/v2\/pages\/1870\/revisions"}],"predecessor-version":[{"id":3380,"href":"http:\/\/apfiacare.com\/ro\/wp-json\/wp\/v2\/pages\/1870\/revisions\/3380"}],"wp:attachment":[{"href":"http:\/\/apfiacare.com\/ro\/wp-json\/wp\/v2\/media?parent=1870"}],"curies":[{"name":"wp","href":"https:\/\/api.w.org\/{rel}","templated":true}]}}