{"id":1857,"date":"2024-04-05T09:24:07","date_gmt":"2024-04-05T09:24:07","guid":{"rendered":"https:\/\/apfiacare.com\/despre-noi\/"},"modified":"2024-05-26T22:12:35","modified_gmt":"2024-05-26T22:12:35","slug":"despre-noi","status":"publish","type":"page","link":"https:\/\/apfiacare.com\/ro\/despre-noi\/","title":{"rendered":"Despre noi"},"content":{"rendered":"\t\t<div data-elementor-type=\"wp-page\" data-elementor-id=\"1857\" class=\"elementor elementor-1857 elementor-15\" data-elementor-post-type=\"page\">\n\t\t\t\t<div class=\"elementor-element elementor-element-77a6ed6 e-flex e-con-boxed e-con e-parent\" data-id=\"77a6ed6\" data-element_type=\"container\" data-settings=\"{&quot;background_background&quot;:&quot;classic&quot;}\">\n\t\t\t\t\t<div class=\"e-con-inner\">\n\t\t\t\t<div class=\"elementor-element elementor-element-f2ae561 elementor-widget elementor-widget-text-editor\" data-id=\"f2ae561\" data-element_type=\"widget\" data-widget_type=\"text-editor.default\">\n\t\t\t\t<div class=\"elementor-widget-container\">\n\t\t\t<style>\/*! elementor - v3.21.0 - 25-04-2024 *\/\n.elementor-widget-text-editor.elementor-drop-cap-view-stacked .elementor-drop-cap{background-color:#69727d;color:#fff}.elementor-widget-text-editor.elementor-drop-cap-view-framed .elementor-drop-cap{color:#69727d;border:3px solid;background-color:transparent}.elementor-widget-text-editor:not(.elementor-drop-cap-view-default) .elementor-drop-cap{margin-top:8px}.elementor-widget-text-editor:not(.elementor-drop-cap-view-default) .elementor-drop-cap-letter{width:1em;height:1em}.elementor-widget-text-editor .elementor-drop-cap{float:left;text-align:center;line-height:1;font-size:50px}.elementor-widget-text-editor .elementor-drop-cap-letter{display:inline-block}<\/style>\t\t\t\t<p><a href=\"https:\/\/apfiacare.com\/ro\/\">Acas\u0103<\/a> \/ Despre noi<\/p>\t\t\t\t\t\t<\/div>\n\t\t\t\t<\/div>\n\t\t\t\t\t<\/div>\n\t\t\t\t<\/div>\n\t\t<div class=\"elementor-element elementor-element-0f2151d e-flex e-con-boxed e-con e-parent\" data-id=\"0f2151d\" data-element_type=\"container\" data-settings=\"{&quot;background_background&quot;:&quot;classic&quot;}\">\n\t\t\t\t\t<div class=\"e-con-inner\">\n\t\t<div class=\"elementor-element elementor-element-cd61c58 e-con-full e-flex e-con e-child\" data-id=\"cd61c58\" data-element_type=\"container\">\n\t\t\t\t<div class=\"elementor-element elementor-element-4a7ebe2 elementor-widget__width-initial elementor-widget elementor-widget-heading\" data-id=\"4a7ebe2\" data-element_type=\"widget\" data-widget_type=\"heading.default\">\n\t\t\t\t<div class=\"elementor-widget-container\">\n\t\t\t<style>\/*! elementor - v3.21.0 - 25-04-2024 *\/\n.elementor-heading-title{padding:0;margin:0;line-height:1}.elementor-widget-heading .elementor-heading-title[class*=elementor-size-]>a{color:inherit;font-size:inherit;line-height:inherit}.elementor-widget-heading .elementor-heading-title.elementor-size-small{font-size:15px}.elementor-widget-heading .elementor-heading-title.elementor-size-medium{font-size:19px}.elementor-widget-heading .elementor-heading-title.elementor-size-large{font-size:29px}.elementor-widget-heading .elementor-heading-title.elementor-size-xl{font-size:39px}.elementor-widget-heading .elementor-heading-title.elementor-size-xxl{font-size:59px}<\/style><h3 class=\"elementor-heading-title elementor-size-default\">Proiectul nostru, <strong>Apfia Care, <\/strong>a luat fiin\u021b\u0103 ca r\u0103spuns <br>la nevoile esen\u021biale ap\u0103rute<br> \u00een via\u021ba de zi cu zi.<\/h3>\t\t<\/div>\n\t\t\t\t<\/div>\n\t\t\t\t<div class=\"elementor-element elementor-element-3781e40 elementor-widget elementor-widget-text-editor\" data-id=\"3781e40\" data-element_type=\"widget\" data-widget_type=\"text-editor.default\">\n\t\t\t\t<div class=\"elementor-widget-container\">\n\t\t\t\t\t\t\t<p>Inspira\u021bi de interac\u021biunea \u00eendelungat\u0103 cu persoane din medii diferite, am \u00een\u021beles c\u0103 momentele din via\u021b\u0103 vin cu anumite provoc\u0103ri pentru fiecare.<\/p>\n\t\t\t\t\t\t<\/div>\n\t\t\t\t<\/div>\n\t\t\t\t<\/div>\n\t\t\t\t\t<\/div>\n\t\t\t\t<\/div>\n\t\t<div class=\"elementor-element elementor-element-818b242 e-flex e-con-boxed e-con e-parent\" data-id=\"818b242\" data-element_type=\"container\">\n\t\t\t\t\t<div class=\"e-con-inner\">\n\t\t\t\t<div class=\"elementor-element elementor-element-f10552b elementor-widget elementor-widget-text-editor\" data-id=\"f10552b\" data-element_type=\"widget\" data-widget_type=\"text-editor.default\">\n\t\t\t\t<div class=\"elementor-widget-container\">\n\t\t\t\t\t\t\t<p>Ne-am propus s\u0103 fim al\u0103turi de tine pentru a-\u021bi u\u0219ura aceste provoc\u0103ri, de aceea am conceput o gam\u0103 de produse simple, de maxim\u0103 necesitate. Toate, din materiale de \u00eenalt\u0103 calitate, ca s\u0103 te po\u021bi baza pe el e oric\u00e2nd.<\/p>\n<p>Cu o aten\u021bie deosebit\u0103 la detalii, ne asigur\u0103m c\u0103 fiecare produs este un r\u0103spuns practic la fiecare nevoie. Echipa noastr\u0103 lucreaz\u0103 cu pasiune pentru a-\u021bi oferi tot ce \u00ee\u021bi poate simplifica via\u021ba pentru a face fiecare zi mai frumoas\u0103.<\/p>\n<p>Apfia Care, produse simple, de \u00eenalt\u0103 calitate, create cu grij\u0103 \u0219i aten\u021bie la detalii pentru a \u00eembun\u0103t\u0103\u021bi calitatea vie\u021bii \u00een fiecare moment al ei.<\/p><\/p>\n\t\t\t\t\t\t<\/div>\n\t\t\t\t<\/div>\n\t\t\t\t\t<\/div>\n\t\t\t\t<\/div>\n\t\t\t\t<\/div>\n\t\t","protected":false},"excerpt":{"rendered":"<p>Acas\u0103 \/ Despre noi Proiectul nostru, Apfia Care, a luat fiin\u021b\u0103 ca r\u0103spuns la nevoile esen\u021biale ap\u0103rute \u00een via\u021ba de zi cu zi. Inspira\u021bi de interac\u021biunea \u00eendelungat\u0103 cu persoane din medii diferite, am \u00een\u021beles c\u0103 momentele din via\u021b\u0103 vin cu anumite provoc\u0103ri pentru fiecare. Ne-am propus s\u0103 fim al\u0103turi de tine pentru a-\u021bi u\u0219ura aceste [&hellip;]<\/p>\n","protected":false},"author":2,"featured_media":0,"parent":0,"menu_order":0,"comment_status":"closed","ping_status":"closed","template":"","meta":{"footnotes":""},"class_list":["post-1857","page","type-page","status-publish","hentry"],"_links":{"self":[{"href":"https:\/\/apfiacare.com\/ro\/wp-json\/wp\/v2\/pages\/1857","targetHints":{"allow":["GET"]}}],"collection":[{"href":"https:\/\/apfiacare.com\/ro\/wp-json\/wp\/v2\/pages"}],"about":[{"href":"https:\/\/apfiacare.com\/ro\/wp-json\/wp\/v2\/types\/page"}],"author":[{"embeddable":true,"href":"https:\/\/apfiacare.com\/ro\/wp-json\/wp\/v2\/users\/2"}],"replies":[{"embeddable":true,"href":"https:\/\/apfiacare.com\/ro\/wp-json\/wp\/v2\/comments?post=1857"}],"version-history":[{"count":12,"href":"https:\/\/apfiacare.com\/ro\/wp-json\/wp\/v2\/pages\/1857\/revisions"}],"predecessor-version":[{"id":2496,"href":"https:\/\/apfiacare.com\/ro\/wp-json\/wp\/v2\/pages\/1857\/revisions\/2496"}],"wp:attachment":[{"href":"https:\/\/apfiacare.com\/ro\/wp-json\/wp\/v2\/media?parent=1857"}],"curies":[{"name":"wp","href":"https:\/\/api.w.org\/{rel}","templated":true}]}}