{"id":1887,"date":"2024-04-30T13:52:37","date_gmt":"2024-04-30T13:52:37","guid":{"rendered":"https:\/\/apfiacare.com\/politica-de-confidentialitate\/"},"modified":"2024-05-24T10:26:00","modified_gmt":"2024-05-24T10:26:00","slug":"politica-de-confidentialitate","status":"publish","type":"page","link":"https:\/\/apfiacare.com\/ro\/politica-de-confidentialitate\/","title":{"rendered":"Politica de confiden\u021bialitate"},"content":{"rendered":"\t\t<div data-elementor-type=\"wp-page\" data-elementor-id=\"1887\" class=\"elementor elementor-1887 elementor-1354\" data-elementor-post-type=\"page\">\n\t\t\t\t<div class=\"elementor-element elementor-element-40a3470 e-flex e-con-boxed e-con e-parent\" data-id=\"40a3470\" data-element_type=\"container\" data-settings=\"{&quot;background_background&quot;:&quot;classic&quot;}\">\n\t\t\t\t\t<div class=\"e-con-inner\">\n\t\t\t\t<div class=\"elementor-element elementor-element-2c4f507 elementor-widget elementor-widget-text-editor\" data-id=\"2c4f507\" data-element_type=\"widget\" data-widget_type=\"text-editor.default\">\n\t\t\t\t<div class=\"elementor-widget-container\">\n\t\t\t<style>\/*! elementor - v3.21.0 - 25-04-2024 *\/\n.elementor-widget-text-editor.elementor-drop-cap-view-stacked .elementor-drop-cap{background-color:#69727d;color:#fff}.elementor-widget-text-editor.elementor-drop-cap-view-framed .elementor-drop-cap{color:#69727d;border:3px solid;background-color:transparent}.elementor-widget-text-editor:not(.elementor-drop-cap-view-default) .elementor-drop-cap{margin-top:8px}.elementor-widget-text-editor:not(.elementor-drop-cap-view-default) .elementor-drop-cap-letter{width:1em;height:1em}.elementor-widget-text-editor .elementor-drop-cap{float:left;text-align:center;line-height:1;font-size:50px}.elementor-widget-text-editor .elementor-drop-cap-letter{display:inline-block}<\/style>\t\t\t\t<p>Acas\u0103 \/ Politica de confiden\u021bialitate<\/p>\t\t\t\t\t\t<\/div>\n\t\t\t\t<\/div>\n\t\t\t\t\t<\/div>\n\t\t\t\t<\/div>\n\t\t<div class=\"elementor-element elementor-element-3e527ee e-flex e-con-boxed e-con e-parent\" data-id=\"3e527ee\" data-element_type=\"container\">\n\t\t\t\t\t<div class=\"e-con-inner\">\n\t\t\t\t<div class=\"elementor-element elementor-element-279f912 elementor-widget elementor-widget-heading\" data-id=\"279f912\" data-element_type=\"widget\" data-widget_type=\"heading.default\">\n\t\t\t\t<div class=\"elementor-widget-container\">\n\t\t\t<style>\/*! elementor - v3.21.0 - 25-04-2024 *\/\n.elementor-heading-title{padding:0;margin:0;line-height:1}.elementor-widget-heading .elementor-heading-title[class*=elementor-size-]>a{color:inherit;font-size:inherit;line-height:inherit}.elementor-widget-heading .elementor-heading-title.elementor-size-small{font-size:15px}.elementor-widget-heading .elementor-heading-title.elementor-size-medium{font-size:19px}.elementor-widget-heading .elementor-heading-title.elementor-size-large{font-size:29px}.elementor-widget-heading .elementor-heading-title.elementor-size-xl{font-size:39px}.elementor-widget-heading .elementor-heading-title.elementor-size-xxl{font-size:59px}<\/style><h2 class=\"elementor-heading-title elementor-size-default\">Politica de confiden\u021bialitate<\/h2>\t\t<\/div>\n\t\t\t\t<\/div>\n\t\t\t\t<div class=\"elementor-element elementor-element-ce520d4 elementor-widget elementor-widget-text-editor\" data-id=\"ce520d4\" data-element_type=\"widget\" data-widget_type=\"text-editor.default\">\n\t\t\t\t<div class=\"elementor-widget-container\">\n\t\t\t\t\t\t\t<p>Aceast\u0103 politic\u0103 de confiden\u021bialitate descrie modul \u00een care informa\u021biile dvs. personale sunt colectate, utilizate \u0219i distribuite atunci c\u00e2nd vizita\u021bi apfiacare.com.<\/p>\n<p><strong>Informa\u021bii personale pe care le colect\u0103m<\/strong><br \/>C\u00e2nd vizita\u021bi site-ul, colect\u0103m automat anumite informa\u021bii despre dispozitivul dvs., inclusiv informa\u021bii despre browser-ul dvs. web, adresa IP, fusul orar \u0219i unele cookie-uri instalate pe dispozitiv. \u00cen plus, pe m\u0103sur\u0103 ce r\u0103sfoi\u021bi pagini din site, colect\u0103m informa\u021bii despre paginile web individuale sau produsele pe care le vizualiza\u021bi, ce site-uri web sau termeni de c\u0103utare v-au referit la site \u0219i informa\u021bii despre cum interac\u021biona\u021bi cu site-ul. Ne referim la aceste informa\u021bii colectate automat ca Informa\u021bii despre dispozitiv.<\/p>\n<p>Colect\u0103m informa\u021biile despre dispozitiv folosind urm\u0103toarele tehnologii:<br \/>\u2022 Cookie-urile sunt fi\u0219iere de date care sunt plasate pe dispozitiv sau pe computer \u0219i con\u021bin adesea un identificator unic anonim. Pentru mai multe informa\u021bii despre cookie-uri \u0219i despre modul de dezactivare a cookie-urilor, vizita\u021bi <a href=\"http:\/\/www.allaboutcookies.org\" target=\"_blank\" rel=\"noopener\">http:\/\/www.allaboutcookies.org<\/a>; <br \/>Ac\u021biuni de urm\u0103rire a \u201efi\u0219ierelor de jurnal\u201d care apar pe site \u0219i colectarea datelor, inclusiv adresa IP, tipul browser-ului, furnizorul de servicii Internet, paginile de trimitere \/ ie\u0219ire \u0219i \u00eenregistr\u0103rile de dat\u0103 \/ or\u0103; <br \/>\u2022 Etichetele \u0219i pixelii sunt fi\u0219iere electronice utilizate pentru a \u00eenregistra informa\u021bii despre modul \u00een care naviga\u021bi pe site.<\/p>\n<p>\u00cen plus, atunci c\u00e2nd ne contacta\u021bi folosind <a href=\"https:\/\/apfiacare.com\/contact\/\" target=\"_blank\" rel=\"noopener\">formularul de pe site<\/a>, din pagina de Contact, colect\u0103m anumite informa\u021bii precum numele \u0219i prenumele dvs., respectiv adresa de e-mail. Facem referire la aceste informa\u021bii ca Informa\u021bii pentru contactare. C\u00e2nd vorbim despre Informa\u021bii personale \u00een aceast\u0103 politic\u0103 de confiden\u021bialitate, vorbim at\u00e2t de informa\u021bii despre dispozitive, c\u00e2t \u0219i de informa\u021bii pentru contactare.<\/p>\n<p><strong>Cum utiliz\u0103m informa\u021biile personale?<\/strong><br \/>Utiliz\u0103m informa\u021biile personale colectate pentru comunicarea cu dvs. \u00cen conformitate cu preferin\u021bele pe care le-a\u021bi \u00eemp\u0103rt\u0103\u0219it cu noi, v\u0103 vom oferi informa\u021bii sau publicitate referitoare la produsele sau serviciile noastre. Utiliz\u0103m informa\u021biile despre dispozitiv pe care le colect\u0103m pentru a ne ajuta s\u0103 monitoriz\u0103m poten\u021bialele riscuri (\u00een special adresa IP) \u0219i, \u00een general, s\u0103 \u00eembun\u0103t\u0103\u021bim \u0219i s\u0103 optimiz\u0103m site-ul nostru (de exemplu, gener\u00e2nd analize despre modul \u00een care clien\u021bii no\u0219tri navigheaz\u0103 \u0219i interac\u021bioneaz\u0103 cu Site-ul \u0219i pentru a evalua succesul campaniilor noastre de marketing \u0219i publicitate).<\/p>\n<p><strong>\u00cemp\u0103rt\u0103\u0219irea informa\u021biilor personale &amp; reten\u021bia datelor<\/strong><br \/>C\u00e2nd ne contacta\u021bi prin intermediul site-ului, vom p\u0103stra informa\u021biile dvs. de contact considerate necesare pentru \u00eenregistr\u0103rile noastre, cu excep\u021bia cazului \u00een care \u0219i p\u00e2n\u0103 c\u00e2nd ne cere\u021bi s\u0103 \u0219tergem aceste informa\u021bii. \u00cemp\u0103rt\u0103\u0219im informa\u021biile personale considerate necesare cu ter\u021be p\u0103r\u021bi pentru a ne ajuta s\u0103 implement\u0103m activitatea de marketing \u0219i publicitate. De asemenea, folosim Google Analytics pentru a ne ajuta s\u0103 \u00een\u021belegem cum utilizatorii no\u0219tri utilizeaz\u0103 Site-ul &#8211; pute\u021bi citi mai multe despre modul \u00een care Google utilizeaz\u0103 informa\u021biile dvs. personale aici: <a href=\"https:\/\/www.google.com\/intl\/ro\/policies\/privacy\/\" target=\"_blank\" rel=\"noopener\">https:\/\/www.google.com\/intl\/ro\/policies\/privacy\/<\/a>. De asemenea, pute\u021bi renun\u021ba la Google Analytics aici: <a href=\"https:\/\/tools.google.com\/dlpage\/gaoptout\" target=\"_blank\" rel=\"noopener\">https:\/\/tools.google.com\/dlpage\/gaoptout<\/a>. \u00cen cele din urm\u0103, putem s\u0103 \u00eemp\u0103rt\u0103\u0219im informa\u021biile dvs. personale pentru a respecta legile \u0219i reglement\u0103rile aplicabile, pentru a r\u0103spunde la o cita\u021bie, mandat de c\u0103utare sau alt\u0103 solicitare legal\u0103 pentru informa\u021biile pe care le primim sau pentru a ne proteja \u00een alt mod drepturile.<\/p>\n<p><strong>DO NOT TRACK<\/strong><br \/>Re\u021bine\u021bi c\u0103 nu modific\u0103m practicile de colectare a datelor \u0219i de utilizare a site-ului atunci c\u00e2nd vedem semnalul Nu urm\u0103ri\u021bi (DO NOT TRACK) din browserul dvs. \u00cen acest caz, se vor folosi doar informa\u021biile Necesare pentru a v\u0103 raspunde \u00een urma contact\u0103rii prin formularul de pe Site, dar nu informa\u021biile Statistice, Functionale sau de Marketing (profilare).<\/p>\n<p><strong>Drepturile dvs.<\/strong><br \/>Dac\u0103 sunte\u021bi rezident european, ave\u021bi dreptul s\u0103 accesa\u021bi informa\u021biile personale pe care le de\u021binem despre dvs. \u0219i s\u0103 cere\u021bi corectarea, actualizarea sau \u0219tergerea informa\u021biilor dvs. personale. Dac\u0103 dori\u021bi s\u0103 exercita\u021bi acest drept, v\u0103 rug\u0103m s\u0103 ne contacta\u021bi prin intermediul formularului de Contact de pe apfiacare.com.<\/p>\n<p><strong>Schimb\u0103ri<\/strong><br \/>Putem actualiza din c\u00e2nd \u00een c\u00e2nd aceast\u0103 politic\u0103 de confiden\u021bialitate pentru a reflecta, de exemplu, modific\u0103rile aduse practicilor noastre sau din alte motive opera\u021bionale, legale sau de reglementare.<\/p>\n<p><strong>Contact<\/strong><br \/>Pentru mai multe informa\u021bii despre practicile noastre de confiden\u021bialitate, dac\u0103 ave\u021bi \u00eentreb\u0103ri sau dac\u0103 dori\u021bi s\u0103 face\u021bi o pl\u00e2ngere, v\u0103 rug\u0103m s\u0103 ne contacta\u021bi prin formularul de pe apfiacare.com sau la email <a href=\"mailto:contact@apfiacare.com\" target=\"_blank\" rel=\"noopener\">contact@apfiacare.com<\/a>.<\/p>\n\t\t\t\t\t\t<\/div>\n\t\t\t\t<\/div>\n\t\t\t\t\t<\/div>\n\t\t\t\t<\/div>\n\t\t\t\t<\/div>\n\t\t","protected":false},"excerpt":{"rendered":"<p>Acas\u0103 \/ Politica de confiden\u021bialitate Politica de confiden\u021bialitate Aceast\u0103 politic\u0103 de confiden\u021bialitate descrie modul \u00een care informa\u021biile dvs. personale sunt colectate, utilizate \u0219i distribuite atunci c\u00e2nd vizita\u021bi apfiacare.com. Informa\u021bii personale pe care le colect\u0103mC\u00e2nd vizita\u021bi site-ul, colect\u0103m automat anumite informa\u021bii despre dispozitivul dvs., inclusiv informa\u021bii despre browser-ul dvs. web, adresa IP, fusul orar \u0219i unele [&hellip;]<\/p>\n","protected":false},"author":2,"featured_media":0,"parent":0,"menu_order":0,"comment_status":"closed","ping_status":"closed","template":"","meta":{"footnotes":""},"class_list":["post-1887","page","type-page","status-publish","hentry"],"_links":{"self":[{"href":"https:\/\/apfiacare.com\/ro\/wp-json\/wp\/v2\/pages\/1887","targetHints":{"allow":["GET"]}}],"collection":[{"href":"https:\/\/apfiacare.com\/ro\/wp-json\/wp\/v2\/pages"}],"about":[{"href":"https:\/\/apfiacare.com\/ro\/wp-json\/wp\/v2\/types\/page"}],"author":[{"embeddable":true,"href":"https:\/\/apfiacare.com\/ro\/wp-json\/wp\/v2\/users\/2"}],"replies":[{"embeddable":true,"href":"https:\/\/apfiacare.com\/ro\/wp-json\/wp\/v2\/comments?post=1887"}],"version-history":[{"count":6,"href":"https:\/\/apfiacare.com\/ro\/wp-json\/wp\/v2\/pages\/1887\/revisions"}],"predecessor-version":[{"id":2253,"href":"https:\/\/apfiacare.com\/ro\/wp-json\/wp\/v2\/pages\/1887\/revisions\/2253"}],"wp:attachment":[{"href":"https:\/\/apfiacare.com\/ro\/wp-json\/wp\/v2\/media?parent=1887"}],"curies":[{"name":"wp","href":"https:\/\/api.w.org\/{rel}","templated":true}]}}