{"id":1891,"date":"2024-05-16T09:29:03","date_gmt":"2024-05-16T09:29:03","guid":{"rendered":"https:\/\/apfiacare.com\/termeni-si-conditii\/"},"modified":"2024-05-24T10:25:20","modified_gmt":"2024-05-24T10:25:20","slug":"termeni-si-conditii","status":"publish","type":"page","link":"https:\/\/apfiacare.com\/ro\/termeni-si-conditii\/","title":{"rendered":"Termeni \u0219i condi\u021bii"},"content":{"rendered":"\t\t<div data-elementor-type=\"wp-page\" data-elementor-id=\"1891\" class=\"elementor elementor-1891 elementor-1874\" data-elementor-post-type=\"page\">\n\t\t\t\t<div class=\"elementor-element elementor-element-40a3470 e-flex e-con-boxed e-con e-parent\" data-id=\"40a3470\" data-element_type=\"container\" data-settings=\"{&quot;background_background&quot;:&quot;classic&quot;}\">\n\t\t\t\t\t<div class=\"e-con-inner\">\n\t\t\t\t<div class=\"elementor-element elementor-element-2c42934 elementor-widget elementor-widget-text-editor\" data-id=\"2c42934\" data-element_type=\"widget\" data-widget_type=\"text-editor.default\">\n\t\t\t\t<div class=\"elementor-widget-container\">\n\t\t\t<style>\/*! elementor - v3.21.0 - 25-04-2024 *\/\n.elementor-widget-text-editor.elementor-drop-cap-view-stacked .elementor-drop-cap{background-color:#69727d;color:#fff}.elementor-widget-text-editor.elementor-drop-cap-view-framed .elementor-drop-cap{color:#69727d;border:3px solid;background-color:transparent}.elementor-widget-text-editor:not(.elementor-drop-cap-view-default) .elementor-drop-cap{margin-top:8px}.elementor-widget-text-editor:not(.elementor-drop-cap-view-default) .elementor-drop-cap-letter{width:1em;height:1em}.elementor-widget-text-editor .elementor-drop-cap{float:left;text-align:center;line-height:1;font-size:50px}.elementor-widget-text-editor .elementor-drop-cap-letter{display:inline-block}<\/style>\t\t\t\t<p>Acas\u0103 \/Termeni \u0219i condi\u021bii<\/p>\t\t\t\t\t\t<\/div>\n\t\t\t\t<\/div>\n\t\t\t\t\t<\/div>\n\t\t\t\t<\/div>\n\t\t<div class=\"elementor-element elementor-element-3e527ee e-flex e-con-boxed e-con e-parent\" data-id=\"3e527ee\" data-element_type=\"container\">\n\t\t\t\t\t<div class=\"e-con-inner\">\n\t\t\t\t<div class=\"elementor-element elementor-element-279f912 elementor-widget elementor-widget-heading\" data-id=\"279f912\" data-element_type=\"widget\" data-widget_type=\"heading.default\">\n\t\t\t\t<div class=\"elementor-widget-container\">\n\t\t\t<style>\/*! elementor - v3.21.0 - 25-04-2024 *\/\n.elementor-heading-title{padding:0;margin:0;line-height:1}.elementor-widget-heading .elementor-heading-title[class*=elementor-size-]>a{color:inherit;font-size:inherit;line-height:inherit}.elementor-widget-heading .elementor-heading-title.elementor-size-small{font-size:15px}.elementor-widget-heading .elementor-heading-title.elementor-size-medium{font-size:19px}.elementor-widget-heading .elementor-heading-title.elementor-size-large{font-size:29px}.elementor-widget-heading .elementor-heading-title.elementor-size-xl{font-size:39px}.elementor-widget-heading .elementor-heading-title.elementor-size-xxl{font-size:59px}<\/style><h2 class=\"elementor-heading-title elementor-size-default\">Termeni \u0219i condi\u021bii<\/h2>\t\t<\/div>\n\t\t\t\t<\/div>\n\t\t\t\t<div class=\"elementor-element elementor-element-ce520d4 elementor-widget elementor-widget-text-editor\" data-id=\"ce520d4\" data-element_type=\"widget\" data-widget_type=\"text-editor.default\">\n\t\t\t\t<div class=\"elementor-widget-container\">\n\t\t\t\t\t\t\t<p><strong>I. Despre Noi<\/strong><br \/>Serviciul apfiacare.com este oferit de Next Step Investments S.R.L. cu sediul \u00een Tudor Vladimirescu, nr. 22, Cl\u0103direa Green Gate Offices, biroul 505, etaj 5, Bucure\u0219ti, Sectorul 5, Rom\u00e2nia, \u00eenregistrat\u0103 \u00een Registrul Comer\u021bului sub nr. J40\/17915\/2007, av\u00e2nd cod unic de \u00eenregistrare RO22465856, denumit\u0103 \u00een cele ce urmeaz\u0103 Societatea.<\/p>\n<p>Ne pute\u021bi contacta prin urm\u0103toarele mijloace: <br \/>\u2022 Complet\u00e2nd formularul de contact de pe website. <br \/>\u2022 Prin e-mail la: <a href=\"mailto:contact@apfiacare.com\" target=\"_blank\" rel=\"noopener\">contact@apfiacare.com<\/a><\/p>\n<p><strong>II. Despre apfia.com<\/strong><br \/><a href=\"https:\/\/apfiacare.com\/ro\/\" target=\"_blank\" rel=\"noopener\">Apfiacare.com<\/a> este un website de prezentare care ofer\u0103 utilizatorilor s\u0103i posibilitatea de a afla informa\u021bii despre brandul Apfia Care \u0219i gama de produse Apfia Care. Achizi\u021bia produselor nu se poate realiza direct din website-ul apfiacare.com, ci doar prin distribuitorii autoriza\u021bi din \u021bara cump\u0103r\u0103torului.<\/p>\n<p><strong>III. Proprietatea Intelectual\u0103<\/strong><br \/>Con\u021binutul \u0219i designul apfiacare.com, precum \u0219i orice alt material av\u00e2nd leg\u0103tur\u0103 cu acesta trimis dvs. prin email sau furnizat dvs. prin orice alt\u0103 modalitate (exemplu: articole, design, descriere produse \u0219i orice alte materiale), apar\u021bin Societ\u0103\u021bii \u0219i\/sau colaboratorilor s\u0103i &#8211; acolo unde acest lucru este specificat \u00een mod expres &#8211; (drept de autor) \u0219i sunt protejate de legisla\u021bia privind proprietatea intelectual\u0103. Nu pute\u021bi utiliza, reproduce sau permite nim\u0103nui s\u0103 utilizeze sau s\u0103 reproduc\u0103 materialele de pe apfiacare.com f\u0103r\u0103 a de\u021bine o permisiune scris\u0103, prealabil\u0103 din partea Societ\u0103\u021bii.<\/p>\n<p>Nu pute\u021bi folosi cadre (frames \u00een sensul limbajului HTML) sau tehnici de \u00eencadrare (framing techniques \u00een sensul limbajului HTML) pentru m\u0103rci, logo-uri, sau alte informa\u021bii protejate de legea dreptului de autor (inclusiv imagini, texte, interfe\u021be, formulare) ale apfiacare.com f\u0103r\u0103 a de\u021bine o permisiune scris\u0103, prealabil\u0103, din partea Societ\u0103\u021bii.<\/p>\n<p>Este permis\u0103 crearea limitat\u0103, revocabil\u0103 \u0219i neexclusiv\u0103 a hiperlink-urilor c\u0103tre pagina de index a apfiacare.com, at\u00e2ta timp c\u00e2t aceast\u0103 ac\u021biune nu prezint\u0103 serviciul apfiacare.com \u00eentr-o lumin\u0103 fals\u0103, \u00een\u0219el\u0103toare, derogatorie sau ofensiv\u0103. Nu pute\u021bi folosi brandul Apfia Care sau alte propriet\u0103\u021bi grafice, sau m\u0103rci ca parte a hyperlinkurilor f\u0103r\u0103 a de\u021bine o permisiune scris\u0103, prealabil\u0103, din partea Societ\u0103\u021bii.<\/p>\n<p><strong>IV. \u00cenregistrarea ca utilizator<\/strong><br \/>Site-ul apfiacare.com poate fi accesat \u00een mod gratuit, iar simpla navigare \u00een paginile acestuia nu este condi\u021bionat\u0103 de \u00eenregistrarea ca utilizator (crearea unui cont de utilizator pe Site). Navigarea ca utilizator \u00een site-ul apfiacare.com presupune acceptarea prealabil\u0103 de c\u0103tre dvs. a Termenilor \u0219i Condi\u021biilor de utilizare \u0219i a Politicii de Confiden\u021bialitate a acestuia. Aceste reglement\u0103ri constituie baza contractual\u0103 a rela\u021biilor dintre utilizatori \u0219i Societate. \u00centruc\u00e2t prevederile Termenilor \u0219i Condi\u021biilor de utilizare \u0219i ale Politicii de Confiden\u021bialitate pot fi modificate, v\u0103 rug\u0103m s\u0103 le revizui\u021bi periodic. \u00cen condi\u021biile \u00een care nu ve\u021bi mai fi de acord cu prevederile acestora, v\u0103 rug\u0103m s\u0103 nu mai accesa\u021bi\/folosi\u021bi serviciile apfiacare.com.<\/p>\n<p><strong>V. Datele Personale<\/strong><br \/>Apfiacare.com va colecta o serie de date personale precum numele \u0219i prenumele, respectiv adresa de email, doar \u00een momentul \u00een care completa\u021bi formularul de pe pagina Contact cu scopul de a intra \u00een contact cu noi. De asemenea, pentru a v\u0103 abona la newsletterul sau alertele apfiacare.com va trebui s\u0103 ne comunica\u021bi o adres\u0103 de e-mail valid\u0103 precum \u0219i alte date legate de dvs. V\u0103 rug\u0103m s\u0103 accesa\u021bi pagina \u00een care v\u0103 este prezentat\u0103 Politica de Confiden\u021bialitate pentru a v\u0103 informa cu privire la informa\u021biile colectate de apfiacare.com, cu privire la modul \u00een care sunt folosite acestea, precum \u0219i la drepturile cu privire la protejarea intimit\u0103\u021bii dvs.<\/p>\n<p><strong>VI. Recenzii, comentarii, comunic\u0103ri \u0219i alte tipuri de con\u021binut<\/strong><br \/>Utilizatorii pot: posta recenzii, comentarii sau alte tipuri de con\u021binut; trimite sugestii, idei; pune \u00eentreb\u0103ri, propune articole sau alte tipuri de materiale, at\u00e2ta timp c\u00e2t con\u021binutul acestora nu este ilegal, obscen, amenin\u021b\u0103tor, def\u0103im\u0103tor, nu \u00eencalc\u0103 dreptul la intimitate sau legea cu privire la protejarea propriet\u0103\u021bii intelectuale; nu con\u021bine viru\u0219i informatici, comunic\u0103ri comerciale, politice, care instig\u0103 la ur\u0103 sau intoleran\u021b\u0103 pe motive etnice, religioase, rasiale, de orientare sexual\u0103, mesaje colective sau alte forme de spam. \u00cen vederea post\u0103rii de recenzii, comentarii, comunic\u0103ri \u0219i alte tipuri de con\u021binut, nu pute\u021bi folosi adrese de e-mail sau identit\u0103\u021bi false. Site-ul apfiacare.com \u00ee\u0219i rezerv\u0103 dreptul, dar nu are obliga\u021bia de a elimina sau edita toate tipurile de con\u021binut postate de c\u0103tre utilizatori \u0219i nu are obliga\u021bia de a revizui periodic acest con\u021binut. Odat\u0103 cu postarea de recenzii, comentarii, comunic\u0103ri \u0219i alte tipuri de con\u021binut pe apfiacare.com, transmite\u021bi, \u00een afar\u0103 cazurilor \u00een care Societatea indic\u0103 altfel, drepturile de proprietate intelectual\u0103, \u00een mod neexclusiv, perpetuu, irevocabil, asupra materialelor postate. Societatea are dreptul de a modifica, reproduce, transmite, adapta, publica, distribui materialele postate de c\u0103tre utilizatori, prin orice mijloc de comunicare \u00een mas\u0103, din orice \u021bar\u0103. Prin postarea de recenzii, comentarii, comunic\u0103ri \u0219i alte tipuri de con\u021binut pe apfiacare.com ceda\u021bi dreptul Societ\u0103\u021bii de a folosi numele dvs. \u00een rela\u021bie cu materialele postate; garanta\u021bi c\u0103 de\u021bine\u021bi sau controla\u021bi \u00een alt\u0103 form\u0103, dreptul de proprietate intelectual\u0103 asupra materialelor pe care le posta\u021bi; c\u0103 materialele postate nu \u00eencalc\u0103 niciuna dintre condi\u021biile de postare ale recenziilor, comentariilor, comunic\u0103rilor \u0219i alte forme de con\u021binut din partea utilizatorilor, ale apfiacare.com. Site-ul apfiacare.com are dreptul, dar nu obliga\u021bia de a monitoriza, edita sau \u0219terge, orice tip de con\u021binut sau activit\u0103\u021bi ale utilizatorilor pe Site. De asemenea, apfiacare.com nu este responsabil \u0219i nu \u00ee\u0219i asum\u0103 responsabilitatea pentru nici unul dintre materialele postate de c\u0103tre alte ter\u021be p\u0103r\u021bi pe Site. Apfiacare.com are dreptul de a nu publica toate comentariile \u0219i articolele propuse de c\u0103tre utilizatori.<\/p>\n<p><strong>VII. For\u021ba major\u0103<\/strong><br \/>Site-ul <a href=\"https:\/\/apfiacare.com\/ro\/\" target=\"_blank\" rel=\"noopener\">apfiacare.com<\/a>, afilia\u021bii sau\/si \u00een general furnizorii de produse sau servicii c\u0103tre apfiacare.com nu pot fi f\u0103cu\u021bi responsabili pentru nici o \u00eent\u00e2rziere sau eroare rezult\u00e2nd direct sau indirect din cauze care nu depind de voin\u021ba apfiacare.com. Aceast\u0103 exonerare include, dar nu se limiteaz\u0103 la: erorile de func\u021bionare a echipamentului tehnic de la apfiacare.com, lipsa func\u021bion\u0103rii conexiunii la internet, lipsa func\u021bion\u0103rii conexiunilor de telefon, viru\u0219ii informatici, accesul neautorizat \u00een sistemele apfiacare.com, erorile de operare, precum \u0219i cazurile de for\u021b\u0103 major\u0103 stipulate de legisla\u021bia rom\u00e2n\u0103 \u00een vigoare.<\/p>\n<p><strong>VIII. Publicitatea<\/strong><br \/>Site-ul apfiacare.com poate afi\u0219a, \u00een paginile sale, reclame la produsele din oferta sa precum \u0219i la produse ori servicii apar\u021bin\u00e2nd ter\u021bilor. BPrin utilizarea apfiacare.com \u0219i prin acceptarea <a href=\"https:\/\/apfiacare.com\/terms-and-conditions\/\" target=\"_blank\" rel=\"noopener\">Termenilor \u0219i Condi\u021biilor de utilizare<\/a> ale acestuia \u0219i a <a href=\"https:\/\/apfiacare.com\/privacy-policy\/\" target=\"_blank\" rel=\"noopener\">Politicii de confiden\u021bialitate<\/a>, v\u0103 exprima\u021bi \u00een mod direct acceptul de a fi destinatarul acestor comunic\u0103ri cu caracter comercial.<\/p>\n<p><strong>IX. Reclama\u021bii privind \u00eenc\u0103lcarea legii referitoare la protejarea propriet\u0103\u021bii intelectuale<\/strong><br \/>Site-ul apfiacare.com respect\u0103 dreptul la proprietatea intelectual\u0103 a ter\u021bilor. Dac\u0103 a\u021bi observat c\u0103 Site-ul con\u021bine informa\u021bii care \u00eencalc\u0103 dreptul acestora la proprietate intelectual\u0103, v\u0103 rug\u0103m s\u0103 ne trimite\u021bi o \u00een\u0219tiin\u021bare la adresa de email sau s\u0103 ne contacta\u021bi la num\u0103rul de telefon, sau la adresa de coresponden\u021b\u0103, afi\u0219ate la capitolul Despre noi din prezentul contract.<\/p>\n<p><strong>X. Legisla\u021bia aplicabil\u0103<\/strong><br \/>Serviciile oferite de Societate prin intermediul apfiacare.com sunt guvernate de dispozi\u021biile legilor rom\u00e2ne, cu prec\u0103dere de Legea 365\/2002 privind comer\u021bul electronic, Ordonan\u021ba 130\/2000 privind protec\u021bia consumatorilor la \u00eencheierea \u0219i executarea contractelor la distan\u021b\u0103, HG 448\/2005 \u0219i Directiva European\u0103 EC\/96\/2002, care reglementeaz\u0103 regimul taxei pentru timbrul verde, aplicabil produselor electronice. Termenii \u0219i condi\u021biile apfiacare.com se supun legisla\u021biei rom\u00e2ne. \u00cen caz de litigiu, se va \u00eencerca mai \u00eent\u00e2i o rezolvare pe cale amiabil\u0103, \u00een termen de 30 de zile lucr\u0103toare de la \u00eenregistrarea reclama\u021biei la sediul apfiacare.com. \u00cen cazul \u00een care nu se poate ajunge la o \u00een\u021belegere \u00een termenul precizat anterior, litigiile dintre P\u0103r\u021bi se vor supune rezolv\u0103rii instan\u021belor judec\u0103tore\u0219ti competente de pe raza municipiului Bucure\u0219ti, Romania.<\/p>\n<p><strong>XI. Prezentarea ofertei<\/strong><br \/>Site-ul apfiacare.com \u00ee\u0219i rezerv\u0103 dreptul de a opera oric\u00e2nd, orice modific\u0103ri asupra informa\u021biilor \u0219i datelor tehnice prezente pe site-ul apfiacare.com, f\u0103r\u0103 o \u00een\u0219tiin\u021bare prealabil\u0103. Datele tehnice prezente pe site-ul apfiacare.com au caracter informativ \u0219i nu reprezint\u0103 o obliga\u021bie contractual\u0103. Fotografiile de pe site-ul apfiacare.com au caracter informativ \u0219i pot exista diferen\u021be \u00eentre acestea \u0219i produsul real.<\/p>\n\t\t\t\t\t\t<\/div>\n\t\t\t\t<\/div>\n\t\t\t\t\t<\/div>\n\t\t\t\t<\/div>\n\t\t\t\t<\/div>\n\t\t","protected":false},"excerpt":{"rendered":"<p>Acas\u0103 \/Termeni \u0219i condi\u021bii Termeni \u0219i condi\u021bii I. Despre NoiServiciul apfiacare.com este oferit de Next Step Investments S.R.L. cu sediul \u00een Tudor Vladimirescu, nr. 22, Cl\u0103direa Green Gate Offices, biroul 505, etaj 5, Bucure\u0219ti, Sectorul 5, Rom\u00e2nia, \u00eenregistrat\u0103 \u00een Registrul Comer\u021bului sub nr. J40\/17915\/2007, av\u00e2nd cod unic de \u00eenregistrare RO22465856, denumit\u0103 \u00een cele ce urmeaz\u0103 [&hellip;]<\/p>\n","protected":false},"author":2,"featured_media":0,"parent":0,"menu_order":0,"comment_status":"closed","ping_status":"closed","template":"","meta":{"footnotes":""},"class_list":["post-1891","page","type-page","status-publish","hentry"],"_links":{"self":[{"href":"https:\/\/apfiacare.com\/ro\/wp-json\/wp\/v2\/pages\/1891","targetHints":{"allow":["GET"]}}],"collection":[{"href":"https:\/\/apfiacare.com\/ro\/wp-json\/wp\/v2\/pages"}],"about":[{"href":"https:\/\/apfiacare.com\/ro\/wp-json\/wp\/v2\/types\/page"}],"author":[{"embeddable":true,"href":"https:\/\/apfiacare.com\/ro\/wp-json\/wp\/v2\/users\/2"}],"replies":[{"embeddable":true,"href":"https:\/\/apfiacare.com\/ro\/wp-json\/wp\/v2\/comments?post=1891"}],"version-history":[{"count":6,"href":"https:\/\/apfiacare.com\/ro\/wp-json\/wp\/v2\/pages\/1891\/revisions"}],"predecessor-version":[{"id":2250,"href":"https:\/\/apfiacare.com\/ro\/wp-json\/wp\/v2\/pages\/1891\/revisions\/2250"}],"wp:attachment":[{"href":"https:\/\/apfiacare.com\/ro\/wp-json\/wp\/v2\/media?parent=1891"}],"curies":[{"name":"wp","href":"https:\/\/api.w.org\/{rel}","templated":true}]}}