{"id":1918,"date":"2024-04-29T14:06:16","date_gmt":"2024-04-29T14:06:16","guid":{"rendered":"https:\/\/apfiacare.com\/absorbante-postnatale-apfia-care\/"},"modified":"2026-01-14T12:30:07","modified_gmt":"2026-01-14T12:30:07","slug":"absorbante-postnatale-apfia-care","status":"publish","type":"page","link":"https:\/\/apfiacare.com\/ro\/absorbante-postnatale-apfia-care\/","title":{"rendered":"Absorbante Postnatale Apfia Care"},"content":{"rendered":"\t\t<div data-elementor-type=\"wp-page\" data-elementor-id=\"1918\" class=\"elementor elementor-1918 elementor-1089\" data-elementor-post-type=\"page\">\n\t\t\t\t<div class=\"elementor-element elementor-element-9457202 e-flex e-con-boxed e-con e-parent\" data-id=\"9457202\" data-element_type=\"container\" data-settings=\"{&quot;background_background&quot;:&quot;classic&quot;}\">\n\t\t\t\t\t<div class=\"e-con-inner\">\n\t\t\t\t<div class=\"elementor-element elementor-element-934b3eb elementor-widget elementor-widget-text-editor\" data-id=\"934b3eb\" data-element_type=\"widget\" data-widget_type=\"text-editor.default\">\n\t\t\t\t<div class=\"elementor-widget-container\">\n\t\t\t<style>\/*! elementor - v3.21.0 - 25-04-2024 *\/\n.elementor-widget-text-editor.elementor-drop-cap-view-stacked .elementor-drop-cap{background-color:#69727d;color:#fff}.elementor-widget-text-editor.elementor-drop-cap-view-framed .elementor-drop-cap{color:#69727d;border:3px solid;background-color:transparent}.elementor-widget-text-editor:not(.elementor-drop-cap-view-default) .elementor-drop-cap{margin-top:8px}.elementor-widget-text-editor:not(.elementor-drop-cap-view-default) .elementor-drop-cap-letter{width:1em;height:1em}.elementor-widget-text-editor .elementor-drop-cap{float:left;text-align:center;line-height:1;font-size:50px}.elementor-widget-text-editor .elementor-drop-cap-letter{display:inline-block}<\/style>\t\t\t\t<p><a href=\"https:\/\/apfiacare.com\/ro\/\">Acas\u0103<\/a> \/ <a href=\"https:\/\/apfiacare.com\/ro\/ingrijire-personala\/\">\u00cengrijire personal\u0103<\/a> \/ Absorbante Postnatale Apfia Care<\/p>\t\t\t\t\t\t<\/div>\n\t\t\t\t<\/div>\n\t\t\t\t\t<\/div>\n\t\t\t\t<\/div>\n\t\t<div class=\"elementor-element elementor-element-b4c0112 e-flex e-con-boxed e-con e-parent\" data-id=\"b4c0112\" data-element_type=\"container\" data-settings=\"{&quot;background_background&quot;:&quot;classic&quot;}\">\n\t\t\t\t\t<div class=\"e-con-inner\">\n\t\t<div class=\"elementor-element elementor-element-bfed25d e-con-full e-flex e-con e-child\" data-id=\"bfed25d\" data-element_type=\"container\">\n\t\t\t\t<div class=\"elementor-element elementor-element-b81863b elementor-widget elementor-widget-heading\" data-id=\"b81863b\" data-element_type=\"widget\" data-settings=\"{&quot;_animation&quot;:&quot;none&quot;}\" data-widget_type=\"heading.default\">\n\t\t\t\t<div class=\"elementor-widget-container\">\n\t\t\t<style>\/*! elementor - v3.21.0 - 25-04-2024 *\/\n.elementor-heading-title{padding:0;margin:0;line-height:1}.elementor-widget-heading .elementor-heading-title[class*=elementor-size-]>a{color:inherit;font-size:inherit;line-height:inherit}.elementor-widget-heading .elementor-heading-title.elementor-size-small{font-size:15px}.elementor-widget-heading .elementor-heading-title.elementor-size-medium{font-size:19px}.elementor-widget-heading .elementor-heading-title.elementor-size-large{font-size:29px}.elementor-widget-heading .elementor-heading-title.elementor-size-xl{font-size:39px}.elementor-widget-heading .elementor-heading-title.elementor-size-xxl{font-size:59px}<\/style><h2 class=\"elementor-heading-title elementor-size-default\">Absorbante Postnatale Apfia Care <\/h2>\t\t<\/div>\n\t\t\t\t<\/div>\n\t\t\t\t<div class=\"elementor-element elementor-element-f6c97bc elementor-widget elementor-widget-text-editor\" data-id=\"f6c97bc\" data-element_type=\"widget\" data-settings=\"{&quot;_animation&quot;:&quot;none&quot;}\" data-widget_type=\"text-editor.default\">\n\t\t\t\t<div class=\"elementor-widget-container\">\n\t\t\t\t\t\t\t<p>Absorbantele postnatale Apfia Care sunt realizate din material delicat \u0219i aerisit pentru a oferi confort, men\u021bin\u00e2nd \u00een acela\u0219i timp pielea \u0219i hainele uscate. Acest produs este indispensabil mamelor imediat dup\u0103 na\u0219tere. Tampoanele au o c\u0103ptu\u0219eal\u0103 foarte moale pentru a oferi confort ridicat. <\/p>\n\t\t\t\t\t\t<\/div>\n\t\t\t\t<\/div>\n\t\t\t\t<div class=\"elementor-element elementor-element-1b4c76d elementor-align-left elementor-invisible elementor-widget elementor-widget-button\" data-id=\"1b4c76d\" data-element_type=\"widget\" data-settings=\"{&quot;_animation&quot;:&quot;fadeInUp&quot;}\" data-widget_type=\"button.default\">\n\t\t\t\t<div class=\"elementor-widget-container\">\n\t\t\t\t\t<div class=\"elementor-button-wrapper\">\n\t\t\t<a class=\"elementor-button elementor-button-link elementor-size-sm\" href=\"https:\/\/apfiacare.com\/contact\/\">\n\t\t\t\t\t\t<span class=\"elementor-button-content-wrapper\">\n\t\t\t\t\t\t\t\t\t<span class=\"elementor-button-text\">Contacteaz\u0103-ne<\/span>\n\t\t\t\t\t<\/span>\n\t\t\t\t\t<\/a>\n\t\t<\/div>\n\t\t\t\t<\/div>\n\t\t\t\t<\/div>\n\t\t\t\t<\/div>\n\t\t<div class=\"elementor-element elementor-element-bafebb6 e-con-full e-flex e-con e-child\" data-id=\"bafebb6\" data-element_type=\"container\">\n\t\t\t\t<div class=\"elementor-element elementor-element-60f1d16 elementor-widget elementor-widget-image\" data-id=\"60f1d16\" data-element_type=\"widget\" data-widget_type=\"image.default\">\n\t\t\t\t<div class=\"elementor-widget-container\">\n\t\t\t<style>\/*! elementor - v3.21.0 - 25-04-2024 *\/\n.elementor-widget-image{text-align:center}.elementor-widget-image a{display:inline-block}.elementor-widget-image a img[src$=\".svg\"]{width:48px}.elementor-widget-image img{vertical-align:middle;display:inline-block}<\/style>\t\t\t\t\t\t\t\t\t\t<img fetchpriority=\"high\" decoding=\"async\" width=\"768\" height=\"768\" src=\"https:\/\/apfiacare.com\/wp-content\/uploads\/2026\/01\/20215_tampoane-L-768x768.png\" class=\"attachment-medium_large size-medium_large wp-image-3291\" alt=\"\" srcset=\"https:\/\/apfiacare.com\/wp-content\/uploads\/2026\/01\/20215_tampoane-L-768x768.png 768w, https:\/\/apfiacare.com\/wp-content\/uploads\/2026\/01\/20215_tampoane-L-300x300.png 300w, https:\/\/apfiacare.com\/wp-content\/uploads\/2026\/01\/20215_tampoane-L-150x150.png 150w, https:\/\/apfiacare.com\/wp-content\/uploads\/2026\/01\/20215_tampoane-L.png 1000w\" sizes=\"(max-width: 768px) 100vw, 768px\" \/>\t\t\t\t\t\t\t\t\t\t\t\t\t<\/div>\n\t\t\t\t<\/div>\n\t\t\t\t<div class=\"elementor-element elementor-element-8d5712b gallery-spacing-custom elementor-widget elementor-widget-image-gallery\" data-id=\"8d5712b\" data-element_type=\"widget\" data-widget_type=\"image-gallery.default\">\n\t\t\t\t<div class=\"elementor-widget-container\">\n\t\t\t<style>\/*! elementor - v3.21.0 - 25-04-2024 *\/\n.elementor-image-gallery .gallery-item{display:inline-block;text-align:center;vertical-align:top;width:100%;max-width:100%;margin:0 auto}.elementor-image-gallery .gallery-item img{margin:0 auto}.elementor-image-gallery .gallery-item .gallery-caption{margin:0}.elementor-image-gallery figure img{display:block}.elementor-image-gallery figure figcaption{width:100%}.gallery-spacing-custom .elementor-image-gallery .gallery-icon{padding:0}@media (min-width:768px){.elementor-image-gallery .gallery-columns-2 .gallery-item{max-width:50%}.elementor-image-gallery .gallery-columns-3 .gallery-item{max-width:33.33%}.elementor-image-gallery .gallery-columns-4 .gallery-item{max-width:25%}.elementor-image-gallery .gallery-columns-5 .gallery-item{max-width:20%}.elementor-image-gallery .gallery-columns-6 .gallery-item{max-width:16.666%}.elementor-image-gallery .gallery-columns-7 .gallery-item{max-width:14.28%}.elementor-image-gallery .gallery-columns-8 .gallery-item{max-width:12.5%}.elementor-image-gallery .gallery-columns-9 .gallery-item{max-width:11.11%}.elementor-image-gallery .gallery-columns-10 .gallery-item{max-width:10%}}@media (min-width:480px) and (max-width:767px){.elementor-image-gallery .gallery.gallery-columns-2 .gallery-item,.elementor-image-gallery .gallery.gallery-columns-3 .gallery-item,.elementor-image-gallery .gallery.gallery-columns-4 .gallery-item,.elementor-image-gallery .gallery.gallery-columns-5 .gallery-item,.elementor-image-gallery .gallery.gallery-columns-6 .gallery-item,.elementor-image-gallery .gallery.gallery-columns-7 .gallery-item,.elementor-image-gallery .gallery.gallery-columns-8 .gallery-item,.elementor-image-gallery .gallery.gallery-columns-9 .gallery-item,.elementor-image-gallery .gallery.gallery-columns-10 .gallery-item{max-width:50%}}@media (max-width:479px){.elementor-image-gallery .gallery.gallery-columns-2 .gallery-item,.elementor-image-gallery .gallery.gallery-columns-3 .gallery-item,.elementor-image-gallery .gallery.gallery-columns-4 .gallery-item,.elementor-image-gallery .gallery.gallery-columns-5 .gallery-item,.elementor-image-gallery .gallery.gallery-columns-6 .gallery-item,.elementor-image-gallery .gallery.gallery-columns-7 .gallery-item,.elementor-image-gallery .gallery.gallery-columns-8 .gallery-item,.elementor-image-gallery .gallery.gallery-columns-9 .gallery-item,.elementor-image-gallery .gallery.gallery-columns-10 .gallery-item{max-width:100%}}<\/style>\t\t<div class=\"elementor-image-gallery\">\n\t\t\t<div id='gallery-1' class='gallery galleryid-1918 gallery-columns-3 gallery-size-full'><figure class='gallery-item'>\n\t\t\t<div class='gallery-icon landscape'>\n\t\t\t\t<a data-elementor-open-lightbox=\"yes\" data-elementor-lightbox-slideshow=\"8d5712b\" data-elementor-lightbox-title=\"Maternity Pads\" data-e-action-hash=\"#elementor-action%3Aaction%3Dlightbox%26settings%3DeyJpZCI6MTY0MSwidXJsIjoiaHR0cHM6XC9cL2FwZmlhY2FyZS5jb21cL3dwLWNvbnRlbnRcL3VwbG9hZHNcLzIwMjRcLzA1XC8yLmpwZyIsInNsaWRlc2hvdyI6IjhkNTcxMmIifQ%3D%3D\" href='https:\/\/apfiacare.com\/wp-content\/uploads\/2024\/05\/2.jpg'><img decoding=\"async\" width=\"1080\" height=\"1080\" src=\"https:\/\/apfiacare.com\/wp-content\/uploads\/2024\/05\/2.jpg\" class=\"attachment-full size-full\" alt=\"\" aria-describedby=\"gallery-1-1641\" srcset=\"https:\/\/apfiacare.com\/wp-content\/uploads\/2024\/05\/2.jpg 1080w, https:\/\/apfiacare.com\/wp-content\/uploads\/2024\/05\/2-300x300.jpg 300w, https:\/\/apfiacare.com\/wp-content\/uploads\/2024\/05\/2-1024x1024.jpg 1024w, https:\/\/apfiacare.com\/wp-content\/uploads\/2024\/05\/2-150x150.jpg 150w, https:\/\/apfiacare.com\/wp-content\/uploads\/2024\/05\/2-768x768.jpg 768w\" sizes=\"(max-width: 1080px) 100vw, 1080px\" \/><\/a>\n\t\t\t<\/div>\n\t\t\t\t<figcaption class='wp-caption-text gallery-caption' id='gallery-1-1641'>\n\t\t\t\tMaternity Pads\n\t\t\t\t<\/figcaption><\/figure><figure class='gallery-item'>\n\t\t\t<div class='gallery-icon landscape'>\n\t\t\t\t<a data-elementor-open-lightbox=\"yes\" data-elementor-lightbox-slideshow=\"8d5712b\" data-elementor-lightbox-title=\"Ultra soft\" data-e-action-hash=\"#elementor-action%3Aaction%3Dlightbox%26settings%3DeyJpZCI6MTY0MywidXJsIjoiaHR0cHM6XC9cL2FwZmlhY2FyZS5jb21cL3dwLWNvbnRlbnRcL3VwbG9hZHNcLzIwMjRcLzA1XC8zLTEuanBnIiwic2xpZGVzaG93IjoiOGQ1NzEyYiJ9\" href='https:\/\/apfiacare.com\/wp-content\/uploads\/2024\/05\/3-1.jpg'><img decoding=\"async\" width=\"1080\" height=\"1080\" src=\"https:\/\/apfiacare.com\/wp-content\/uploads\/2024\/05\/3-1.jpg\" class=\"attachment-full size-full\" alt=\"\" aria-describedby=\"gallery-1-1643\" srcset=\"https:\/\/apfiacare.com\/wp-content\/uploads\/2024\/05\/3-1.jpg 1080w, https:\/\/apfiacare.com\/wp-content\/uploads\/2024\/05\/3-1-300x300.jpg 300w, https:\/\/apfiacare.com\/wp-content\/uploads\/2024\/05\/3-1-1024x1024.jpg 1024w, https:\/\/apfiacare.com\/wp-content\/uploads\/2024\/05\/3-1-150x150.jpg 150w, https:\/\/apfiacare.com\/wp-content\/uploads\/2024\/05\/3-1-768x768.jpg 768w\" sizes=\"(max-width: 1080px) 100vw, 1080px\" \/><\/a>\n\t\t\t<\/div>\n\t\t\t\t<figcaption class='wp-caption-text gallery-caption' id='gallery-1-1643'>\n\t\t\t\tUltra soft\n\t\t\t\t<\/figcaption><\/figure><figure class='gallery-item'>\n\t\t\t<div class='gallery-icon landscape'>\n\t\t\t\t<a data-elementor-open-lightbox=\"yes\" data-elementor-lightbox-slideshow=\"8d5712b\" data-elementor-lightbox-title=\"Ultra absorption\" data-e-action-hash=\"#elementor-action%3Aaction%3Dlightbox%26settings%3DeyJpZCI6MTY0NSwidXJsIjoiaHR0cHM6XC9cL2FwZmlhY2FyZS5jb21cL3dwLWNvbnRlbnRcL3VwbG9hZHNcLzIwMjRcLzA1XC80LTEuanBnIiwic2xpZGVzaG93IjoiOGQ1NzEyYiJ9\" href='https:\/\/apfiacare.com\/wp-content\/uploads\/2024\/05\/4-1.jpg'><img loading=\"lazy\" decoding=\"async\" width=\"1080\" height=\"1080\" src=\"https:\/\/apfiacare.com\/wp-content\/uploads\/2024\/05\/4-1.jpg\" class=\"attachment-full size-full\" alt=\"\" aria-describedby=\"gallery-1-1645\" srcset=\"https:\/\/apfiacare.com\/wp-content\/uploads\/2024\/05\/4-1.jpg 1080w, https:\/\/apfiacare.com\/wp-content\/uploads\/2024\/05\/4-1-300x300.jpg 300w, https:\/\/apfiacare.com\/wp-content\/uploads\/2024\/05\/4-1-1024x1024.jpg 1024w, https:\/\/apfiacare.com\/wp-content\/uploads\/2024\/05\/4-1-150x150.jpg 150w, https:\/\/apfiacare.com\/wp-content\/uploads\/2024\/05\/4-1-768x768.jpg 768w\" sizes=\"(max-width: 1080px) 100vw, 1080px\" \/><\/a>\n\t\t\t<\/div>\n\t\t\t\t<figcaption class='wp-caption-text gallery-caption' id='gallery-1-1645'>\n\t\t\t\tUltra absorption \n\t\t\t\t<\/figcaption><\/figure>\n\t\t<\/div>\n\t\t<\/div>\n\t\t\t\t<\/div>\n\t\t\t\t<\/div>\n\t\t\t\t<\/div>\n\t\t\t\t\t<\/div>\n\t\t\t\t<\/div>\n\t\t<div class=\"elementor-element elementor-element-56094bd e-flex e-con-boxed e-con e-parent\" data-id=\"56094bd\" data-element_type=\"container\" data-settings=\"{&quot;background_background&quot;:&quot;classic&quot;}\">\n\t\t\t\t\t<div class=\"e-con-inner\">\n\t\t<div class=\"elementor-element elementor-element-f269ba5 e-con-full e-flex e-con e-child\" data-id=\"f269ba5\" data-element_type=\"container\">\n\t\t\t\t<div class=\"elementor-element elementor-element-e4d37d5 elementor-widget elementor-widget-image\" data-id=\"e4d37d5\" data-element_type=\"widget\" data-widget_type=\"image.default\">\n\t\t\t\t<div class=\"elementor-widget-container\">\n\t\t\t\t\t\t\t\t\t\t\t\t\t<img loading=\"lazy\" decoding=\"async\" width=\"90\" height=\"89\" src=\"https:\/\/apfiacare.com\/wp-content\/uploads\/2024\/04\/delicat.svg\" class=\"attachment-large size-large wp-image-1107\" alt=\"\" \/>\t\t\t\t\t\t\t\t\t\t\t\t\t<\/div>\n\t\t\t\t<\/div>\n\t\t\t\t<div class=\"elementor-element elementor-element-0a7742b elementor-widget elementor-widget-heading\" data-id=\"0a7742b\" data-element_type=\"widget\" data-widget_type=\"heading.default\">\n\t\t\t\t<div class=\"elementor-widget-container\">\n\t\t\t<h3 class=\"elementor-heading-title elementor-size-default\">S\u0103n\u0103tos <br>\n\u0219i igienic <\/h3>\t\t<\/div>\n\t\t\t\t<\/div>\n\t\t\t\t<div class=\"elementor-element elementor-element-b32e8ef elementor-widget elementor-widget-text-editor\" data-id=\"b32e8ef\" data-element_type=\"widget\" data-widget_type=\"text-editor.default\">\n\t\t\t\t<div class=\"elementor-widget-container\">\n\t\t\t\t\t\t\t<p>Material m\u0103t\u0103sos, moale <br \/>\u0219i prietenos cu pielea sensibil\u0103.<\/p>\n\t\t\t\t\t\t<\/div>\n\t\t\t\t<\/div>\n\t\t\t\t<\/div>\n\t\t<div class=\"elementor-element elementor-element-f260a0a e-con-full e-flex e-con e-child\" data-id=\"f260a0a\" data-element_type=\"container\">\n\t\t\t\t<div class=\"elementor-element elementor-element-76c35ac elementor-widget elementor-widget-image\" data-id=\"76c35ac\" data-element_type=\"widget\" data-widget_type=\"image.default\">\n\t\t\t\t<div class=\"elementor-widget-container\">\n\t\t\t\t\t\t\t\t\t\t\t\t\t<img loading=\"lazy\" decoding=\"async\" width=\"90\" height=\"89\" src=\"https:\/\/apfiacare.com\/wp-content\/uploads\/2024\/04\/absorbtie.svg\" class=\"attachment-large size-large wp-image-1116\" alt=\"\" \/>\t\t\t\t\t\t\t\t\t\t\t\t\t<\/div>\n\t\t\t\t<\/div>\n\t\t\t\t<div class=\"elementor-element elementor-element-ade8b57 elementor-widget elementor-widget-heading\" data-id=\"ade8b57\" data-element_type=\"widget\" data-widget_type=\"heading.default\">\n\t\t\t\t<div class=\"elementor-widget-container\">\n\t\t\t<h3 class=\"elementor-heading-title elementor-size-default\">Absorb\u021bie <br>\neficient\u0103<\/h3>\t\t<\/div>\n\t\t\t\t<\/div>\n\t\t\t\t<div class=\"elementor-element elementor-element-311f898 elementor-widget elementor-widget-text-editor\" data-id=\"311f898\" data-element_type=\"widget\" data-widget_type=\"text-editor.default\">\n\t\t\t\t<div class=\"elementor-widget-container\">\n\t\t\t\t\t\t\t<p>Straturi cu <br \/> absorb\u021bie ridicat\u0103.<\/p>\n\t\t\t\t\t\t<\/div>\n\t\t\t\t<\/div>\n\t\t\t\t<div class=\"elementor-element elementor-element-fe77b6a elementor-hidden-tablet elementor-hidden-mobile elementor-widget elementor-widget-image\" data-id=\"fe77b6a\" data-element_type=\"widget\" data-widget_type=\"image.default\">\n\t\t\t\t<div class=\"elementor-widget-container\">\n\t\t\t\t\t\t\t\t\t\t\t\t\t<img loading=\"lazy\" decoding=\"async\" width=\"10\" height=\"15\" src=\"https:\/\/apfiacare.com\/wp-content\/uploads\/2024\/04\/arrow.svg\" class=\"attachment-medium size-medium wp-image-105\" alt=\"\" \/>\t\t\t\t\t\t\t\t\t\t\t\t\t<\/div>\n\t\t\t\t<\/div>\n\t\t\t\t<\/div>\n\t\t<div class=\"elementor-element elementor-element-f0644fe e-con-full e-flex e-con e-child\" data-id=\"f0644fe\" data-element_type=\"container\">\n\t\t\t\t<div class=\"elementor-element elementor-element-8357700 elementor-widget elementor-widget-image\" data-id=\"8357700\" data-element_type=\"widget\" data-widget_type=\"image.default\">\n\t\t\t\t<div class=\"elementor-widget-container\">\n\t\t\t\t\t\t\t\t\t\t\t\t\t<img loading=\"lazy\" decoding=\"async\" width=\"90\" height=\"89\" src=\"https:\/\/apfiacare.com\/wp-content\/uploads\/2024\/04\/impermeabil.svg\" class=\"attachment-large size-large wp-image-1117\" alt=\"\" \/>\t\t\t\t\t\t\t\t\t\t\t\t\t<\/div>\n\t\t\t\t<\/div>\n\t\t\t\t<div class=\"elementor-element elementor-element-846b733 elementor-widget elementor-widget-heading\" data-id=\"846b733\" data-element_type=\"widget\" data-widget_type=\"heading.default\">\n\t\t\t\t<div class=\"elementor-widget-container\">\n\t\t\t<h3 class=\"elementor-heading-title elementor-size-default\">100% <br>impermeabil<\/h3>\t\t<\/div>\n\t\t\t\t<\/div>\n\t\t\t\t<div class=\"elementor-element elementor-element-0e2bde1 elementor-widget elementor-widget-text-editor\" data-id=\"0e2bde1\" data-element_type=\"widget\" data-widget_type=\"text-editor.default\">\n\t\t\t\t<div class=\"elementor-widget-container\">\n\t\t\t\t\t\t\t<p>Material impermeabil <br \/> care las\u0103 pielea s\u0103 respire liber.<\/p>\n\t\t\t\t\t\t<\/div>\n\t\t\t\t<\/div>\n\t\t\t\t<\/div>\n\t\t\t\t\t<\/div>\n\t\t\t\t<\/div>\n\t\t<div class=\"elementor-element elementor-element-be7c375 e-flex e-con-boxed e-con e-parent\" data-id=\"be7c375\" data-element_type=\"container\">\n\t\t\t\t\t<div class=\"e-con-inner\">\n\t\t\t\t<div class=\"elementor-element elementor-element-b9fa6ae elementor-widget elementor-widget-image\" data-id=\"b9fa6ae\" data-element_type=\"widget\" data-widget_type=\"image.default\">\n\t\t\t\t<div class=\"elementor-widget-container\">\n\t\t\t\t\t\t\t\t\t\t\t\t\t<img loading=\"lazy\" decoding=\"async\" width=\"253\" height=\"96\" src=\"https:\/\/apfiacare.com\/wp-content\/uploads\/2024\/04\/bucla_blue_bott.png\" class=\"attachment-large size-large wp-image-325\" alt=\"\" \/>\t\t\t\t\t\t\t\t\t\t\t\t\t<\/div>\n\t\t\t\t<\/div>\n\t\t\t\t\t<\/div>\n\t\t\t\t<\/div>\n\t\t<div class=\"elementor-element elementor-element-684aa58 e-flex e-con-boxed e-con e-parent\" data-id=\"684aa58\" data-element_type=\"container\" data-settings=\"{&quot;background_background&quot;:&quot;classic&quot;}\">\n\t\t\t\t\t<div class=\"e-con-inner\">\n\t\t<div class=\"elementor-element elementor-element-4b8089d e-con-full e-flex e-con e-child\" data-id=\"4b8089d\" data-element_type=\"container\">\n\t\t\t\t<div class=\"elementor-element elementor-element-cbafbf1 elementor-widget elementor-widget-image\" data-id=\"cbafbf1\" data-element_type=\"widget\" data-widget_type=\"image.default\">\n\t\t\t\t<div class=\"elementor-widget-container\">\n\t\t\t\t\t\t\t\t\t\t\t\t\t<img loading=\"lazy\" decoding=\"async\" width=\"697\" height=\"697\" src=\"https:\/\/apfiacare.com\/wp-content\/uploads\/2024\/05\/abosrbante.png\" class=\"attachment-full size-full wp-image-2254\" alt=\"\" srcset=\"https:\/\/apfiacare.com\/wp-content\/uploads\/2024\/05\/abosrbante.png 697w, https:\/\/apfiacare.com\/wp-content\/uploads\/2024\/05\/abosrbante-300x300.png 300w, https:\/\/apfiacare.com\/wp-content\/uploads\/2024\/05\/abosrbante-150x150.png 150w\" sizes=\"(max-width: 697px) 100vw, 697px\" \/>\t\t\t\t\t\t\t\t\t\t\t\t\t<\/div>\n\t\t\t\t<\/div>\n\t\t\t\t<\/div>\n\t\t<div class=\"elementor-element elementor-element-940e296 e-con-full e-flex e-con e-child\" data-id=\"940e296\" data-element_type=\"container\">\n\t\t\t\t<div class=\"elementor-element elementor-element-a39a262 elementor-widget elementor-widget-text-editor\" data-id=\"a39a262\" data-element_type=\"widget\" data-settings=\"{&quot;_animation&quot;:&quot;none&quot;}\" data-widget_type=\"text-editor.default\">\n\t\t\t\t<div class=\"elementor-widget-container\">\n\t\t\t\t\t\t\t<p>Mamele se pot mi\u0219ca liber \u0219i confortabil folosind tampoane postnatale extra-sub\u021biri Apfia Care. Acestea vin cu benzi adezive pentru a asigura pozi\u021bia fix\u0103 pe lenjerie. Corpul tamponului este realizat din fulgi de celuloz\u0103 care asigur\u0103 un material moale, delicat cu pielea.<\/p>\n\t\t\t\t\t\t<\/div>\n\t\t\t\t<\/div>\n\t\t<div class=\"elementor-element elementor-element-1b1c3ae e-con-full e-flex e-con e-child\" data-id=\"1b1c3ae\" data-element_type=\"container\" data-settings=\"{&quot;background_background&quot;:&quot;classic&quot;}\">\n\t\t\t\t<div class=\"elementor-element elementor-element-a171346 elementor-widget elementor-widget-heading\" data-id=\"a171346\" data-element_type=\"widget\" data-widget_type=\"heading.default\">\n\t\t\t\t<div class=\"elementor-widget-container\">\n\t\t\t<h3 class=\"elementor-heading-title elementor-size-default\">Material:<\/h3>\t\t<\/div>\n\t\t\t\t<\/div>\n\t\t\t\t<div class=\"elementor-element elementor-element-626b865 elementor-widget elementor-widget-text-editor\" data-id=\"626b865\" data-element_type=\"widget\" data-settings=\"{&quot;_animation&quot;:&quot;none&quot;}\" data-widget_type=\"text-editor.default\">\n\t\t\t\t<div class=\"elementor-widget-container\">\n\t\t\t\t\t\t\t<p>Corpul tamponului este realizat din fulgi de celuloz\u0103 care asigur\u0103 Moale, delicat cu pielea.<\/p>\n\t\t\t\t\t\t<\/div>\n\t\t\t\t<\/div>\n\t\t\t\t<div class=\"elementor-element elementor-element-8dbec10 elementor-widget elementor-widget-heading\" data-id=\"8dbec10\" data-element_type=\"widget\" data-widget_type=\"heading.default\">\n\t\t\t\t<div class=\"elementor-widget-container\">\n\t\t\t<h3 class=\"elementor-heading-title elementor-size-default\">Cantitate:<\/h3>\t\t<\/div>\n\t\t\t\t<\/div>\n\t\t\t\t<div class=\"elementor-element elementor-element-92d1b83 elementor-widget elementor-widget-text-editor\" data-id=\"92d1b83\" data-element_type=\"widget\" data-settings=\"{&quot;_animation&quot;:&quot;none&quot;}\" data-widget_type=\"text-editor.default\">\n\t\t\t\t<div class=\"elementor-widget-container\">\n\t\t\t\t\t\t\t<ul>\n<li>10 buc\u0103\u021bi<\/li>\n<li>Ambalate individual<\/li>\n<\/ul>\n\t\t\t\t\t\t<\/div>\n\t\t\t\t<\/div>\n\t\t\t\t<\/div>\n\t\t\t\t<\/div>\n\t\t\t\t\t<\/div>\n\t\t\t\t<\/div>\n\t\t<div class=\"elementor-element elementor-element-4c8c3ed e-flex e-con-boxed e-con e-parent\" data-id=\"4c8c3ed\" data-element_type=\"container\">\n\t\t\t\t\t<div class=\"e-con-inner\">\n\t\t<div class=\"elementor-element elementor-element-e07c6f1 e-con-full e-flex e-con e-child\" data-id=\"e07c6f1\" data-element_type=\"container\">\n\t\t\t\t<div class=\"elementor-element elementor-element-32404cd elementor-widget elementor-widget-image\" data-id=\"32404cd\" data-element_type=\"widget\" data-widget_type=\"image.default\">\n\t\t\t\t<div class=\"elementor-widget-container\">\n\t\t\t\t\t\t\t\t\t\t\t\t\t<img loading=\"lazy\" decoding=\"async\" width=\"102\" height=\"102\" src=\"https:\/\/apfiacare.com\/wp-content\/uploads\/2024\/04\/atentie.svg\" class=\"attachment-large size-large wp-image-1133\" alt=\"\" \/>\t\t\t\t\t\t\t\t\t\t\t\t\t<\/div>\n\t\t\t\t<\/div>\n\t\t\t\t<\/div>\n\t\t<div class=\"elementor-element elementor-element-8f52ee4 e-con-full e-flex e-con e-child\" data-id=\"8f52ee4\" data-element_type=\"container\">\n\t\t\t\t<div class=\"elementor-element elementor-element-371eed6 elementor-widget elementor-widget-heading\" data-id=\"371eed6\" data-element_type=\"widget\" data-widget_type=\"heading.default\">\n\t\t\t\t<div class=\"elementor-widget-container\">\n\t\t\t<h3 class=\"elementor-heading-title elementor-size-default\">Precau\u021bii:<\/h3>\t\t<\/div>\n\t\t\t\t<\/div>\n\t\t\t\t<div class=\"elementor-element elementor-element-633bb84 elementor-widget elementor-widget-text-editor\" data-id=\"633bb84\" data-element_type=\"widget\" data-settings=\"{&quot;_animation&quot;:&quot;none&quot;}\" data-widget_type=\"text-editor.default\">\n\t\t\t\t<div class=\"elementor-widget-container\">\n\t\t\t\t\t\t\t<p>\u2022 Dac\u0103 exist\u0103 vreo anomalie sau disconfort, v\u0103 rug\u0103m s\u0103 \u00eenceta\u021bi imediat utilizarea produsului.<br \/>\u2022 A nu se l\u0103sa la \u00eendem\u00e2na copiilor.<br \/>\u2022 A se p\u0103stra departe de lumina soarelui, \u00eentr-un loc r\u0103coros \u0219i uscat.<br \/>\u2022 V\u0103 rug\u0103m s\u0103 nu pune\u021bi produsul \u00een umezeal\u0103 dup\u0103 desigilare pentru a reduce infec\u021bia bacterian\u0103.<br \/>\u2022 \u00cenlocui\u021bi absorbantul la fiecare 2-3 ore.<br \/>\u2022 Nu sp\u0103la\u021bi absorbantul, odat\u0103 folosit arunca\u021bi-l la co\u0219ul de gunoi.<\/p>\n\t\t\t\t\t\t<\/div>\n\t\t\t\t<\/div>\n\t\t\t\t<\/div>\n\t\t\t\t\t<\/div>\n\t\t\t\t<\/div>\n\t\t\t\t<\/div>\n\t\t","protected":false},"excerpt":{"rendered":"<p>Acas\u0103 \/ \u00cengrijire personal\u0103 \/ Absorbante Postnatale Apfia Care Absorbante Postnatale Apfia Care Absorbantele postnatale Apfia Care sunt realizate din material delicat \u0219i aerisit pentru a oferi confort, men\u021bin\u00e2nd \u00een acela\u0219i timp pielea \u0219i hainele uscate. Acest produs este indispensabil mamelor imediat dup\u0103 na\u0219tere. Tampoanele au o c\u0103ptu\u0219eal\u0103 foarte moale pentru a oferi confort ridicat. [&hellip;]<\/p>\n","protected":false},"author":2,"featured_media":0,"parent":0,"menu_order":0,"comment_status":"closed","ping_status":"closed","template":"","meta":{"footnotes":""},"class_list":["post-1918","page","type-page","status-publish","hentry"],"_links":{"self":[{"href":"https:\/\/apfiacare.com\/ro\/wp-json\/wp\/v2\/pages\/1918","targetHints":{"allow":["GET"]}}],"collection":[{"href":"https:\/\/apfiacare.com\/ro\/wp-json\/wp\/v2\/pages"}],"about":[{"href":"https:\/\/apfiacare.com\/ro\/wp-json\/wp\/v2\/types\/page"}],"author":[{"embeddable":true,"href":"https:\/\/apfiacare.com\/ro\/wp-json\/wp\/v2\/users\/2"}],"replies":[{"embeddable":true,"href":"https:\/\/apfiacare.com\/ro\/wp-json\/wp\/v2\/comments?post=1918"}],"version-history":[{"count":25,"href":"https:\/\/apfiacare.com\/ro\/wp-json\/wp\/v2\/pages\/1918\/revisions"}],"predecessor-version":[{"id":3312,"href":"https:\/\/apfiacare.com\/ro\/wp-json\/wp\/v2\/pages\/1918\/revisions\/3312"}],"wp:attachment":[{"href":"https:\/\/apfiacare.com\/ro\/wp-json\/wp\/v2\/media?parent=1918"}],"curies":[{"name":"wp","href":"https:\/\/api.w.org\/{rel}","templated":true}]}}