{"id":1926,"date":"2024-04-30T13:14:21","date_gmt":"2024-04-30T13:14:21","guid":{"rendered":"https:\/\/apfiacare.com\/ingrijire-personala\/"},"modified":"2026-01-14T12:31:49","modified_gmt":"2026-01-14T12:31:49","slug":"ingrijire-personala","status":"publish","type":"page","link":"https:\/\/apfiacare.com\/ro\/ingrijire-personala\/","title":{"rendered":"\u00cengrijire personal\u0103"},"content":{"rendered":"\t\t<div data-elementor-type=\"wp-page\" data-elementor-id=\"1926\" class=\"elementor elementor-1926 elementor-1290\" data-elementor-post-type=\"page\">\n\t\t\t\t<div class=\"elementor-element elementor-element-9ebb14c e-flex e-con-boxed e-con e-parent\" data-id=\"9ebb14c\" data-element_type=\"container\" data-settings=\"{&quot;background_background&quot;:&quot;classic&quot;}\">\n\t\t\t\t\t<div class=\"e-con-inner\">\n\t\t\t\t<div class=\"elementor-element elementor-element-e310e5e elementor-widget elementor-widget-text-editor\" data-id=\"e310e5e\" data-element_type=\"widget\" data-widget_type=\"text-editor.default\">\n\t\t\t\t<div class=\"elementor-widget-container\">\n\t\t\t<style>\/*! elementor - v3.21.0 - 25-04-2024 *\/\n.elementor-widget-text-editor.elementor-drop-cap-view-stacked .elementor-drop-cap{background-color:#69727d;color:#fff}.elementor-widget-text-editor.elementor-drop-cap-view-framed .elementor-drop-cap{color:#69727d;border:3px solid;background-color:transparent}.elementor-widget-text-editor:not(.elementor-drop-cap-view-default) .elementor-drop-cap{margin-top:8px}.elementor-widget-text-editor:not(.elementor-drop-cap-view-default) .elementor-drop-cap-letter{width:1em;height:1em}.elementor-widget-text-editor .elementor-drop-cap{float:left;text-align:center;line-height:1;font-size:50px}.elementor-widget-text-editor .elementor-drop-cap-letter{display:inline-block}<\/style>\t\t\t\t<p><a href=\"https:\/\/apfiacare.com\/ro\/\">Acas\u0103<\/a> \/ <a href=\"https:\/\/apfiacare.com\/ro\/produse\/\">Produse<\/a> \/ \u00cengrijire personal\u0103<\/p>\t\t\t\t\t\t<\/div>\n\t\t\t\t<\/div>\n\t\t\t\t\t<\/div>\n\t\t\t\t<\/div>\n\t\t<div class=\"elementor-element elementor-element-ca95fe5 e-flex e-con-boxed e-con e-parent\" data-id=\"ca95fe5\" data-element_type=\"container\" data-settings=\"{&quot;background_background&quot;:&quot;classic&quot;}\">\n\t\t\t\t\t<div class=\"e-con-inner\">\n\t\t<div class=\"elementor-element elementor-element-81af132 e-con-full e-flex e-con e-child\" data-id=\"81af132\" data-element_type=\"container\" data-settings=\"{&quot;background_background&quot;:&quot;classic&quot;}\">\n\t\t\t\t<div class=\"elementor-element elementor-element-c701e2f elementor-widget elementor-widget-heading\" data-id=\"c701e2f\" data-element_type=\"widget\" data-widget_type=\"heading.default\">\n\t\t\t\t<div class=\"elementor-widget-container\">\n\t\t\t<style>\/*! elementor - v3.21.0 - 25-04-2024 *\/\n.elementor-heading-title{padding:0;margin:0;line-height:1}.elementor-widget-heading .elementor-heading-title[class*=elementor-size-]>a{color:inherit;font-size:inherit;line-height:inherit}.elementor-widget-heading .elementor-heading-title.elementor-size-small{font-size:15px}.elementor-widget-heading .elementor-heading-title.elementor-size-medium{font-size:19px}.elementor-widget-heading .elementor-heading-title.elementor-size-large{font-size:29px}.elementor-widget-heading .elementor-heading-title.elementor-size-xl{font-size:39px}.elementor-widget-heading .elementor-heading-title.elementor-size-xxl{font-size:59px}<\/style><h3 class=\"elementor-heading-title elementor-size-default\">\u00cengrijire\npersonal\u0103<\/h3>\t\t<\/div>\n\t\t\t\t<\/div>\n\t\t\t\t<div class=\"elementor-element elementor-element-e8e47b7 elementor-widget elementor-widget-text-editor\" data-id=\"e8e47b7\" data-element_type=\"widget\" data-widget_type=\"text-editor.default\">\n\t\t\t\t<div class=\"elementor-widget-container\">\n\t\t\t\t\t\t\t<p>Descoper\u0103 gama de produse pentru \u00eengrijire personal\u0103, alese special pentru momentele diverse \u00een care via\u021ba poate fi mai u\u0219oar\u0103.<\/p>\n\t\t\t\t\t\t<\/div>\n\t\t\t\t<\/div>\n\t\t\t\t<\/div>\n\t\t<div class=\"elementor-element elementor-element-7024647 e-con-full e-flex e-con e-child\" data-id=\"7024647\" data-element_type=\"container\" data-settings=\"{&quot;background_background&quot;:&quot;classic&quot;}\">\n\t\t\t\t<div class=\"elementor-element elementor-element-5326490 elementor-widget elementor-widget-image\" data-id=\"5326490\" data-element_type=\"widget\" data-widget_type=\"image.default\">\n\t\t\t\t<div class=\"elementor-widget-container\">\n\t\t\t<style>\/*! elementor - v3.21.0 - 25-04-2024 *\/\n.elementor-widget-image{text-align:center}.elementor-widget-image a{display:inline-block}.elementor-widget-image a img[src$=\".svg\"]{width:48px}.elementor-widget-image img{vertical-align:middle;display:inline-block}<\/style>\t\t\t\t\t\t\t\t\t\t<img decoding=\"async\" width=\"1\" height=\"1\" src=\"https:\/\/apfiacare.com\/wp-content\/uploads\/2025\/11\/inima-apfia-care-refacere.svg\" class=\"attachment-large size-large wp-image-3179\" alt=\"\" \/>\t\t\t\t\t\t\t\t\t\t\t\t\t<\/div>\n\t\t\t\t<\/div>\n\t\t\t\t<\/div>\n\t\t\t\t\t<\/div>\n\t\t\t\t<\/div>\n\t\t<div class=\"elementor-element elementor-element-a3df7b7 e-flex e-con-boxed e-con e-parent\" data-id=\"a3df7b7\" data-element_type=\"container\">\n\t\t\t\t\t<div class=\"e-con-inner\">\n\t\t<div class=\"elementor-element elementor-element-8435372 e-con-full e-flex e-con e-child\" data-id=\"8435372\" data-element_type=\"container\">\n\t\t\t\t<div class=\"elementor-element elementor-element-b9eab13 elementor-widget elementor-widget-image\" data-id=\"b9eab13\" data-element_type=\"widget\" data-widget_type=\"image.default\">\n\t\t\t\t<div class=\"elementor-widget-container\">\n\t\t\t\t\t\t\t\t\t\t\t\t\t\t<a href=\"https:\/\/apfiacare.com\/ro\/absorbante-postnatale-apfia-care\/\">\n\t\t\t\t\t\t\t<img fetchpriority=\"high\" decoding=\"async\" width=\"300\" height=\"300\" src=\"https:\/\/apfiacare.com\/wp-content\/uploads\/2026\/01\/20215_tampoane-L-300x300.png\" class=\"attachment-medium size-medium wp-image-3291\" alt=\"\" srcset=\"https:\/\/apfiacare.com\/wp-content\/uploads\/2026\/01\/20215_tampoane-L-300x300.png 300w, https:\/\/apfiacare.com\/wp-content\/uploads\/2026\/01\/20215_tampoane-L-150x150.png 150w, https:\/\/apfiacare.com\/wp-content\/uploads\/2026\/01\/20215_tampoane-L-768x768.png 768w, https:\/\/apfiacare.com\/wp-content\/uploads\/2026\/01\/20215_tampoane-L.png 1000w\" sizes=\"(max-width: 300px) 100vw, 300px\" \/>\t\t\t\t\t\t\t\t<\/a>\n\t\t\t\t\t\t\t\t\t\t\t\t\t<\/div>\n\t\t\t\t<\/div>\n\t\t\t\t<div class=\"elementor-element elementor-element-f4d7248 elementor-widget elementor-widget-heading\" data-id=\"f4d7248\" data-element_type=\"widget\" data-widget_type=\"heading.default\">\n\t\t\t\t<div class=\"elementor-widget-container\">\n\t\t\t<h4 class=\"elementor-heading-title elementor-size-default\"><a href=\"https:\/\/apfiacare.com\/ro\/absorbante-postnatale-apfia-care\/\">Absorbante Postnatale  Apfia Care<\/a><\/h4>\t\t<\/div>\n\t\t\t\t<\/div>\n\t\t\t\t<div class=\"elementor-element elementor-element-b7a6d96 elementor-align-center elementor-invisible elementor-widget elementor-widget-button\" data-id=\"b7a6d96\" data-element_type=\"widget\" data-settings=\"{&quot;_animation&quot;:&quot;fadeInUp&quot;}\" data-widget_type=\"button.default\">\n\t\t\t\t<div class=\"elementor-widget-container\">\n\t\t\t\t\t<div class=\"elementor-button-wrapper\">\n\t\t\t<a class=\"elementor-button elementor-button-link elementor-size-sm\" href=\"https:\/\/apfiacare.com\/ro\/absorbante-postnatale-apfia-care\/\">\n\t\t\t\t\t\t<span class=\"elementor-button-content-wrapper\">\n\t\t\t\t\t\t\t\t\t<span class=\"elementor-button-text\">Vezi produsul<\/span>\n\t\t\t\t\t<\/span>\n\t\t\t\t\t<\/a>\n\t\t<\/div>\n\t\t\t\t<\/div>\n\t\t\t\t<\/div>\n\t\t\t\t<\/div>\n\t\t<div class=\"elementor-element elementor-element-cfa93fd e-con-full e-flex e-con e-child\" data-id=\"cfa93fd\" data-element_type=\"container\">\n\t\t\t\t<div class=\"elementor-element elementor-element-89a4b3f elementor-widget elementor-widget-image\" data-id=\"89a4b3f\" data-element_type=\"widget\" data-widget_type=\"image.default\">\n\t\t\t\t<div class=\"elementor-widget-container\">\n\t\t\t\t\t\t\t\t\t\t\t\t\t\t<a href=\"https:\/\/apfiacare.com\/ro\/chiloti-de-unica-folosinta-apfia-care\/\">\n\t\t\t\t\t\t\t<img decoding=\"async\" width=\"300\" height=\"300\" src=\"https:\/\/apfiacare.com\/wp-content\/uploads\/2026\/01\/chiloti-netesuti-XL-1-300x300.png\" class=\"attachment-medium size-medium wp-image-3297\" alt=\"\" srcset=\"https:\/\/apfiacare.com\/wp-content\/uploads\/2026\/01\/chiloti-netesuti-XL-1-300x300.png 300w, https:\/\/apfiacare.com\/wp-content\/uploads\/2026\/01\/chiloti-netesuti-XL-1-1024x1024.png 1024w, https:\/\/apfiacare.com\/wp-content\/uploads\/2026\/01\/chiloti-netesuti-XL-1-150x150.png 150w, https:\/\/apfiacare.com\/wp-content\/uploads\/2026\/01\/chiloti-netesuti-XL-1-768x768.png 768w, https:\/\/apfiacare.com\/wp-content\/uploads\/2026\/01\/chiloti-netesuti-XL-1.png 1048w\" sizes=\"(max-width: 300px) 100vw, 300px\" \/>\t\t\t\t\t\t\t\t<\/a>\n\t\t\t\t\t\t\t\t\t\t\t\t\t<\/div>\n\t\t\t\t<\/div>\n\t\t\t\t<div class=\"elementor-element elementor-element-85d8dfe elementor-widget elementor-widget-heading\" data-id=\"85d8dfe\" data-element_type=\"widget\" data-widget_type=\"heading.default\">\n\t\t\t\t<div class=\"elementor-widget-container\">\n\t\t\t<h4 class=\"elementor-heading-title elementor-size-default\"><a href=\"https:\/\/apfiacare.com\/ro\/chiloti-de-unica-folosinta-apfia-care\/\">Chilo\u021bi de unic\u0103 <br> folosin\u021b\u0103 Apfia Care<\/a><\/h4>\t\t<\/div>\n\t\t\t\t<\/div>\n\t\t\t\t<div class=\"elementor-element elementor-element-cc04b30 elementor-align-center elementor-invisible elementor-widget elementor-widget-button\" data-id=\"cc04b30\" data-element_type=\"widget\" data-settings=\"{&quot;_animation&quot;:&quot;fadeInUp&quot;}\" data-widget_type=\"button.default\">\n\t\t\t\t<div class=\"elementor-widget-container\">\n\t\t\t\t\t<div class=\"elementor-button-wrapper\">\n\t\t\t<a class=\"elementor-button elementor-button-link elementor-size-sm\" href=\"https:\/\/apfiacare.com\/ro\/chiloti-de-unica-folosinta-apfia-care\/\">\n\t\t\t\t\t\t<span class=\"elementor-button-content-wrapper\">\n\t\t\t\t\t\t\t\t\t<span class=\"elementor-button-text\">Vezi produsul<\/span>\n\t\t\t\t\t<\/span>\n\t\t\t\t\t<\/a>\n\t\t<\/div>\n\t\t\t\t<\/div>\n\t\t\t\t<\/div>\n\t\t\t\t<\/div>\n\t\t<div class=\"elementor-element elementor-element-8bde658 e-con-full e-flex e-con e-child\" data-id=\"8bde658\" data-element_type=\"container\">\n\t\t\t\t<div class=\"elementor-element elementor-element-4a9c87c elementor-widget elementor-widget-image\" data-id=\"4a9c87c\" data-element_type=\"widget\" data-widget_type=\"image.default\">\n\t\t\t\t<div class=\"elementor-widget-container\">\n\t\t\t\t\t\t\t\t\t\t\t\t\t\t<a href=\"https:\/\/apfiacare.com\/ro\/chiloti-din-bumbac-de-unica-folosinta-l-xl-apfia-care\/\">\n\t\t\t\t\t\t\t<img loading=\"lazy\" decoding=\"async\" width=\"300\" height=\"300\" src=\"https:\/\/apfiacare.com\/wp-content\/uploads\/2026\/01\/chiloti-L-bumbac_4-300x300.png\" class=\"attachment-medium size-medium wp-image-3303\" alt=\"\" srcset=\"https:\/\/apfiacare.com\/wp-content\/uploads\/2026\/01\/chiloti-L-bumbac_4-300x300.png 300w, https:\/\/apfiacare.com\/wp-content\/uploads\/2026\/01\/chiloti-L-bumbac_4-1024x1024.png 1024w, https:\/\/apfiacare.com\/wp-content\/uploads\/2026\/01\/chiloti-L-bumbac_4-150x150.png 150w, https:\/\/apfiacare.com\/wp-content\/uploads\/2026\/01\/chiloti-L-bumbac_4-768x768.png 768w, https:\/\/apfiacare.com\/wp-content\/uploads\/2026\/01\/chiloti-L-bumbac_4.png 1048w\" sizes=\"(max-width: 300px) 100vw, 300px\" \/>\t\t\t\t\t\t\t\t<\/a>\n\t\t\t\t\t\t\t\t\t\t\t\t\t<\/div>\n\t\t\t\t<\/div>\n\t\t\t\t<div class=\"elementor-element elementor-element-0d21d1c elementor-widget elementor-widget-heading\" data-id=\"0d21d1c\" data-element_type=\"widget\" data-widget_type=\"heading.default\">\n\t\t\t\t<div class=\"elementor-widget-container\">\n\t\t\t<h4 class=\"elementor-heading-title elementor-size-default\"><a href=\"https:\/\/apfiacare.com\/ro\/chiloti-din-bumbac-de-unica-folosinta-l-xl-apfia-care\/\">Chilo\u021bi din bumbac de unic\u0103 folosin\u021b\u0103 (L\/XL) \nApfia Care<\/a><\/h4>\t\t<\/div>\n\t\t\t\t<\/div>\n\t\t\t\t<div class=\"elementor-element elementor-element-4006eff elementor-align-center elementor-invisible elementor-widget elementor-widget-button\" data-id=\"4006eff\" data-element_type=\"widget\" data-settings=\"{&quot;_animation&quot;:&quot;fadeInUp&quot;}\" data-widget_type=\"button.default\">\n\t\t\t\t<div class=\"elementor-widget-container\">\n\t\t\t\t\t<div class=\"elementor-button-wrapper\">\n\t\t\t<a class=\"elementor-button elementor-button-link elementor-size-sm\" href=\"https:\/\/apfiacare.com\/ro\/chiloti-din-bumbac-de-unica-folosinta-l-xl-apfia-care\/\">\n\t\t\t\t\t\t<span class=\"elementor-button-content-wrapper\">\n\t\t\t\t\t\t\t\t\t<span class=\"elementor-button-text\">Vezi produsul<\/span>\n\t\t\t\t\t<\/span>\n\t\t\t\t\t<\/a>\n\t\t<\/div>\n\t\t\t\t<\/div>\n\t\t\t\t<\/div>\n\t\t\t\t<\/div>\n\t\t<div class=\"elementor-element elementor-element-7b368e7 e-con-full e-flex e-con e-child\" data-id=\"7b368e7\" data-element_type=\"container\">\n\t\t\t\t<div class=\"elementor-element elementor-element-8cdf638 elementor-widget elementor-widget-image\" data-id=\"8cdf638\" data-element_type=\"widget\" data-widget_type=\"image.default\">\n\t\t\t\t<div class=\"elementor-widget-container\">\n\t\t\t\t\t\t\t\t\t\t\t\t\t\t<a href=\"https:\/\/apfiacare.com\/ro\/aleze-de-unica-folosinta-apfia-care\/\">\n\t\t\t\t\t\t\t<img loading=\"lazy\" decoding=\"async\" width=\"300\" height=\"300\" src=\"https:\/\/apfiacare.com\/wp-content\/uploads\/2026\/01\/20217_aleze-90x60_1_2-300x300.png\" class=\"attachment-medium size-medium wp-image-3288\" alt=\"\" srcset=\"https:\/\/apfiacare.com\/wp-content\/uploads\/2026\/01\/20217_aleze-90x60_1_2-300x300.png 300w, https:\/\/apfiacare.com\/wp-content\/uploads\/2026\/01\/20217_aleze-90x60_1_2-150x150.png 150w, https:\/\/apfiacare.com\/wp-content\/uploads\/2026\/01\/20217_aleze-90x60_1_2-768x768.png 768w, https:\/\/apfiacare.com\/wp-content\/uploads\/2026\/01\/20217_aleze-90x60_1_2.png 1000w\" sizes=\"(max-width: 300px) 100vw, 300px\" \/>\t\t\t\t\t\t\t\t<\/a>\n\t\t\t\t\t\t\t\t\t\t\t\t\t<\/div>\n\t\t\t\t<\/div>\n\t\t\t\t<div class=\"elementor-element elementor-element-63168df elementor-widget elementor-widget-heading\" data-id=\"63168df\" data-element_type=\"widget\" data-widget_type=\"heading.default\">\n\t\t\t\t<div class=\"elementor-widget-container\">\n\t\t\t<h4 class=\"elementor-heading-title elementor-size-default\"><a href=\"https:\/\/apfiacare.com\/ro\/aleze-de-unica-folosinta-apfia-care\/\">Aleze de unic\u0103 <br> folosin\u021b\u0103 Apfia Care<\/a><\/h4>\t\t<\/div>\n\t\t\t\t<\/div>\n\t\t\t\t<div class=\"elementor-element elementor-element-aae2dce elementor-align-center elementor-invisible elementor-widget elementor-widget-button\" data-id=\"aae2dce\" data-element_type=\"widget\" data-settings=\"{&quot;_animation&quot;:&quot;fadeInUp&quot;}\" data-widget_type=\"button.default\">\n\t\t\t\t<div class=\"elementor-widget-container\">\n\t\t\t\t\t<div class=\"elementor-button-wrapper\">\n\t\t\t<a class=\"elementor-button elementor-button-link elementor-size-sm\" href=\"https:\/\/apfiacare.com\/ro\/aleze-de-unica-folosinta-apfia-care\/\">\n\t\t\t\t\t\t<span class=\"elementor-button-content-wrapper\">\n\t\t\t\t\t\t\t\t\t<span class=\"elementor-button-text\">Vezi produsul<\/span>\n\t\t\t\t\t<\/span>\n\t\t\t\t\t<\/a>\n\t\t<\/div>\n\t\t\t\t<\/div>\n\t\t\t\t<\/div>\n\t\t\t\t<\/div>\n\t\t<div class=\"elementor-element elementor-element-aee4e0e e-con-full e-flex e-con e-child\" data-id=\"aee4e0e\" data-element_type=\"container\">\n\t\t\t\t<div class=\"elementor-element elementor-element-00c96a2 elementor-widget elementor-widget-image\" data-id=\"00c96a2\" data-element_type=\"widget\" data-widget_type=\"image.default\">\n\t\t\t\t<div class=\"elementor-widget-container\">\n\t\t\t\t\t\t\t\t\t\t\t\t\t\t<a href=\"https:\/\/apfiacare.com\/ro\/sutien-de-unica-folosinta-apfia-care\/\">\n\t\t\t\t\t\t\t<img loading=\"lazy\" decoding=\"async\" width=\"300\" height=\"300\" src=\"https:\/\/apfiacare.com\/wp-content\/uploads\/2025\/12\/imagine_Bustiera_M_1_640x640-px-300x300.png\" class=\"attachment-medium size-medium wp-image-3253\" alt=\"\" srcset=\"https:\/\/apfiacare.com\/wp-content\/uploads\/2025\/12\/imagine_Bustiera_M_1_640x640-px-300x300.png 300w, https:\/\/apfiacare.com\/wp-content\/uploads\/2025\/12\/imagine_Bustiera_M_1_640x640-px-150x150.png 150w, https:\/\/apfiacare.com\/wp-content\/uploads\/2025\/12\/imagine_Bustiera_M_1_640x640-px.png 640w\" sizes=\"(max-width: 300px) 100vw, 300px\" \/>\t\t\t\t\t\t\t\t<\/a>\n\t\t\t\t\t\t\t\t\t\t\t\t\t<\/div>\n\t\t\t\t<\/div>\n\t\t\t\t<div class=\"elementor-element elementor-element-4e59b3c elementor-widget elementor-widget-heading\" data-id=\"4e59b3c\" data-element_type=\"widget\" data-widget_type=\"heading.default\">\n\t\t\t\t<div class=\"elementor-widget-container\">\n\t\t\t<h4 class=\"elementor-heading-title elementor-size-default\"><a href=\"https:\/\/apfiacare.com\/ro\/aleze-de-unica-folosinta-apfia-care\/\">Sutien de unic\u0103 folosin\u021b\u0103 Apfia Care<\/a><\/h4>\t\t<\/div>\n\t\t\t\t<\/div>\n\t\t\t\t<div class=\"elementor-element elementor-element-08bfee8 elementor-align-center elementor-invisible elementor-widget elementor-widget-button\" data-id=\"08bfee8\" data-element_type=\"widget\" data-settings=\"{&quot;_animation&quot;:&quot;fadeInUp&quot;}\" data-widget_type=\"button.default\">\n\t\t\t\t<div class=\"elementor-widget-container\">\n\t\t\t\t\t<div class=\"elementor-button-wrapper\">\n\t\t\t<a class=\"elementor-button elementor-button-link elementor-size-sm\" href=\"https:\/\/apfiacare.com\/ro\/sutien-de-unica-folosinta-apfia-care\/\">\n\t\t\t\t\t\t<span class=\"elementor-button-content-wrapper\">\n\t\t\t\t\t\t\t\t\t<span class=\"elementor-button-text\">Vezi produsul<\/span>\n\t\t\t\t\t<\/span>\n\t\t\t\t\t<\/a>\n\t\t<\/div>\n\t\t\t\t<\/div>\n\t\t\t\t<\/div>\n\t\t\t\t<\/div>\n\t\t\t\t\t<\/div>\n\t\t\t\t<\/div>\n\t\t\t\t<\/div>\n\t\t","protected":false},"excerpt":{"rendered":"<p>Acas\u0103 \/ Produse \/ \u00cengrijire personal\u0103 \u00cengrijire personal\u0103 Descoper\u0103 gama de produse pentru \u00eengrijire personal\u0103, alese special pentru momentele diverse \u00een care via\u021ba poate fi mai u\u0219oar\u0103. Absorbante Postnatale Apfia Care Vezi produsul Chilo\u021bi de unic\u0103 folosin\u021b\u0103 Apfia Care Vezi produsul Chilo\u021bi din bumbac de unic\u0103 folosin\u021b\u0103 (L\/XL) Apfia Care Vezi produsul Aleze de unic\u0103 [&hellip;]<\/p>\n","protected":false},"author":2,"featured_media":0,"parent":0,"menu_order":0,"comment_status":"closed","ping_status":"closed","template":"","meta":{"footnotes":""},"class_list":["post-1926","page","type-page","status-publish","hentry"],"_links":{"self":[{"href":"https:\/\/apfiacare.com\/ro\/wp-json\/wp\/v2\/pages\/1926","targetHints":{"allow":["GET"]}}],"collection":[{"href":"https:\/\/apfiacare.com\/ro\/wp-json\/wp\/v2\/pages"}],"about":[{"href":"https:\/\/apfiacare.com\/ro\/wp-json\/wp\/v2\/types\/page"}],"author":[{"embeddable":true,"href":"https:\/\/apfiacare.com\/ro\/wp-json\/wp\/v2\/users\/2"}],"replies":[{"embeddable":true,"href":"https:\/\/apfiacare.com\/ro\/wp-json\/wp\/v2\/comments?post=1926"}],"version-history":[{"count":78,"href":"https:\/\/apfiacare.com\/ro\/wp-json\/wp\/v2\/pages\/1926\/revisions"}],"predecessor-version":[{"id":3315,"href":"https:\/\/apfiacare.com\/ro\/wp-json\/wp\/v2\/pages\/1926\/revisions\/3315"}],"wp:attachment":[{"href":"https:\/\/apfiacare.com\/ro\/wp-json\/wp\/v2\/media?parent=1926"}],"curies":[{"name":"wp","href":"https:\/\/api.w.org\/{rel}","templated":true}]}}