{"id":1955,"date":"2024-04-30T13:05:40","date_gmt":"2024-04-30T13:05:40","guid":{"rendered":"https:\/\/apfiacare.com\/ingrijire-bebe\/"},"modified":"2026-01-15T09:00:16","modified_gmt":"2026-01-15T09:00:16","slug":"ingrijire-bebe","status":"publish","type":"page","link":"https:\/\/apfiacare.com\/ro\/ingrijire-bebe\/","title":{"rendered":"\u00cengrijire bebe"},"content":{"rendered":"\t\t<div data-elementor-type=\"wp-page\" data-elementor-id=\"1955\" class=\"elementor elementor-1955 elementor-1273\" data-elementor-post-type=\"page\">\n\t\t\t\t<div class=\"elementor-element elementor-element-9ebb14c e-flex e-con-boxed e-con e-parent\" data-id=\"9ebb14c\" data-element_type=\"container\" data-settings=\"{&quot;background_background&quot;:&quot;classic&quot;}\">\n\t\t\t\t\t<div class=\"e-con-inner\">\n\t\t\t\t<div class=\"elementor-element elementor-element-9bbacc6 elementor-widget elementor-widget-text-editor\" data-id=\"9bbacc6\" data-element_type=\"widget\" data-widget_type=\"text-editor.default\">\n\t\t\t\t<div class=\"elementor-widget-container\">\n\t\t\t<style>\/*! elementor - v3.21.0 - 25-04-2024 *\/\n.elementor-widget-text-editor.elementor-drop-cap-view-stacked .elementor-drop-cap{background-color:#69727d;color:#fff}.elementor-widget-text-editor.elementor-drop-cap-view-framed .elementor-drop-cap{color:#69727d;border:3px solid;background-color:transparent}.elementor-widget-text-editor:not(.elementor-drop-cap-view-default) .elementor-drop-cap{margin-top:8px}.elementor-widget-text-editor:not(.elementor-drop-cap-view-default) .elementor-drop-cap-letter{width:1em;height:1em}.elementor-widget-text-editor .elementor-drop-cap{float:left;text-align:center;line-height:1;font-size:50px}.elementor-widget-text-editor .elementor-drop-cap-letter{display:inline-block}<\/style>\t\t\t\t<p><a href=\"https:\/\/apfiacare.com\/ro\/\">Acas\u0103<\/a> \/ <a href=\"https:\/\/apfiacare.com\/ro\/produse\/\">Produse<\/a> \/ \u00cengrijire bebe<\/p>\t\t\t\t\t\t<\/div>\n\t\t\t\t<\/div>\n\t\t\t\t\t<\/div>\n\t\t\t\t<\/div>\n\t\t<div class=\"elementor-element elementor-element-ca95fe5 e-flex e-con-boxed e-con e-parent\" data-id=\"ca95fe5\" data-element_type=\"container\" data-settings=\"{&quot;background_background&quot;:&quot;classic&quot;}\">\n\t\t\t\t\t<div class=\"e-con-inner\">\n\t\t<div class=\"elementor-element elementor-element-81af132 e-con-full e-flex e-con e-child\" data-id=\"81af132\" data-element_type=\"container\" data-settings=\"{&quot;background_background&quot;:&quot;classic&quot;}\">\n\t\t\t\t<div class=\"elementor-element elementor-element-c701e2f elementor-widget elementor-widget-heading\" data-id=\"c701e2f\" data-element_type=\"widget\" data-widget_type=\"heading.default\">\n\t\t\t\t<div class=\"elementor-widget-container\">\n\t\t\t<style>\/*! elementor - v3.21.0 - 25-04-2024 *\/\n.elementor-heading-title{padding:0;margin:0;line-height:1}.elementor-widget-heading .elementor-heading-title[class*=elementor-size-]>a{color:inherit;font-size:inherit;line-height:inherit}.elementor-widget-heading .elementor-heading-title.elementor-size-small{font-size:15px}.elementor-widget-heading .elementor-heading-title.elementor-size-medium{font-size:19px}.elementor-widget-heading .elementor-heading-title.elementor-size-large{font-size:29px}.elementor-widget-heading .elementor-heading-title.elementor-size-xl{font-size:39px}.elementor-widget-heading .elementor-heading-title.elementor-size-xxl{font-size:59px}<\/style><h3 class=\"elementor-heading-title elementor-size-default\">\u00cengrijire\nbebe<\/h3>\t\t<\/div>\n\t\t\t\t<\/div>\n\t\t\t\t<div class=\"elementor-element elementor-element-e8e47b7 elementor-widget elementor-widget-text-editor\" data-id=\"e8e47b7\" data-element_type=\"widget\" data-widget_type=\"text-editor.default\">\n\t\t\t\t<div class=\"elementor-widget-container\">\n\t\t\t\t\t\t\t<p>Pentru atenta \u00eengrijire a celor mici am preg\u0103tit o gam\u0103 de produse care r\u0103spund provoc\u0103rilor de zi cu zi.<\/p>\n\t\t\t\t\t\t<\/div>\n\t\t\t\t<\/div>\n\t\t\t\t<\/div>\n\t\t<div class=\"elementor-element elementor-element-7024647 e-con-full e-flex e-con e-child\" data-id=\"7024647\" data-element_type=\"container\" data-settings=\"{&quot;background_background&quot;:&quot;classic&quot;}\">\n\t\t\t\t<div class=\"elementor-element elementor-element-5326490 elementor-widget elementor-widget-image\" data-id=\"5326490\" data-element_type=\"widget\" data-widget_type=\"image.default\">\n\t\t\t\t<div class=\"elementor-widget-container\">\n\t\t\t<style>\/*! elementor - v3.21.0 - 25-04-2024 *\/\n.elementor-widget-image{text-align:center}.elementor-widget-image a{display:inline-block}.elementor-widget-image a img[src$=\".svg\"]{width:48px}.elementor-widget-image img{vertical-align:middle;display:inline-block}<\/style>\t\t\t\t\t\t\t\t\t\t<img decoding=\"async\" width=\"1\" height=\"1\" src=\"https:\/\/apfiacare.com\/wp-content\/uploads\/2025\/11\/sigla-original-website-refacere-apfia-care-2.svg\" class=\"attachment-large size-large wp-image-3189\" alt=\"\" \/>\t\t\t\t\t\t\t\t\t\t\t\t\t<\/div>\n\t\t\t\t<\/div>\n\t\t\t\t<\/div>\n\t\t\t\t\t<\/div>\n\t\t\t\t<\/div>\n\t\t<div class=\"elementor-element elementor-element-ddb2ba7 e-flex e-con-boxed e-con e-parent\" data-id=\"ddb2ba7\" data-element_type=\"container\">\n\t\t\t\t\t<div class=\"e-con-inner\">\n\t\t<div class=\"elementor-element elementor-element-a63a8f9 e-con-full e-flex e-con e-child\" data-id=\"a63a8f9\" data-element_type=\"container\">\n\t\t\t\t<div class=\"elementor-element elementor-element-759c068 elementor-widget elementor-widget-image\" data-id=\"759c068\" data-element_type=\"widget\" data-widget_type=\"image.default\">\n\t\t\t\t<div class=\"elementor-widget-container\">\n\t\t\t\t\t\t\t\t\t\t\t\t\t\t<a href=\"https:\/\/apfiacare.com\/ro\/aleze-de-unica-folosinta-pentru-bebelusi-apfia-care\/\">\n\t\t\t\t\t\t\t<img fetchpriority=\"high\" decoding=\"async\" width=\"300\" height=\"300\" src=\"https:\/\/apfiacare.com\/wp-content\/uploads\/2026\/01\/Imagini-website-shop-Apfia-Care_test-aleze-60x40_3-300x300.png\" class=\"attachment-medium size-medium wp-image-3419\" alt=\"\" srcset=\"https:\/\/apfiacare.com\/wp-content\/uploads\/2026\/01\/Imagini-website-shop-Apfia-Care_test-aleze-60x40_3-300x300.png 300w, https:\/\/apfiacare.com\/wp-content\/uploads\/2026\/01\/Imagini-website-shop-Apfia-Care_test-aleze-60x40_3-150x150.png 150w, https:\/\/apfiacare.com\/wp-content\/uploads\/2026\/01\/Imagini-website-shop-Apfia-Care_test-aleze-60x40_3.png 640w\" sizes=\"(max-width: 300px) 100vw, 300px\" \/>\t\t\t\t\t\t\t\t<\/a>\n\t\t\t\t\t\t\t\t\t\t\t\t\t<\/div>\n\t\t\t\t<\/div>\n\t\t\t\t<div class=\"elementor-element elementor-element-a0682a2 elementor-widget elementor-widget-heading\" data-id=\"a0682a2\" data-element_type=\"widget\" data-widget_type=\"heading.default\">\n\t\t\t\t<div class=\"elementor-widget-container\">\n\t\t\t<h4 class=\"elementor-heading-title elementor-size-default\"><a href=\"https:\/\/apfiacare.com\/ro\/saltelute-pentru-schimb-de-unica-folosinta-apfia-care\/\">Aleze de unic\u0103 folosin\u021b\u0103  Apfia Care<\/a><\/h4>\t\t<\/div>\n\t\t\t\t<\/div>\n\t\t\t\t<div class=\"elementor-element elementor-element-ca2ea23 elementor-align-center elementor-invisible elementor-widget elementor-widget-button\" data-id=\"ca2ea23\" data-element_type=\"widget\" data-settings=\"{&quot;_animation&quot;:&quot;fadeInUp&quot;}\" data-widget_type=\"button.default\">\n\t\t\t\t<div class=\"elementor-widget-container\">\n\t\t\t\t\t<div class=\"elementor-button-wrapper\">\n\t\t\t<a class=\"elementor-button elementor-button-link elementor-size-sm\" href=\"https:\/\/apfiacare.com\/ro\/aleze-de-unica-folosinta-pentru-bebelusi-apfia-care\">\n\t\t\t\t\t\t<span class=\"elementor-button-content-wrapper\">\n\t\t\t\t\t\t\t\t\t<span class=\"elementor-button-text\">Vezi produsul<\/span>\n\t\t\t\t\t<\/span>\n\t\t\t\t\t<\/a>\n\t\t<\/div>\n\t\t\t\t<\/div>\n\t\t\t\t<\/div>\n\t\t\t\t<\/div>\n\t\t<div class=\"elementor-element elementor-element-bd3ff0b e-con-full e-flex e-con e-child\" data-id=\"bd3ff0b\" data-element_type=\"container\">\n\t\t\t\t<div class=\"elementor-element elementor-element-c2f42ca elementor-widget elementor-widget-image\" data-id=\"c2f42ca\" data-element_type=\"widget\" data-widget_type=\"image.default\">\n\t\t\t\t<div class=\"elementor-widget-container\">\n\t\t\t\t\t\t\t\t\t\t\t\t\t\t<a href=\"https:\/\/apfiacare.com\/ro\/saltelute-pentru-schimb-de-unica-folosinta-apfia-care\/\">\n\t\t\t\t\t\t\t<img decoding=\"async\" width=\"300\" height=\"300\" src=\"https:\/\/apfiacare.com\/wp-content\/uploads\/2024\/05\/disposable-change-mats.png\" class=\"attachment-medium size-medium wp-image-1440\" alt=\"\" \/>\t\t\t\t\t\t\t\t<\/a>\n\t\t\t\t\t\t\t\t\t\t\t\t\t<\/div>\n\t\t\t\t<\/div>\n\t\t\t\t<div class=\"elementor-element elementor-element-07aa8bf elementor-widget elementor-widget-heading\" data-id=\"07aa8bf\" data-element_type=\"widget\" data-widget_type=\"heading.default\">\n\t\t\t\t<div class=\"elementor-widget-container\">\n\t\t\t<h4 class=\"elementor-heading-title elementor-size-default\"><a href=\"https:\/\/apfiacare.com\/ro\/saltelute-pentru-schimb-de-unica-folosinta-apfia-care\/\">P\u0103turici pentru schimb de unic\u0103 folosin\u021b\u0103  Apfia Care<\/a><\/h4>\t\t<\/div>\n\t\t\t\t<\/div>\n\t\t\t\t<div class=\"elementor-element elementor-element-c0dbdee elementor-align-center elementor-invisible elementor-widget elementor-widget-button\" data-id=\"c0dbdee\" data-element_type=\"widget\" data-settings=\"{&quot;_animation&quot;:&quot;fadeInUp&quot;}\" data-widget_type=\"button.default\">\n\t\t\t\t<div class=\"elementor-widget-container\">\n\t\t\t\t\t<div class=\"elementor-button-wrapper\">\n\t\t\t<a class=\"elementor-button elementor-button-link elementor-size-sm\" href=\"https:\/\/apfiacare.com\/ro\/saltelute-pentru-schimb-de-unica-folosinta-apfia-care\/\">\n\t\t\t\t\t\t<span class=\"elementor-button-content-wrapper\">\n\t\t\t\t\t\t\t\t\t<span class=\"elementor-button-text\">Vezi produsul<\/span>\n\t\t\t\t\t<\/span>\n\t\t\t\t\t<\/a>\n\t\t<\/div>\n\t\t\t\t<\/div>\n\t\t\t\t<\/div>\n\t\t\t\t<\/div>\n\t\t<div class=\"elementor-element elementor-element-4d56946 e-con-full e-flex e-con e-child\" data-id=\"4d56946\" data-element_type=\"container\">\n\t\t\t\t<div class=\"elementor-element elementor-element-f4cf0b0 elementor-widget elementor-widget-image\" data-id=\"f4cf0b0\" data-element_type=\"widget\" data-widget_type=\"image.default\">\n\t\t\t\t<div class=\"elementor-widget-container\">\n\t\t\t\t\t\t\t\t\t\t\t\t\t\t<a href=\"https:\/\/apfiacare.com\/ro\/servetele-uscate-din-bambus-apfia-care\/\">\n\t\t\t\t\t\t\t<img loading=\"lazy\" decoding=\"async\" width=\"300\" height=\"300\" src=\"https:\/\/apfiacare.com\/wp-content\/uploads\/2026\/01\/bambus-fata-300x300.png\" class=\"attachment-medium size-medium wp-image-3349\" alt=\"\" srcset=\"https:\/\/apfiacare.com\/wp-content\/uploads\/2026\/01\/bambus-fata-300x300.png 300w, https:\/\/apfiacare.com\/wp-content\/uploads\/2026\/01\/bambus-fata-1024x1024.png 1024w, https:\/\/apfiacare.com\/wp-content\/uploads\/2026\/01\/bambus-fata-150x150.png 150w, https:\/\/apfiacare.com\/wp-content\/uploads\/2026\/01\/bambus-fata-768x768.png 768w, https:\/\/apfiacare.com\/wp-content\/uploads\/2026\/01\/bambus-fata.png 1048w\" sizes=\"(max-width: 300px) 100vw, 300px\" \/>\t\t\t\t\t\t\t\t<\/a>\n\t\t\t\t\t\t\t\t\t\t\t\t\t<\/div>\n\t\t\t\t<\/div>\n\t\t\t\t<div class=\"elementor-element elementor-element-dabd23c elementor-widget elementor-widget-heading\" data-id=\"dabd23c\" data-element_type=\"widget\" data-widget_type=\"heading.default\">\n\t\t\t\t<div class=\"elementor-widget-container\">\n\t\t\t<h4 class=\"elementor-heading-title elementor-size-default\"><a href=\"https:\/\/apfiacare.com\/ro\/servetele-uscate-din-bambus-apfia-care\/\">\u0218erve\u021bele uscate <br> din bambus <br>Apfia Care\n<\/a><\/h4>\t\t<\/div>\n\t\t\t\t<\/div>\n\t\t\t\t<div class=\"elementor-element elementor-element-0a6f1e2 elementor-align-center elementor-invisible elementor-widget elementor-widget-button\" data-id=\"0a6f1e2\" data-element_type=\"widget\" data-settings=\"{&quot;_animation&quot;:&quot;fadeInUp&quot;}\" data-widget_type=\"button.default\">\n\t\t\t\t<div class=\"elementor-widget-container\">\n\t\t\t\t\t<div class=\"elementor-button-wrapper\">\n\t\t\t<a class=\"elementor-button elementor-button-link elementor-size-sm\" href=\"https:\/\/apfiacare.com\/ro\/servetele-uscate-din-bambus-apfia-care\/\">\n\t\t\t\t\t\t<span class=\"elementor-button-content-wrapper\">\n\t\t\t\t\t\t\t\t\t<span class=\"elementor-button-text\">Vezi produsul<\/span>\n\t\t\t\t\t<\/span>\n\t\t\t\t\t<\/a>\n\t\t<\/div>\n\t\t\t\t<\/div>\n\t\t\t\t<\/div>\n\t\t\t\t<\/div>\n\t\t<div class=\"elementor-element elementor-element-10e801f e-con-full e-flex e-con e-child\" data-id=\"10e801f\" data-element_type=\"container\">\n\t\t\t\t<div class=\"elementor-element elementor-element-f7e828c elementor-widget elementor-widget-image\" data-id=\"f7e828c\" data-element_type=\"widget\" data-widget_type=\"image.default\">\n\t\t\t\t<div class=\"elementor-widget-container\">\n\t\t\t\t\t\t\t\t\t\t\t\t\t\t<a href=\"https:\/\/apfiacare.com\/ro\/bavete-de-unica-folosinta-apfia-care\/\">\n\t\t\t\t\t\t\t<img loading=\"lazy\" decoding=\"async\" width=\"300\" height=\"300\" src=\"https:\/\/apfiacare.com\/wp-content\/uploads\/2024\/05\/Disposable-Bibs-300x300.png\" class=\"attachment-medium size-medium wp-image-2343\" alt=\"\" srcset=\"https:\/\/apfiacare.com\/wp-content\/uploads\/2024\/05\/Disposable-Bibs-300x300.png 300w, https:\/\/apfiacare.com\/wp-content\/uploads\/2024\/05\/Disposable-Bibs-1024x1024.png 1024w, https:\/\/apfiacare.com\/wp-content\/uploads\/2024\/05\/Disposable-Bibs-150x150.png 150w, https:\/\/apfiacare.com\/wp-content\/uploads\/2024\/05\/Disposable-Bibs-768x768.png 768w, https:\/\/apfiacare.com\/wp-content\/uploads\/2024\/05\/Disposable-Bibs.png 1080w\" sizes=\"(max-width: 300px) 100vw, 300px\" \/>\t\t\t\t\t\t\t\t<\/a>\n\t\t\t\t\t\t\t\t\t\t\t\t\t<\/div>\n\t\t\t\t<\/div>\n\t\t\t\t<div class=\"elementor-element elementor-element-e7b564b elementor-widget elementor-widget-heading\" data-id=\"e7b564b\" data-element_type=\"widget\" data-widget_type=\"heading.default\">\n\t\t\t\t<div class=\"elementor-widget-container\">\n\t\t\t<h4 class=\"elementor-heading-title elementor-size-default\"><a href=\"https:\/\/apfiacare.com\/ro\/bavete-de-unica-folosinta-apfia-care\/\">Bavete de unic\u0103 <br> folosin\u021b\u0103 <br>Apfia Care\n<\/a><\/h4>\t\t<\/div>\n\t\t\t\t<\/div>\n\t\t\t\t<div class=\"elementor-element elementor-element-3ea93e9 elementor-align-center elementor-invisible elementor-widget elementor-widget-button\" data-id=\"3ea93e9\" data-element_type=\"widget\" data-settings=\"{&quot;_animation&quot;:&quot;fadeInUp&quot;}\" data-widget_type=\"button.default\">\n\t\t\t\t<div class=\"elementor-widget-container\">\n\t\t\t\t\t<div class=\"elementor-button-wrapper\">\n\t\t\t<a class=\"elementor-button elementor-button-link elementor-size-sm\" href=\"https:\/\/apfiacare.com\/ro\/bavete-de-unica-folosinta-apfia-care\/\">\n\t\t\t\t\t\t<span class=\"elementor-button-content-wrapper\">\n\t\t\t\t\t\t\t\t\t<span class=\"elementor-button-text\">Vezi produsul<\/span>\n\t\t\t\t\t<\/span>\n\t\t\t\t\t<\/a>\n\t\t<\/div>\n\t\t\t\t<\/div>\n\t\t\t\t<\/div>\n\t\t\t\t<\/div>\n\t\t<div class=\"elementor-element elementor-element-3b3958c e-con-full e-flex e-con e-child\" data-id=\"3b3958c\" data-element_type=\"container\">\n\t\t\t\t<div class=\"elementor-element elementor-element-f2af3e7 elementor-widget elementor-widget-image\" data-id=\"f2af3e7\" data-element_type=\"widget\" data-widget_type=\"image.default\">\n\t\t\t\t<div class=\"elementor-widget-container\">\n\t\t\t\t\t\t\t\t\t\t\t\t\t\t<a href=\"https:\/\/apfiacare.com\/ro\/suport-de-unica-folosinta-pentru-masa-apfia-care\/\">\n\t\t\t\t\t\t\t<img loading=\"lazy\" decoding=\"async\" width=\"300\" height=\"300\" src=\"https:\/\/apfiacare.com\/wp-content\/uploads\/2024\/05\/Disposable-support-for-table-300x300.png\" class=\"attachment-medium size-medium wp-image-2345\" alt=\"\" srcset=\"https:\/\/apfiacare.com\/wp-content\/uploads\/2024\/05\/Disposable-support-for-table-300x300.png 300w, https:\/\/apfiacare.com\/wp-content\/uploads\/2024\/05\/Disposable-support-for-table-1024x1024.png 1024w, https:\/\/apfiacare.com\/wp-content\/uploads\/2024\/05\/Disposable-support-for-table-150x150.png 150w, https:\/\/apfiacare.com\/wp-content\/uploads\/2024\/05\/Disposable-support-for-table-768x768.png 768w, https:\/\/apfiacare.com\/wp-content\/uploads\/2024\/05\/Disposable-support-for-table.png 1080w\" sizes=\"(max-width: 300px) 100vw, 300px\" \/>\t\t\t\t\t\t\t\t<\/a>\n\t\t\t\t\t\t\t\t\t\t\t\t\t<\/div>\n\t\t\t\t<\/div>\n\t\t\t\t<div class=\"elementor-element elementor-element-60e14de elementor-widget elementor-widget-heading\" data-id=\"60e14de\" data-element_type=\"widget\" data-widget_type=\"heading.default\">\n\t\t\t\t<div class=\"elementor-widget-container\">\n\t\t\t<h4 class=\"elementor-heading-title elementor-size-default\"><a href=\"https:\/\/apfiacare.com\/ro\/suport-de-unica-folosinta-pentru-masa-apfia-care\/\">Suport de unic\u0103 <br>folosin\u021b\u0103 pentru mas\u0103\n Apfia Care\n<\/a><\/h4>\t\t<\/div>\n\t\t\t\t<\/div>\n\t\t\t\t<div class=\"elementor-element elementor-element-0f9257d elementor-align-center elementor-invisible elementor-widget elementor-widget-button\" data-id=\"0f9257d\" data-element_type=\"widget\" data-settings=\"{&quot;_animation&quot;:&quot;fadeInUp&quot;}\" data-widget_type=\"button.default\">\n\t\t\t\t<div class=\"elementor-widget-container\">\n\t\t\t\t\t<div class=\"elementor-button-wrapper\">\n\t\t\t<a class=\"elementor-button elementor-button-link elementor-size-sm\" href=\"https:\/\/apfiacare.com\/ro\/suport-de-unica-folosinta-pentru-masa-apfia-care\/\">\n\t\t\t\t\t\t<span class=\"elementor-button-content-wrapper\">\n\t\t\t\t\t\t\t\t\t<span class=\"elementor-button-text\">Vezi produsul<\/span>\n\t\t\t\t\t<\/span>\n\t\t\t\t\t<\/a>\n\t\t<\/div>\n\t\t\t\t<\/div>\n\t\t\t\t<\/div>\n\t\t\t\t<\/div>\n\t\t\t\t\t<\/div>\n\t\t\t\t<\/div>\n\t\t\t\t<\/div>\n\t\t","protected":false},"excerpt":{"rendered":"<p>Acas\u0103 \/ Produse \/ \u00cengrijire bebe \u00cengrijire bebe Pentru atenta \u00eengrijire a celor mici am preg\u0103tit o gam\u0103 de produse care r\u0103spund provoc\u0103rilor de zi cu zi. Aleze de unic\u0103 folosin\u021b\u0103 Apfia Care Vezi produsul P\u0103turici pentru schimb de unic\u0103 folosin\u021b\u0103 Apfia Care Vezi produsul \u0218erve\u021bele uscate din bambus Apfia Care Vezi produsul Bavete de [&hellip;]<\/p>\n","protected":false},"author":2,"featured_media":0,"parent":0,"menu_order":0,"comment_status":"closed","ping_status":"closed","template":"","meta":{"footnotes":""},"class_list":["post-1955","page","type-page","status-publish","hentry"],"_links":{"self":[{"href":"https:\/\/apfiacare.com\/ro\/wp-json\/wp\/v2\/pages\/1955","targetHints":{"allow":["GET"]}}],"collection":[{"href":"https:\/\/apfiacare.com\/ro\/wp-json\/wp\/v2\/pages"}],"about":[{"href":"https:\/\/apfiacare.com\/ro\/wp-json\/wp\/v2\/types\/page"}],"author":[{"embeddable":true,"href":"https:\/\/apfiacare.com\/ro\/wp-json\/wp\/v2\/users\/2"}],"replies":[{"embeddable":true,"href":"https:\/\/apfiacare.com\/ro\/wp-json\/wp\/v2\/comments?post=1955"}],"version-history":[{"count":45,"href":"https:\/\/apfiacare.com\/ro\/wp-json\/wp\/v2\/pages\/1955\/revisions"}],"predecessor-version":[{"id":3481,"href":"https:\/\/apfiacare.com\/ro\/wp-json\/wp\/v2\/pages\/1955\/revisions\/3481"}],"wp:attachment":[{"href":"https:\/\/apfiacare.com\/ro\/wp-json\/wp\/v2\/media?parent=1955"}],"curies":[{"name":"wp","href":"https:\/\/api.w.org\/{rel}","templated":true}]}}