{"id":1979,"date":"2024-05-08T14:45:15","date_gmt":"2024-05-08T14:45:15","guid":{"rendered":"https:\/\/apfiacare.com\/bavete-de-unica-folosinta-apfia-care\/"},"modified":"2024-05-29T06:57:23","modified_gmt":"2024-05-29T06:57:23","slug":"bavete-de-unica-folosinta-apfia-care","status":"publish","type":"page","link":"https:\/\/apfiacare.com\/ro\/bavete-de-unica-folosinta-apfia-care\/","title":{"rendered":"Bavete de unic\u0103 folosin\u021b\u0103 Apfia Care"},"content":{"rendered":"\t\t<div data-elementor-type=\"wp-page\" data-elementor-id=\"1979\" class=\"elementor elementor-1979 elementor-1571\" data-elementor-post-type=\"page\">\n\t\t\t\t<div class=\"elementor-element elementor-element-9457202 e-flex e-con-boxed e-con e-parent\" data-id=\"9457202\" data-element_type=\"container\" data-settings=\"{&quot;background_background&quot;:&quot;classic&quot;}\">\n\t\t\t\t\t<div class=\"e-con-inner\">\n\t\t\t\t<div class=\"elementor-element elementor-element-8a6bf16 elementor-widget elementor-widget-text-editor\" data-id=\"8a6bf16\" data-element_type=\"widget\" data-widget_type=\"text-editor.default\">\n\t\t\t\t<div class=\"elementor-widget-container\">\n\t\t\t<style>\/*! elementor - v3.21.0 - 25-04-2024 *\/\n.elementor-widget-text-editor.elementor-drop-cap-view-stacked .elementor-drop-cap{background-color:#69727d;color:#fff}.elementor-widget-text-editor.elementor-drop-cap-view-framed .elementor-drop-cap{color:#69727d;border:3px solid;background-color:transparent}.elementor-widget-text-editor:not(.elementor-drop-cap-view-default) .elementor-drop-cap{margin-top:8px}.elementor-widget-text-editor:not(.elementor-drop-cap-view-default) .elementor-drop-cap-letter{width:1em;height:1em}.elementor-widget-text-editor .elementor-drop-cap{float:left;text-align:center;line-height:1;font-size:50px}.elementor-widget-text-editor .elementor-drop-cap-letter{display:inline-block}<\/style>\t\t\t\t<p><a href=\"https:\/\/apfiacare.com\/ro\/\">Acas\u0103<\/a> \/ <a href=\"https:\/\/apfiacare.com\/ro\/ingrijire-bebe\/\">\u00cengrijire bebe<\/a> \/ Bavete de unic\u0103 folosin\u021b\u0103 Apfia Care<\/p>\t\t\t\t\t\t<\/div>\n\t\t\t\t<\/div>\n\t\t\t\t\t<\/div>\n\t\t\t\t<\/div>\n\t\t<div class=\"elementor-element elementor-element-b4c0112 e-flex e-con-boxed e-con e-parent\" data-id=\"b4c0112\" data-element_type=\"container\" data-settings=\"{&quot;background_background&quot;:&quot;classic&quot;}\">\n\t\t\t\t\t<div class=\"e-con-inner\">\n\t\t<div class=\"elementor-element elementor-element-bfed25d e-con-full e-flex e-con e-child\" data-id=\"bfed25d\" data-element_type=\"container\">\n\t\t\t\t<div class=\"elementor-element elementor-element-b81863b elementor-widget elementor-widget-heading\" data-id=\"b81863b\" data-element_type=\"widget\" data-settings=\"{&quot;_animation&quot;:&quot;none&quot;}\" data-widget_type=\"heading.default\">\n\t\t\t\t<div class=\"elementor-widget-container\">\n\t\t\t<style>\/*! elementor - v3.21.0 - 25-04-2024 *\/\n.elementor-heading-title{padding:0;margin:0;line-height:1}.elementor-widget-heading .elementor-heading-title[class*=elementor-size-]>a{color:inherit;font-size:inherit;line-height:inherit}.elementor-widget-heading .elementor-heading-title.elementor-size-small{font-size:15px}.elementor-widget-heading .elementor-heading-title.elementor-size-medium{font-size:19px}.elementor-widget-heading .elementor-heading-title.elementor-size-large{font-size:29px}.elementor-widget-heading .elementor-heading-title.elementor-size-xl{font-size:39px}.elementor-widget-heading .elementor-heading-title.elementor-size-xxl{font-size:59px}<\/style><h2 class=\"elementor-heading-title elementor-size-default\">Bavete de unic\u0103 folosin\u021b\u0103 Apfia Care<\/h2>\t\t<\/div>\n\t\t\t\t<\/div>\n\t\t\t\t<div class=\"elementor-element elementor-element-f6c97bc elementor-widget elementor-widget-text-editor\" data-id=\"f6c97bc\" data-element_type=\"widget\" data-settings=\"{&quot;_animation&quot;:&quot;none&quot;}\" data-widget_type=\"text-editor.default\">\n\t\t\t\t<div class=\"elementor-widget-container\">\n\t\t\t\t\t\t\t<p>Bavetele de unic\u0103 folosin\u021b\u0103 de la Apfia Care sunt destinate utiliz\u0103rii la copiii cu v\u00e2rsta peste 4 luni. Culorile \u0219i materiile prime utilizate pentru fabricarea bavetelor de unic\u0103 folosin\u021b\u0103 sunt netoxice \u0219i sigure pentru s\u0103n\u0103tatea uman\u0103. De asemenea, sunt realizate din materiale hipoalergenice.<\/p>\n\t\t\t\t\t\t<\/div>\n\t\t\t\t<\/div>\n\t\t\t\t<div class=\"elementor-element elementor-element-1b4c76d elementor-align-left elementor-invisible elementor-widget elementor-widget-button\" data-id=\"1b4c76d\" data-element_type=\"widget\" data-settings=\"{&quot;_animation&quot;:&quot;fadeInUp&quot;}\" data-widget_type=\"button.default\">\n\t\t\t\t<div class=\"elementor-widget-container\">\n\t\t\t\t\t<div class=\"elementor-button-wrapper\">\n\t\t\t<a class=\"elementor-button elementor-button-link elementor-size-sm\" href=\"https:\/\/apfiacare.com\/contact\/\">\n\t\t\t\t\t\t<span class=\"elementor-button-content-wrapper\">\n\t\t\t\t\t\t\t\t\t<span class=\"elementor-button-text\">Contacteaz\u0103-ne<\/span>\n\t\t\t\t\t<\/span>\n\t\t\t\t\t<\/a>\n\t\t<\/div>\n\t\t\t\t<\/div>\n\t\t\t\t<\/div>\n\t\t\t\t<\/div>\n\t\t<div class=\"elementor-element elementor-element-bafebb6 e-con-full e-flex elementor-invisible e-con e-child\" data-id=\"bafebb6\" data-element_type=\"container\" data-settings=\"{&quot;animation&quot;:&quot;fadeInDown&quot;}\">\n\t\t\t\t<div class=\"elementor-element elementor-element-60f1d16 elementor-widget elementor-widget-image\" data-id=\"60f1d16\" data-element_type=\"widget\" data-widget_type=\"image.default\">\n\t\t\t\t<div class=\"elementor-widget-container\">\n\t\t\t<style>\/*! elementor - v3.21.0 - 25-04-2024 *\/\n.elementor-widget-image{text-align:center}.elementor-widget-image a{display:inline-block}.elementor-widget-image a img[src$=\".svg\"]{width:48px}.elementor-widget-image img{vertical-align:middle;display:inline-block}<\/style>\t\t\t\t\t\t\t\t\t\t<img fetchpriority=\"high\" decoding=\"async\" width=\"768\" height=\"768\" src=\"https:\/\/apfiacare.com\/wp-content\/uploads\/2024\/05\/1-3-768x768.jpg\" class=\"attachment-medium_large size-medium_large wp-image-1573\" alt=\"\" srcset=\"https:\/\/apfiacare.com\/wp-content\/uploads\/2024\/05\/1-3-768x768.jpg 768w, https:\/\/apfiacare.com\/wp-content\/uploads\/2024\/05\/1-3-300x300.jpg 300w, https:\/\/apfiacare.com\/wp-content\/uploads\/2024\/05\/1-3-1024x1024.jpg 1024w, https:\/\/apfiacare.com\/wp-content\/uploads\/2024\/05\/1-3-150x150.jpg 150w, https:\/\/apfiacare.com\/wp-content\/uploads\/2024\/05\/1-3.jpg 1080w\" sizes=\"(max-width: 768px) 100vw, 768px\" \/>\t\t\t\t\t\t\t\t\t\t\t\t\t<\/div>\n\t\t\t\t<\/div>\n\t\t\t\t<\/div>\n\t\t\t\t\t<\/div>\n\t\t\t\t<\/div>\n\t\t<div class=\"elementor-element elementor-element-56094bd e-flex e-con-boxed e-con e-parent\" data-id=\"56094bd\" data-element_type=\"container\" data-settings=\"{&quot;background_background&quot;:&quot;classic&quot;}\">\n\t\t\t\t\t<div class=\"e-con-inner\">\n\t\t<div class=\"elementor-element elementor-element-f269ba5 e-con-full e-flex e-con e-child\" data-id=\"f269ba5\" data-element_type=\"container\">\n\t\t\t\t<div class=\"elementor-element elementor-element-e4d37d5 elementor-widget elementor-widget-image\" data-id=\"e4d37d5\" data-element_type=\"widget\" data-widget_type=\"image.default\">\n\t\t\t\t<div class=\"elementor-widget-container\">\n\t\t\t\t\t\t\t\t\t\t\t\t\t<img decoding=\"async\" width=\"90\" height=\"89\" src=\"https:\/\/apfiacare.com\/wp-content\/uploads\/2024\/05\/dining-on-the-go.svg\" class=\"attachment-large size-large wp-image-1809\" alt=\"\" \/>\t\t\t\t\t\t\t\t\t\t\t\t\t<\/div>\n\t\t\t\t<\/div>\n\t\t\t\t<div class=\"elementor-element elementor-element-0a7742b elementor-widget elementor-widget-heading\" data-id=\"0a7742b\" data-element_type=\"widget\" data-widget_type=\"heading.default\">\n\t\t\t\t<div class=\"elementor-widget-container\">\n\t\t\t<h3 class=\"elementor-heading-title elementor-size-default\">Perfecte pentru mas\u0103 <br> acas\u0103 sau \u00een exterior <\/h3>\t\t<\/div>\n\t\t\t\t<\/div>\n\t\t\t\t<\/div>\n\t\t<div class=\"elementor-element elementor-element-f260a0a e-con-full e-flex e-con e-child\" data-id=\"f260a0a\" data-element_type=\"container\">\n\t\t\t\t<div class=\"elementor-element elementor-element-76c35ac elementor-widget elementor-widget-image\" data-id=\"76c35ac\" data-element_type=\"widget\" data-widget_type=\"image.default\">\n\t\t\t\t<div class=\"elementor-widget-container\">\n\t\t\t\t\t\t\t\t\t\t\t\t\t<img decoding=\"async\" width=\"90\" height=\"89\" src=\"https:\/\/apfiacare.com\/wp-content\/uploads\/2024\/05\/adjust-size.svg\" class=\"attachment-large size-large wp-image-1811\" alt=\"\" \/>\t\t\t\t\t\t\t\t\t\t\t\t\t<\/div>\n\t\t\t\t<\/div>\n\t\t\t\t<div class=\"elementor-element elementor-element-ade8b57 elementor-widget elementor-widget-heading\" data-id=\"ade8b57\" data-element_type=\"widget\" data-widget_type=\"heading.default\">\n\t\t\t\t<div class=\"elementor-widget-container\">\n\t\t\t<h3 class=\"elementor-heading-title elementor-size-default\">Dimensiune u\u0219or <br> de ajustat<\/h3>\t\t<\/div>\n\t\t\t\t<\/div>\n\t\t\t\t<div class=\"elementor-element elementor-element-fe77b6a elementor-hidden-tablet elementor-hidden-mobile elementor-widget elementor-widget-image\" data-id=\"fe77b6a\" data-element_type=\"widget\" data-widget_type=\"image.default\">\n\t\t\t\t<div class=\"elementor-widget-container\">\n\t\t\t\t\t\t\t\t\t\t\t\t\t<img loading=\"lazy\" decoding=\"async\" width=\"10\" height=\"15\" src=\"https:\/\/apfiacare.com\/wp-content\/uploads\/2024\/04\/arrow.svg\" class=\"attachment-medium size-medium wp-image-105\" alt=\"\" \/>\t\t\t\t\t\t\t\t\t\t\t\t\t<\/div>\n\t\t\t\t<\/div>\n\t\t\t\t<\/div>\n\t\t<div class=\"elementor-element elementor-element-f0644fe e-con-full e-flex e-con e-child\" data-id=\"f0644fe\" data-element_type=\"container\">\n\t\t\t\t<div class=\"elementor-element elementor-element-8357700 elementor-widget elementor-widget-image\" data-id=\"8357700\" data-element_type=\"widget\" data-widget_type=\"image.default\">\n\t\t\t\t<div class=\"elementor-widget-container\">\n\t\t\t\t\t\t\t\t\t\t\t\t\t<img loading=\"lazy\" decoding=\"async\" width=\"90\" height=\"89\" src=\"https:\/\/apfiacare.com\/wp-content\/uploads\/2024\/05\/adjustable-neckline.svg\" class=\"attachment-large size-large wp-image-1813\" alt=\"\" \/>\t\t\t\t\t\t\t\t\t\t\t\t\t<\/div>\n\t\t\t\t<\/div>\n\t\t\t\t<div class=\"elementor-element elementor-element-846b733 elementor-widget elementor-widget-heading\" data-id=\"846b733\" data-element_type=\"widget\" data-widget_type=\"heading.default\">\n\t\t\t\t<div class=\"elementor-widget-container\">\n\t\t\t<h3 class=\"elementor-heading-title elementor-size-default\">Linia g\u00e2tului este ajustabil\u0103, <br> margini moi<\/h3>\t\t<\/div>\n\t\t\t\t<\/div>\n\t\t\t\t<\/div>\n\t\t\t\t\t<\/div>\n\t\t\t\t<\/div>\n\t\t<div class=\"elementor-element elementor-element-be7c375 e-flex e-con-boxed e-con e-parent\" data-id=\"be7c375\" data-element_type=\"container\">\n\t\t\t\t\t<div class=\"e-con-inner\">\n\t\t\t\t<div class=\"elementor-element elementor-element-b9fa6ae elementor-widget elementor-widget-image\" data-id=\"b9fa6ae\" data-element_type=\"widget\" data-widget_type=\"image.default\">\n\t\t\t\t<div class=\"elementor-widget-container\">\n\t\t\t\t\t\t\t\t\t\t\t\t\t<img loading=\"lazy\" decoding=\"async\" width=\"253\" height=\"96\" src=\"https:\/\/apfiacare.com\/wp-content\/uploads\/2024\/04\/bucla_blue_bott.png\" class=\"attachment-large size-large wp-image-325\" alt=\"\" \/>\t\t\t\t\t\t\t\t\t\t\t\t\t<\/div>\n\t\t\t\t<\/div>\n\t\t\t\t\t<\/div>\n\t\t\t\t<\/div>\n\t\t<div class=\"elementor-element elementor-element-684aa58 e-flex e-con-boxed e-con e-parent\" data-id=\"684aa58\" data-element_type=\"container\" data-settings=\"{&quot;background_background&quot;:&quot;classic&quot;}\">\n\t\t\t\t\t<div class=\"e-con-inner\">\n\t\t<div class=\"elementor-element elementor-element-4b8089d e-con-full e-flex e-con e-child\" data-id=\"4b8089d\" data-element_type=\"container\">\n\t\t\t\t<div class=\"elementor-element elementor-element-cbafbf1 elementor-widget elementor-widget-image\" data-id=\"cbafbf1\" data-element_type=\"widget\" data-widget_type=\"image.default\">\n\t\t\t\t<div class=\"elementor-widget-container\">\n\t\t\t\t\t\t\t\t\t\t\t\t\t<img loading=\"lazy\" decoding=\"async\" width=\"537\" height=\"222\" src=\"https:\/\/apfiacare.com\/wp-content\/uploads\/2024\/05\/bavete-de-unica.png\" class=\"attachment-full size-full wp-image-2293\" alt=\"\" srcset=\"https:\/\/apfiacare.com\/wp-content\/uploads\/2024\/05\/bavete-de-unica.png 537w, https:\/\/apfiacare.com\/wp-content\/uploads\/2024\/05\/bavete-de-unica-300x124.png 300w\" sizes=\"(max-width: 537px) 100vw, 537px\" \/>\t\t\t\t\t\t\t\t\t\t\t\t\t<\/div>\n\t\t\t\t<\/div>\n\t\t\t\t<\/div>\n\t\t<div class=\"elementor-element elementor-element-940e296 e-con-full e-flex e-con e-child\" data-id=\"940e296\" data-element_type=\"container\">\n\t\t<div class=\"elementor-element elementor-element-1b1c3ae e-con-full e-flex e-con e-child\" data-id=\"1b1c3ae\" data-element_type=\"container\" data-settings=\"{&quot;background_background&quot;:&quot;classic&quot;}\">\n\t\t\t\t<div class=\"elementor-element elementor-element-a171346 elementor-widget elementor-widget-heading\" data-id=\"a171346\" data-element_type=\"widget\" data-widget_type=\"heading.default\">\n\t\t\t\t<div class=\"elementor-widget-container\">\n\t\t\t<h3 class=\"elementor-heading-title elementor-size-default\">Detalii produs:<\/h3>\t\t<\/div>\n\t\t\t\t<\/div>\n\t\t\t\t<div class=\"elementor-element elementor-element-626b865 elementor-widget elementor-widget-text-editor\" data-id=\"626b865\" data-element_type=\"widget\" data-settings=\"{&quot;_animation&quot;:&quot;none&quot;}\" data-widget_type=\"text-editor.default\">\n\t\t\t\t<div class=\"elementor-widget-container\">\n\t\t\t\t\t\t\t<p>\u2713 Buzunar mare frontal pentru prinderea firmiturilor<br \/>\u2713 Decolteul reglabil cu margine moale care asigur\u0103 confortul copilului<br \/>\u2713 Perfect pentru a lua masa acas\u0103 sau \u00een deplasare<br \/>\u2713 Ambalaj compact pentru a \u00eenc\u0103pea \u00een orice geant\u0103 sau sertar<br \/>\u2713 Dimensiune u\u0219or de ajustat<br \/>\u2713 Prinderea auto-adeziv\u0103 din spate se potrive\u0219te perfect pe bavet\u0103<br \/>\u2713 Pute\u021bi ajusta dimensiunea la g\u00e2t, dac\u0103 este necesar <br \/>\u2713 Buzunarul frontal colecteaz\u0103 resturile alimentare c\u0103zute, men\u021bin\u00e2nd bebelu\u0219ul curat<\/p>\n\t\t\t\t\t\t<\/div>\n\t\t\t\t<\/div>\n\t\t\t\t<div class=\"elementor-element elementor-element-8dbec10 elementor-widget elementor-widget-heading\" data-id=\"8dbec10\" data-element_type=\"widget\" data-widget_type=\"heading.default\">\n\t\t\t\t<div class=\"elementor-widget-container\">\n\t\t\t<h3 class=\"elementor-heading-title elementor-size-default\">Material:<\/h3>\t\t<\/div>\n\t\t\t\t<\/div>\n\t\t\t\t<div class=\"elementor-element elementor-element-92d1b83 elementor-widget elementor-widget-text-editor\" data-id=\"92d1b83\" data-element_type=\"widget\" data-settings=\"{&quot;_animation&quot;:&quot;none&quot;}\" data-widget_type=\"text-editor.default\">\n\t\t\t\t<div class=\"elementor-widget-container\">\n\t\t\t\t\t\t\t<p>\u2022 Material moale f\u0103r\u0103 cus\u0103turi, delicat cu pielea<br \/>\u2022 Impermeabil <br \/>\u2022 Foarte absorbant<\/p>\n\t\t\t\t\t\t<\/div>\n\t\t\t\t<\/div>\n\t\t\t\t<div class=\"elementor-element elementor-element-69f4f48 elementor-widget elementor-widget-heading\" data-id=\"69f4f48\" data-element_type=\"widget\" data-widget_type=\"heading.default\">\n\t\t\t\t<div class=\"elementor-widget-container\">\n\t\t\t<h3 class=\"elementor-heading-title elementor-size-default\">M\u0103rimea:<\/h3>\t\t<\/div>\n\t\t\t\t<\/div>\n\t\t\t\t<div class=\"elementor-element elementor-element-ce0cd65 elementor-widget elementor-widget-text-editor\" data-id=\"ce0cd65\" data-element_type=\"widget\" data-settings=\"{&quot;_animation&quot;:&quot;none&quot;}\" data-widget_type=\"text-editor.default\">\n\t\t\t\t<div class=\"elementor-widget-container\">\n\t\t\t\t\t\t\t<ul>\n<li>24&#215;35 cm<\/li>\n<\/ul>\n\t\t\t\t\t\t<\/div>\n\t\t\t\t<\/div>\n\t\t\t\t<div class=\"elementor-element elementor-element-9785289 elementor-widget elementor-widget-heading\" data-id=\"9785289\" data-element_type=\"widget\" data-widget_type=\"heading.default\">\n\t\t\t\t<div class=\"elementor-widget-container\">\n\t\t\t<h3 class=\"elementor-heading-title elementor-size-default\">Cantitate:<\/h3>\t\t<\/div>\n\t\t\t\t<\/div>\n\t\t\t\t<div class=\"elementor-element elementor-element-fdb49e1 elementor-widget elementor-widget-text-editor\" data-id=\"fdb49e1\" data-element_type=\"widget\" data-settings=\"{&quot;_animation&quot;:&quot;none&quot;}\" data-widget_type=\"text-editor.default\">\n\t\t\t\t<div class=\"elementor-widget-container\">\n\t\t\t\t\t\t\t<ul>\n<li>10 buc\u0103\u021bi<\/li>\n<\/ul>\n\t\t\t\t\t\t<\/div>\n\t\t\t\t<\/div>\n\t\t\t\t<\/div>\n\t\t\t\t<\/div>\n\t\t\t\t\t<\/div>\n\t\t\t\t<\/div>\n\t\t<div class=\"elementor-element elementor-element-4c8c3ed e-flex e-con-boxed e-con e-parent\" data-id=\"4c8c3ed\" data-element_type=\"container\">\n\t\t\t\t\t<div class=\"e-con-inner\">\n\t\t<div class=\"elementor-element elementor-element-e07c6f1 e-con-full e-flex e-con e-child\" data-id=\"e07c6f1\" data-element_type=\"container\">\n\t\t\t\t<div class=\"elementor-element elementor-element-32404cd elementor-widget elementor-widget-image\" data-id=\"32404cd\" data-element_type=\"widget\" data-widget_type=\"image.default\">\n\t\t\t\t<div class=\"elementor-widget-container\">\n\t\t\t\t\t\t\t\t\t\t\t\t\t<img loading=\"lazy\" decoding=\"async\" width=\"102\" height=\"102\" src=\"https:\/\/apfiacare.com\/wp-content\/uploads\/2024\/04\/atentie.svg\" class=\"attachment-large size-large wp-image-1133\" alt=\"\" \/>\t\t\t\t\t\t\t\t\t\t\t\t\t<\/div>\n\t\t\t\t<\/div>\n\t\t\t\t<\/div>\n\t\t<div class=\"elementor-element elementor-element-8f52ee4 e-con-full e-flex e-con e-child\" data-id=\"8f52ee4\" data-element_type=\"container\">\n\t\t\t\t<div class=\"elementor-element elementor-element-371eed6 elementor-widget elementor-widget-heading\" data-id=\"371eed6\" data-element_type=\"widget\" data-widget_type=\"heading.default\">\n\t\t\t\t<div class=\"elementor-widget-container\">\n\t\t\t<h3 class=\"elementor-heading-title elementor-size-default\">Precau\u021bii:<\/h3>\t\t<\/div>\n\t\t\t\t<\/div>\n\t\t\t\t<div class=\"elementor-element elementor-element-633bb84 elementor-widget elementor-widget-text-editor\" data-id=\"633bb84\" data-element_type=\"widget\" data-settings=\"{&quot;_animation&quot;:&quot;none&quot;}\" data-widget_type=\"text-editor.default\">\n\t\t\t\t<div class=\"elementor-widget-container\">\n\t\t\t\t\t\t\t<ul><li>Nu l\u0103sa\u021bi niciodat\u0103 copilul nesupravegheat \u00een timp ce \u00eel hr\u0103ni\u021bi.<\/li><li>\u00cendep\u0103rta\u021bi \u00eentotdeauna bave\u021bica dup\u0103 hr\u0103nire.<\/li><li>Asigura\u021bi supravegherea copilului \u00een permanen\u021b\u0103.<\/li><li>Ata\u0219a\u021bi numai pe hainele copilului, nu ata\u0219a\u021bi pe piele.<\/li><li>A se p\u0103stra \u00eentr-un loc r\u0103coros \u0219i uscat, ferit de lumina direct\u0103 a soarelui.<\/li><li>Pentru a evita riscul de sufocare, \u021bine\u021bi punga departe de bebelu\u0219i \u0219i copii.<\/li><li>Arunca\u021bi \u00een siguran\u021b\u0103 la de\u0219eurile menajere atunci c\u00e2nd este gol.<\/li><li>Produsul este conform cu cerin\u021bele de siguran\u021b\u0103 ale standardelor globale BRC.<\/li><\/ul>\t\t\t\t\t\t<\/div>\n\t\t\t\t<\/div>\n\t\t\t\t<\/div>\n\t\t\t\t\t<\/div>\n\t\t\t\t<\/div>\n\t\t\t\t<\/div>\n\t\t","protected":false},"excerpt":{"rendered":"<p>Acas\u0103 \/ \u00cengrijire bebe \/ Bavete de unic\u0103 folosin\u021b\u0103 Apfia Care Bavete de unic\u0103 folosin\u021b\u0103 Apfia Care Bavetele de unic\u0103 folosin\u021b\u0103 de la Apfia Care sunt destinate utiliz\u0103rii la copiii cu v\u00e2rsta peste 4 luni. Culorile \u0219i materiile prime utilizate pentru fabricarea bavetelor de unic\u0103 folosin\u021b\u0103 sunt netoxice \u0219i sigure pentru s\u0103n\u0103tatea uman\u0103. De asemenea, [&hellip;]<\/p>\n","protected":false},"author":2,"featured_media":0,"parent":0,"menu_order":0,"comment_status":"closed","ping_status":"closed","template":"","meta":{"footnotes":""},"class_list":["post-1979","page","type-page","status-publish","hentry"],"_links":{"self":[{"href":"https:\/\/apfiacare.com\/ro\/wp-json\/wp\/v2\/pages\/1979","targetHints":{"allow":["GET"]}}],"collection":[{"href":"https:\/\/apfiacare.com\/ro\/wp-json\/wp\/v2\/pages"}],"about":[{"href":"https:\/\/apfiacare.com\/ro\/wp-json\/wp\/v2\/types\/page"}],"author":[{"embeddable":true,"href":"https:\/\/apfiacare.com\/ro\/wp-json\/wp\/v2\/users\/2"}],"replies":[{"embeddable":true,"href":"https:\/\/apfiacare.com\/ro\/wp-json\/wp\/v2\/comments?post=1979"}],"version-history":[{"count":24,"href":"https:\/\/apfiacare.com\/ro\/wp-json\/wp\/v2\/pages\/1979\/revisions"}],"predecessor-version":[{"id":2749,"href":"https:\/\/apfiacare.com\/ro\/wp-json\/wp\/v2\/pages\/1979\/revisions\/2749"}],"wp:attachment":[{"href":"https:\/\/apfiacare.com\/ro\/wp-json\/wp\/v2\/media?parent=1979"}],"curies":[{"name":"wp","href":"https:\/\/api.w.org\/{rel}","templated":true}]}}