{"id":3505,"date":"2026-01-15T08:13:22","date_gmt":"2026-01-15T08:13:22","guid":{"rendered":"https:\/\/apfiacare.com\/aleze-de-unica-folosinta-pentru-bebelusi-apfia-care\/"},"modified":"2026-01-15T09:46:40","modified_gmt":"2026-01-15T09:46:40","slug":"aleze-de-unica-folosinta-pentru-bebelusi-apfia-care","status":"publish","type":"page","link":"https:\/\/apfiacare.com\/ro\/aleze-de-unica-folosinta-pentru-bebelusi-apfia-care\/","title":{"rendered":"Aleze de unic\u0103 folosin\u021b\u0103 pentru bebelu\u0219i Apfia Care"},"content":{"rendered":"\t\t<div data-elementor-type=\"wp-page\" data-elementor-id=\"3505\" class=\"elementor elementor-3505 elementor-3424\" data-elementor-post-type=\"page\">\n\t\t\t\t<div class=\"elementor-element elementor-element-9457202 e-flex e-con-boxed e-con e-parent\" data-id=\"9457202\" data-element_type=\"container\" data-settings=\"{&quot;background_background&quot;:&quot;classic&quot;}\">\n\t\t\t\t\t<div class=\"e-con-inner\">\n\t\t\t\t<div class=\"elementor-element elementor-element-ede1cf1 elementor-widget elementor-widget-text-editor\" data-id=\"ede1cf1\" data-element_type=\"widget\" data-widget_type=\"text-editor.default\">\n\t\t\t\t<div class=\"elementor-widget-container\">\n\t\t\t<style>\/*! elementor - v3.21.0 - 25-04-2024 *\/\n.elementor-widget-text-editor.elementor-drop-cap-view-stacked .elementor-drop-cap{background-color:#69727d;color:#fff}.elementor-widget-text-editor.elementor-drop-cap-view-framed .elementor-drop-cap{color:#69727d;border:3px solid;background-color:transparent}.elementor-widget-text-editor:not(.elementor-drop-cap-view-default) .elementor-drop-cap{margin-top:8px}.elementor-widget-text-editor:not(.elementor-drop-cap-view-default) .elementor-drop-cap-letter{width:1em;height:1em}.elementor-widget-text-editor .elementor-drop-cap{float:left;text-align:center;line-height:1;font-size:50px}.elementor-widget-text-editor .elementor-drop-cap-letter{display:inline-block}<\/style>\t\t\t\t<p><a href=\"https:\/\/apfiacare.com\/ro\/\">Acas\u0103<\/a> \/ <a href=\"https:\/\/apfiacare.com\/ingrijire-bebe\">\u00cengrijire Bebe<\/a> \/ Aleze de unic\u0103 folosin\u021b\u0103 pentru bebelu\u0219i Apfia Care<\/p>\n\t\t\t\t\t\t<\/div>\n\t\t\t\t<\/div>\n\t\t\t\t\t<\/div>\n\t\t\t\t<\/div>\n\t\t<div class=\"elementor-element elementor-element-b4c0112 e-flex e-con-boxed e-con e-parent\" data-id=\"b4c0112\" data-element_type=\"container\" data-settings=\"{&quot;background_background&quot;:&quot;classic&quot;}\">\n\t\t\t\t\t<div class=\"e-con-inner\">\n\t\t<div class=\"elementor-element elementor-element-bfed25d e-con-full e-flex e-con e-child\" data-id=\"bfed25d\" data-element_type=\"container\">\n\t\t\t\t<div class=\"elementor-element elementor-element-b81863b elementor-widget elementor-widget-heading\" data-id=\"b81863b\" data-element_type=\"widget\" data-settings=\"{&quot;_animation&quot;:&quot;none&quot;}\" data-widget_type=\"heading.default\">\n\t\t\t\t<div class=\"elementor-widget-container\">\n\t\t\t<style>\/*! elementor - v3.21.0 - 25-04-2024 *\/\n.elementor-heading-title{padding:0;margin:0;line-height:1}.elementor-widget-heading .elementor-heading-title[class*=elementor-size-]>a{color:inherit;font-size:inherit;line-height:inherit}.elementor-widget-heading .elementor-heading-title.elementor-size-small{font-size:15px}.elementor-widget-heading .elementor-heading-title.elementor-size-medium{font-size:19px}.elementor-widget-heading .elementor-heading-title.elementor-size-large{font-size:29px}.elementor-widget-heading .elementor-heading-title.elementor-size-xl{font-size:39px}.elementor-widget-heading .elementor-heading-title.elementor-size-xxl{font-size:59px}<\/style><h2 class=\"elementor-heading-title elementor-size-default\">Aleze de unic\u0103 folosin\u021b\u0103 pentru bebelu\u0219i Apfia Care<\/h2>\t\t<\/div>\n\t\t\t\t<\/div>\n\t\t\t\t<div class=\"elementor-element elementor-element-f6c97bc elementor-widget elementor-widget-text-editor\" data-id=\"f6c97bc\" data-element_type=\"widget\" data-settings=\"{&quot;_animation&quot;:&quot;none&quot;}\" data-widget_type=\"text-editor.default\">\n\t\t\t\t<div class=\"elementor-widget-container\">\n\t\t\t\t\t\t\t<p>Alezele Apfia Care au un strat exterior moale \u0219i delicat, care nu irit\u0103 pielea \u0219i sunt ideale pentru a crea un mediu confortabil \u00een diverse situa\u021bii, acas\u0103 sau \u00een c\u0103l\u0103torii. Alezele sunt potrivite pentru protejarea patului \u0219i a lenjeriei \u00een timpul schimb\u0103rii scutecului. Pot fi folosite la fel \u0219i dup\u0103 baie ori \u00een timpul aplic\u0103rii produselor cosmetice.<\/p>\n\t\t\t\t\t\t<\/div>\n\t\t\t\t<\/div>\n\t\t\t\t<div class=\"elementor-element elementor-element-1b4c76d elementor-align-left elementor-invisible elementor-widget elementor-widget-button\" data-id=\"1b4c76d\" data-element_type=\"widget\" data-settings=\"{&quot;_animation&quot;:&quot;fadeInUp&quot;}\" data-widget_type=\"button.default\">\n\t\t\t\t<div class=\"elementor-widget-container\">\n\t\t\t\t\t<div class=\"elementor-button-wrapper\">\n\t\t\t<a class=\"elementor-button elementor-button-link elementor-size-sm\" href=\"https:\/\/apfiacare.com\/contact\/\">\n\t\t\t\t\t\t<span class=\"elementor-button-content-wrapper\">\n\t\t\t\t\t\t\t\t\t<span class=\"elementor-button-text\">Contacteaz\u0103-ne<\/span>\n\t\t\t\t\t<\/span>\n\t\t\t\t\t<\/a>\n\t\t<\/div>\n\t\t\t\t<\/div>\n\t\t\t\t<\/div>\n\t\t\t\t<\/div>\n\t\t<div class=\"elementor-element elementor-element-bafebb6 e-con-full e-flex e-con e-child\" data-id=\"bafebb6\" data-element_type=\"container\">\n\t\t\t\t<div class=\"elementor-element elementor-element-60f1d16 elementor-widget elementor-widget-image\" data-id=\"60f1d16\" data-element_type=\"widget\" data-widget_type=\"image.default\">\n\t\t\t\t<div class=\"elementor-widget-container\">\n\t\t\t<style>\/*! elementor - v3.21.0 - 25-04-2024 *\/\n.elementor-widget-image{text-align:center}.elementor-widget-image a{display:inline-block}.elementor-widget-image a img[src$=\".svg\"]{width:48px}.elementor-widget-image img{vertical-align:middle;display:inline-block}<\/style>\t\t\t\t\t\t\t\t\t\t<img fetchpriority=\"high\" decoding=\"async\" width=\"640\" height=\"640\" src=\"https:\/\/apfiacare.com\/wp-content\/uploads\/2026\/01\/Imagini-website-shop-Apfia-Care_test-aleze-60x40_3.png\" class=\"attachment-medium_large size-medium_large wp-image-3418\" alt=\"\" srcset=\"https:\/\/apfiacare.com\/wp-content\/uploads\/2026\/01\/Imagini-website-shop-Apfia-Care_test-aleze-60x40_3.png 640w, https:\/\/apfiacare.com\/wp-content\/uploads\/2026\/01\/Imagini-website-shop-Apfia-Care_test-aleze-60x40_3-300x300.png 300w, https:\/\/apfiacare.com\/wp-content\/uploads\/2026\/01\/Imagini-website-shop-Apfia-Care_test-aleze-60x40_3-150x150.png 150w\" sizes=\"(max-width: 640px) 100vw, 640px\" \/>\t\t\t\t\t\t\t\t\t\t\t\t\t<\/div>\n\t\t\t\t<\/div>\n\t\t\t\t<div class=\"elementor-element elementor-element-8d5712b gallery-spacing-custom elementor-widget elementor-widget-image-gallery\" data-id=\"8d5712b\" data-element_type=\"widget\" data-widget_type=\"image-gallery.default\">\n\t\t\t\t<div class=\"elementor-widget-container\">\n\t\t\t<style>\/*! elementor - v3.21.0 - 25-04-2024 *\/\n.elementor-image-gallery .gallery-item{display:inline-block;text-align:center;vertical-align:top;width:100%;max-width:100%;margin:0 auto}.elementor-image-gallery .gallery-item img{margin:0 auto}.elementor-image-gallery .gallery-item .gallery-caption{margin:0}.elementor-image-gallery figure img{display:block}.elementor-image-gallery figure figcaption{width:100%}.gallery-spacing-custom .elementor-image-gallery .gallery-icon{padding:0}@media (min-width:768px){.elementor-image-gallery .gallery-columns-2 .gallery-item{max-width:50%}.elementor-image-gallery .gallery-columns-3 .gallery-item{max-width:33.33%}.elementor-image-gallery .gallery-columns-4 .gallery-item{max-width:25%}.elementor-image-gallery .gallery-columns-5 .gallery-item{max-width:20%}.elementor-image-gallery .gallery-columns-6 .gallery-item{max-width:16.666%}.elementor-image-gallery .gallery-columns-7 .gallery-item{max-width:14.28%}.elementor-image-gallery .gallery-columns-8 .gallery-item{max-width:12.5%}.elementor-image-gallery .gallery-columns-9 .gallery-item{max-width:11.11%}.elementor-image-gallery .gallery-columns-10 .gallery-item{max-width:10%}}@media (min-width:480px) and (max-width:767px){.elementor-image-gallery .gallery.gallery-columns-2 .gallery-item,.elementor-image-gallery .gallery.gallery-columns-3 .gallery-item,.elementor-image-gallery .gallery.gallery-columns-4 .gallery-item,.elementor-image-gallery .gallery.gallery-columns-5 .gallery-item,.elementor-image-gallery .gallery.gallery-columns-6 .gallery-item,.elementor-image-gallery .gallery.gallery-columns-7 .gallery-item,.elementor-image-gallery .gallery.gallery-columns-8 .gallery-item,.elementor-image-gallery .gallery.gallery-columns-9 .gallery-item,.elementor-image-gallery .gallery.gallery-columns-10 .gallery-item{max-width:50%}}@media (max-width:479px){.elementor-image-gallery .gallery.gallery-columns-2 .gallery-item,.elementor-image-gallery .gallery.gallery-columns-3 .gallery-item,.elementor-image-gallery .gallery.gallery-columns-4 .gallery-item,.elementor-image-gallery .gallery.gallery-columns-5 .gallery-item,.elementor-image-gallery .gallery.gallery-columns-6 .gallery-item,.elementor-image-gallery .gallery.gallery-columns-7 .gallery-item,.elementor-image-gallery .gallery.gallery-columns-8 .gallery-item,.elementor-image-gallery .gallery.gallery-columns-9 .gallery-item,.elementor-image-gallery .gallery.gallery-columns-10 .gallery-item{max-width:100%}}<\/style>\t\t<div class=\"elementor-image-gallery\">\n\t\t\t<div id='gallery-1' class='gallery galleryid-3505 gallery-columns-3 gallery-size-thumbnail'><figure class='gallery-item'>\n\t\t\t<div class='gallery-icon landscape'>\n\t\t\t\t<a data-elementor-open-lightbox=\"yes\" data-elementor-lightbox-slideshow=\"8d5712b\" data-elementor-lightbox-title=\"20231_aleze 60x40_1_2_2_3\" data-e-action-hash=\"#elementor-action%3Aaction%3Dlightbox%26settings%3DeyJpZCI6MzQyNiwidXJsIjoiaHR0cHM6XC9cL2FwZmlhY2FyZS5jb21cL3dwLWNvbnRlbnRcL3VwbG9hZHNcLzIwMjZcLzAxXC8yMDIzMV9hbGV6ZS02MHg0MF8xXzJfMl8zLnBuZyIsInNsaWRlc2hvdyI6IjhkNTcxMmIifQ%3D%3D\" href='https:\/\/apfiacare.com\/wp-content\/uploads\/2026\/01\/20231_aleze-60x40_1_2_2_3.png'><img decoding=\"async\" width=\"150\" height=\"150\" src=\"https:\/\/apfiacare.com\/wp-content\/uploads\/2026\/01\/20231_aleze-60x40_1_2_2_3-150x150.png\" class=\"attachment-thumbnail size-thumbnail\" alt=\"\" srcset=\"https:\/\/apfiacare.com\/wp-content\/uploads\/2026\/01\/20231_aleze-60x40_1_2_2_3-150x150.png 150w, https:\/\/apfiacare.com\/wp-content\/uploads\/2026\/01\/20231_aleze-60x40_1_2_2_3-300x300.png 300w, https:\/\/apfiacare.com\/wp-content\/uploads\/2026\/01\/20231_aleze-60x40_1_2_2_3-768x768.png 768w, https:\/\/apfiacare.com\/wp-content\/uploads\/2026\/01\/20231_aleze-60x40_1_2_2_3.png 1000w\" sizes=\"(max-width: 150px) 100vw, 150px\" \/><\/a>\n\t\t\t<\/div><\/figure><figure class='gallery-item'>\n\t\t\t<div class='gallery-icon landscape'>\n\t\t\t\t<a data-elementor-open-lightbox=\"yes\" data-elementor-lightbox-slideshow=\"8d5712b\" data-elementor-lightbox-title=\"20231_aleze 60x40_2\" data-e-action-hash=\"#elementor-action%3Aaction%3Dlightbox%26settings%3DeyJpZCI6MzQyOCwidXJsIjoiaHR0cHM6XC9cL2FwZmlhY2FyZS5jb21cL3dwLWNvbnRlbnRcL3VwbG9hZHNcLzIwMjZcLzAxXC8yMDIzMV9hbGV6ZS02MHg0MF8yLnBuZyIsInNsaWRlc2hvdyI6IjhkNTcxMmIifQ%3D%3D\" href='https:\/\/apfiacare.com\/wp-content\/uploads\/2026\/01\/20231_aleze-60x40_2.png'><img decoding=\"async\" width=\"150\" height=\"150\" src=\"https:\/\/apfiacare.com\/wp-content\/uploads\/2026\/01\/20231_aleze-60x40_2-150x150.png\" class=\"attachment-thumbnail size-thumbnail\" alt=\"\" srcset=\"https:\/\/apfiacare.com\/wp-content\/uploads\/2026\/01\/20231_aleze-60x40_2-150x150.png 150w, https:\/\/apfiacare.com\/wp-content\/uploads\/2026\/01\/20231_aleze-60x40_2-300x300.png 300w, https:\/\/apfiacare.com\/wp-content\/uploads\/2026\/01\/20231_aleze-60x40_2-768x768.png 768w, https:\/\/apfiacare.com\/wp-content\/uploads\/2026\/01\/20231_aleze-60x40_2.png 1000w\" sizes=\"(max-width: 150px) 100vw, 150px\" \/><\/a>\n\t\t\t<\/div><\/figure><figure class='gallery-item'>\n\t\t\t<div class='gallery-icon landscape'>\n\t\t\t\t<a data-elementor-open-lightbox=\"yes\" data-elementor-lightbox-slideshow=\"8d5712b\" data-elementor-lightbox-title=\"20231_aleze 60x40_3\" data-e-action-hash=\"#elementor-action%3Aaction%3Dlightbox%26settings%3DeyJpZCI6MzQzMCwidXJsIjoiaHR0cHM6XC9cL2FwZmlhY2FyZS5jb21cL3dwLWNvbnRlbnRcL3VwbG9hZHNcLzIwMjZcLzAxXC8yMDIzMV9hbGV6ZS02MHg0MF8zLnBuZyIsInNsaWRlc2hvdyI6IjhkNTcxMmIifQ%3D%3D\" href='https:\/\/apfiacare.com\/wp-content\/uploads\/2026\/01\/20231_aleze-60x40_3.png'><img loading=\"lazy\" decoding=\"async\" width=\"150\" height=\"150\" src=\"https:\/\/apfiacare.com\/wp-content\/uploads\/2026\/01\/20231_aleze-60x40_3-150x150.png\" class=\"attachment-thumbnail size-thumbnail\" alt=\"\" srcset=\"https:\/\/apfiacare.com\/wp-content\/uploads\/2026\/01\/20231_aleze-60x40_3-150x150.png 150w, https:\/\/apfiacare.com\/wp-content\/uploads\/2026\/01\/20231_aleze-60x40_3-300x300.png 300w, https:\/\/apfiacare.com\/wp-content\/uploads\/2026\/01\/20231_aleze-60x40_3-768x768.png 768w, https:\/\/apfiacare.com\/wp-content\/uploads\/2026\/01\/20231_aleze-60x40_3.png 1000w\" sizes=\"(max-width: 150px) 100vw, 150px\" \/><\/a>\n\t\t\t<\/div><\/figure>\n\t\t<\/div>\n\t\t<\/div>\n\t\t\t\t<\/div>\n\t\t\t\t<\/div>\n\t\t\t\t<\/div>\n\t\t\t\t\t<\/div>\n\t\t\t\t<\/div>\n\t\t<div class=\"elementor-element elementor-element-56094bd e-flex e-con-boxed e-con e-parent\" data-id=\"56094bd\" data-element_type=\"container\" data-settings=\"{&quot;background_background&quot;:&quot;classic&quot;}\">\n\t\t\t\t\t<div class=\"e-con-inner\">\n\t\t<div class=\"elementor-element elementor-element-f269ba5 e-con-full e-flex e-con e-child\" data-id=\"f269ba5\" data-element_type=\"container\">\n\t\t\t\t<div class=\"elementor-element elementor-element-e4d37d5 elementor-widget elementor-widget-image\" data-id=\"e4d37d5\" data-element_type=\"widget\" data-widget_type=\"image.default\">\n\t\t\t\t<div class=\"elementor-widget-container\">\n\t\t\t\t\t\t\t\t\t\t\t\t\t<img loading=\"lazy\" decoding=\"async\" width=\"90\" height=\"89\" src=\"https:\/\/apfiacare.com\/wp-content\/uploads\/2024\/04\/delicat.svg\" class=\"attachment-large size-large wp-image-1107\" alt=\"\" \/>\t\t\t\t\t\t\t\t\t\t\t\t\t<\/div>\n\t\t\t\t<\/div>\n\t\t\t\t<div class=\"elementor-element elementor-element-0a7742b elementor-widget elementor-widget-heading\" data-id=\"0a7742b\" data-element_type=\"widget\" data-widget_type=\"heading.default\">\n\t\t\t\t<div class=\"elementor-widget-container\">\n\t\t\t<h3 class=\"elementor-heading-title elementor-size-default\">Moale \u0219i sigur pentru piele<\/h3>\t\t<\/div>\n\t\t\t\t<\/div>\n\t\t\t\t<div class=\"elementor-element elementor-element-b32e8ef elementor-widget elementor-widget-text-editor\" data-id=\"b32e8ef\" data-element_type=\"widget\" data-widget_type=\"text-editor.default\">\n\t\t\t\t<div class=\"elementor-widget-container\">\n\t\t\t\t\t\t\tMarginea \u00een\u0103l\u021bat\u0103 nu\npermite scurgerile nedorite.\t\t\t\t\t\t<\/div>\n\t\t\t\t<\/div>\n\t\t\t\t<\/div>\n\t\t<div class=\"elementor-element elementor-element-f260a0a e-con-full e-flex e-con e-child\" data-id=\"f260a0a\" data-element_type=\"container\">\n\t\t\t\t<div class=\"elementor-element elementor-element-76c35ac elementor-widget elementor-widget-image\" data-id=\"76c35ac\" data-element_type=\"widget\" data-widget_type=\"image.default\">\n\t\t\t\t<div class=\"elementor-widget-container\">\n\t\t\t\t\t\t\t\t\t\t\t\t\t<img loading=\"lazy\" decoding=\"async\" width=\"90\" height=\"89\" src=\"https:\/\/apfiacare.com\/wp-content\/uploads\/2024\/04\/absorbtie.svg\" class=\"attachment-large size-large wp-image-1116\" alt=\"\" \/>\t\t\t\t\t\t\t\t\t\t\t\t\t<\/div>\n\t\t\t\t<\/div>\n\t\t\t\t<div class=\"elementor-element elementor-element-ade8b57 elementor-widget elementor-widget-heading\" data-id=\"ade8b57\" data-element_type=\"widget\" data-widget_type=\"heading.default\">\n\t\t\t\t<div class=\"elementor-widget-container\">\n\t\t\t<h3 class=\"elementor-heading-title elementor-size-default\">De 60 ori mai<br>mult\u0103 absorb\u021bie<\/h3>\t\t<\/div>\n\t\t\t\t<\/div>\n\t\t\t\t<div class=\"elementor-element elementor-element-311f898 elementor-widget elementor-widget-text-editor\" data-id=\"311f898\" data-element_type=\"widget\" data-widget_type=\"text-editor.default\">\n\t\t\t\t<div class=\"elementor-widget-container\">\n\t\t\t\t\t\t\t<p>Tehnologia SAP blocheaz\u0103<br \/>lichidele pentru \u00eentreaga noapte.<\/p>\n\t\t\t\t\t\t<\/div>\n\t\t\t\t<\/div>\n\t\t\t\t<div class=\"elementor-element elementor-element-fe77b6a elementor-hidden-tablet elementor-hidden-mobile elementor-widget elementor-widget-image\" data-id=\"fe77b6a\" data-element_type=\"widget\" data-widget_type=\"image.default\">\n\t\t\t\t<div class=\"elementor-widget-container\">\n\t\t\t\t\t\t\t\t\t\t\t\t\t<img loading=\"lazy\" decoding=\"async\" width=\"10\" height=\"15\" src=\"https:\/\/apfiacare.com\/wp-content\/uploads\/2024\/04\/arrow.svg\" class=\"attachment-medium size-medium wp-image-105\" alt=\"\" \/>\t\t\t\t\t\t\t\t\t\t\t\t\t<\/div>\n\t\t\t\t<\/div>\n\t\t\t\t<\/div>\n\t\t<div class=\"elementor-element elementor-element-f0644fe e-con-full e-flex e-con e-child\" data-id=\"f0644fe\" data-element_type=\"container\">\n\t\t\t\t<div class=\"elementor-element elementor-element-8357700 elementor-widget elementor-widget-image\" data-id=\"8357700\" data-element_type=\"widget\" data-widget_type=\"image.default\">\n\t\t\t\t<div class=\"elementor-widget-container\">\n\t\t\t\t\t\t\t\t\t\t\t\t\t<img loading=\"lazy\" decoding=\"async\" width=\"106\" height=\"106\" src=\"https:\/\/apfiacare.com\/wp-content\/uploads\/2024\/04\/icon-3.svg\" class=\"attachment-large size-large wp-image-104\" alt=\"\" \/>\t\t\t\t\t\t\t\t\t\t\t\t\t<\/div>\n\t\t\t\t<\/div>\n\t\t\t\t<div class=\"elementor-element elementor-element-846b733 elementor-widget elementor-widget-heading\" data-id=\"846b733\" data-element_type=\"widget\" data-widget_type=\"heading.default\">\n\t\t\t\t<div class=\"elementor-widget-container\">\n\t\t\t<h3 class=\"elementor-heading-title elementor-size-default\">Potrivite pentru schimbarea scutecului<\/h3>\t\t<\/div>\n\t\t\t\t<\/div>\n\t\t\t\t<div class=\"elementor-element elementor-element-0e2bde1 elementor-widget elementor-widget-text-editor\" data-id=\"0e2bde1\" data-element_type=\"widget\" data-widget_type=\"text-editor.default\">\n\t\t\t\t<div class=\"elementor-widget-container\">\n\t\t\t\t\t\t\t<p>Materialul moale este confortabil pentru pielea delicat\u0103 a bebelu\u0219ului<\/p>\n\t\t\t\t\t\t<\/div>\n\t\t\t\t<\/div>\n\t\t\t\t<\/div>\n\t\t<div class=\"elementor-element elementor-element-cca2271 e-con-full e-flex e-con e-child\" data-id=\"cca2271\" data-element_type=\"container\">\n\t\t\t\t<div class=\"elementor-element elementor-element-b79caac elementor-widget elementor-widget-image\" data-id=\"b79caac\" data-element_type=\"widget\" data-widget_type=\"image.default\">\n\t\t\t\t<div class=\"elementor-widget-container\">\n\t\t\t\t\t\t\t\t\t\t\t\t\t<img loading=\"lazy\" decoding=\"async\" width=\"106\" height=\"106\" src=\"https:\/\/apfiacare.com\/wp-content\/uploads\/2025\/04\/testat-dermatologic_website-apfia-care-01.svg\" class=\"attachment-large size-large wp-image-2927\" alt=\"\" \/>\t\t\t\t\t\t\t\t\t\t\t\t\t<\/div>\n\t\t\t\t<\/div>\n\t\t\t\t<div class=\"elementor-element elementor-element-9f155d7 elementor-widget elementor-widget-heading\" data-id=\"9f155d7\" data-element_type=\"widget\" data-widget_type=\"heading.default\">\n\t\t\t\t<div class=\"elementor-widget-container\">\n\t\t\t<h3 class=\"elementor-heading-title elementor-size-default\">Testat<br>Dermatologic<\/h3>\t\t<\/div>\n\t\t\t\t<\/div>\n\t\t\t\t<div class=\"elementor-element elementor-element-fcb1d3d elementor-widget elementor-widget-text-editor\" data-id=\"fcb1d3d\" data-element_type=\"widget\" data-widget_type=\"text-editor.default\">\n\t\t\t\t<div class=\"elementor-widget-container\">\n\t\t\t\t\t\t\t<p>Sigur chiar \u0219i pentru<br \/>cea mai sensibil\u0103 piele<\/p>\n\t\t\t\t\t\t<\/div>\n\t\t\t\t<\/div>\n\t\t\t\t<\/div>\n\t\t\t\t\t<\/div>\n\t\t\t\t<\/div>\n\t\t<div class=\"elementor-element elementor-element-be7c375 e-flex e-con-boxed e-con e-parent\" data-id=\"be7c375\" data-element_type=\"container\">\n\t\t\t\t\t<div class=\"e-con-inner\">\n\t\t\t\t<div class=\"elementor-element elementor-element-b9fa6ae elementor-widget elementor-widget-image\" data-id=\"b9fa6ae\" data-element_type=\"widget\" data-widget_type=\"image.default\">\n\t\t\t\t<div class=\"elementor-widget-container\">\n\t\t\t\t\t\t\t\t\t\t\t\t\t<img loading=\"lazy\" decoding=\"async\" width=\"253\" height=\"96\" src=\"https:\/\/apfiacare.com\/wp-content\/uploads\/2024\/04\/bucla_blue_bott.png\" class=\"attachment-large size-large wp-image-325\" alt=\"\" \/>\t\t\t\t\t\t\t\t\t\t\t\t\t<\/div>\n\t\t\t\t<\/div>\n\t\t\t\t\t<\/div>\n\t\t\t\t<\/div>\n\t\t<div class=\"elementor-element elementor-element-684aa58 e-flex e-con-boxed e-con e-parent\" data-id=\"684aa58\" data-element_type=\"container\" data-settings=\"{&quot;background_background&quot;:&quot;classic&quot;}\">\n\t\t\t\t\t<div class=\"e-con-inner\">\n\t\t<div class=\"elementor-element elementor-element-4b8089d e-con-full e-flex e-con e-child\" data-id=\"4b8089d\" data-element_type=\"container\">\n\t\t\t\t<div class=\"elementor-element elementor-element-cbafbf1 elementor-widget elementor-widget-image\" data-id=\"cbafbf1\" data-element_type=\"widget\" data-widget_type=\"image.default\">\n\t\t\t\t<div class=\"elementor-widget-container\">\n\t\t\t\t\t\t\t\t\t\t\t\t\t<img loading=\"lazy\" decoding=\"async\" width=\"528\" height=\"320\" src=\"https:\/\/apfiacare.com\/wp-content\/uploads\/2024\/05\/aleze-ENG.png\" class=\"attachment-full size-full wp-image-1513\" alt=\"\" srcset=\"https:\/\/apfiacare.com\/wp-content\/uploads\/2024\/05\/aleze-ENG.png 528w, https:\/\/apfiacare.com\/wp-content\/uploads\/2024\/05\/aleze-ENG-300x182.png 300w\" sizes=\"(max-width: 528px) 100vw, 528px\" \/>\t\t\t\t\t\t\t\t\t\t\t\t\t<\/div>\n\t\t\t\t<\/div>\n\t\t\t\t<\/div>\n\t\t<div class=\"elementor-element elementor-element-940e296 e-con-full e-flex e-con e-child\" data-id=\"940e296\" data-element_type=\"container\">\n\t\t<div class=\"elementor-element elementor-element-1b1c3ae e-con-full e-flex e-con e-child\" data-id=\"1b1c3ae\" data-element_type=\"container\" data-settings=\"{&quot;background_background&quot;:&quot;classic&quot;}\">\n\t\t\t\t<div class=\"elementor-element elementor-element-a171346 elementor-widget elementor-widget-heading\" data-id=\"a171346\" data-element_type=\"widget\" data-widget_type=\"heading.default\">\n\t\t\t\t<div class=\"elementor-widget-container\">\n\t\t\t<h3 class=\"elementor-heading-title elementor-size-default\">Potrivite pentru:<\/h3>\t\t<\/div>\n\t\t\t\t<\/div>\n\t\t\t\t<div class=\"elementor-element elementor-element-626b865 elementor-widget elementor-widget-text-editor\" data-id=\"626b865\" data-element_type=\"widget\" data-settings=\"{&quot;_animation&quot;:&quot;none&quot;}\" data-widget_type=\"text-editor.default\">\n\t\t\t\t<div class=\"elementor-widget-container\">\n\t\t\t\t\t\t\t<p>\u2022 Schimbat scutecul bebelu\u0219ului;<br \/>\u2022 Acoperit c\u0103ruciorul \u00een exterior pentru a proteja copilul de praf.<\/p>\n\t\t\t\t\t\t<\/div>\n\t\t\t\t<\/div>\n\t\t\t\t<div class=\"elementor-element elementor-element-5e65229 elementor-widget elementor-widget-heading\" data-id=\"5e65229\" data-element_type=\"widget\" data-widget_type=\"heading.default\">\n\t\t\t\t<div class=\"elementor-widget-container\">\n\t\t\t<h3 class=\"elementor-heading-title elementor-size-default\">Material:<\/h3>\t\t<\/div>\n\t\t\t\t<\/div>\n\t\t\t\t<\/div>\n\t\t\t\t<div class=\"elementor-element elementor-element-97c6e25 elementor-widget elementor-widget-text-editor\" data-id=\"97c6e25\" data-element_type=\"widget\" data-settings=\"{&quot;_animation&quot;:&quot;none&quot;}\" data-widget_type=\"text-editor.default\">\n\t\t\t\t<div class=\"elementor-widget-container\">\n\t\t\t\t\t\t\t<p>Material moale, delicat cu pielea.<\/p>\n\t\t\t\t\t\t<\/div>\n\t\t\t\t<\/div>\n\t\t\t\t<div class=\"elementor-element elementor-element-541ee34 elementor-widget elementor-widget-heading\" data-id=\"541ee34\" data-element_type=\"widget\" data-widget_type=\"heading.default\">\n\t\t\t\t<div class=\"elementor-widget-container\">\n\t\t\t<h3 class=\"elementor-heading-title elementor-size-default\">M\u0103rimea:<\/h3>\t\t<\/div>\n\t\t\t\t<\/div>\n\t\t\t\t<div class=\"elementor-element elementor-element-a655ef3 elementor-widget elementor-widget-text-editor\" data-id=\"a655ef3\" data-element_type=\"widget\" data-settings=\"{&quot;_animation&quot;:&quot;none&quot;}\" data-widget_type=\"text-editor.default\">\n\t\t\t\t<div class=\"elementor-widget-container\">\n\t\t\t\t\t\t\t<ul>\n<li>60&#215;40 cm<\/li>\n<\/ul>\n\t\t\t\t\t\t<\/div>\n\t\t\t\t<\/div>\n\t\t\t\t<div class=\"elementor-element elementor-element-23c446b elementor-widget elementor-widget-heading\" data-id=\"23c446b\" data-element_type=\"widget\" data-widget_type=\"heading.default\">\n\t\t\t\t<div class=\"elementor-widget-container\">\n\t\t\t<h3 class=\"elementor-heading-title elementor-size-default\">Cantitate: <\/h3>\t\t<\/div>\n\t\t\t\t<\/div>\n\t\t\t\t<div class=\"elementor-element elementor-element-4a27245 elementor-widget elementor-widget-text-editor\" data-id=\"4a27245\" data-element_type=\"widget\" data-settings=\"{&quot;_animation&quot;:&quot;none&quot;}\" data-widget_type=\"text-editor.default\">\n\t\t\t\t<div class=\"elementor-widget-container\">\n\t\t\t\t\t\t\t<ul>\n<li>10 buc\u0103\u021bi<\/li>\n<li>Produs de unica folosin\u021b\u0103<\/li>\n<\/ul>\n\t\t\t\t\t\t<\/div>\n\t\t\t\t<\/div>\n\t\t\t\t<\/div>\n\t\t\t\t\t<\/div>\n\t\t\t\t<\/div>\n\t\t\t\t<\/div>\n\t\t","protected":false},"excerpt":{"rendered":"<p>Acas\u0103 \/ \u00cengrijire Bebe \/ Aleze de unic\u0103 folosin\u021b\u0103 pentru bebelu\u0219i Apfia Care Aleze de unic\u0103 folosin\u021b\u0103 pentru bebelu\u0219i Apfia Care Alezele Apfia Care au un strat exterior moale \u0219i delicat, care nu irit\u0103 pielea \u0219i sunt ideale pentru a crea un mediu confortabil \u00een diverse situa\u021bii, acas\u0103 sau \u00een c\u0103l\u0103torii. Alezele sunt potrivite pentru [&hellip;]<\/p>\n","protected":false},"author":2,"featured_media":0,"parent":0,"menu_order":0,"comment_status":"closed","ping_status":"closed","template":"","meta":{"footnotes":""},"class_list":["post-3505","page","type-page","status-publish","hentry"],"_links":{"self":[{"href":"https:\/\/apfiacare.com\/ro\/wp-json\/wp\/v2\/pages\/3505","targetHints":{"allow":["GET"]}}],"collection":[{"href":"https:\/\/apfiacare.com\/ro\/wp-json\/wp\/v2\/pages"}],"about":[{"href":"https:\/\/apfiacare.com\/ro\/wp-json\/wp\/v2\/types\/page"}],"author":[{"embeddable":true,"href":"https:\/\/apfiacare.com\/ro\/wp-json\/wp\/v2\/users\/2"}],"replies":[{"embeddable":true,"href":"https:\/\/apfiacare.com\/ro\/wp-json\/wp\/v2\/comments?post=3505"}],"version-history":[{"count":1,"href":"https:\/\/apfiacare.com\/ro\/wp-json\/wp\/v2\/pages\/3505\/revisions"}],"predecessor-version":[{"id":3506,"href":"https:\/\/apfiacare.com\/ro\/wp-json\/wp\/v2\/pages\/3505\/revisions\/3506"}],"wp:attachment":[{"href":"https:\/\/apfiacare.com\/ro\/wp-json\/wp\/v2\/media?parent=3505"}],"curies":[{"name":"wp","href":"https:\/\/api.w.org\/{rel}","templated":true}]}}